{"id":604,"date":"2024-04-04T13:37:54","date_gmt":"2024-04-04T13:37:54","guid":{"rendered":"https:\/\/staging.coral-beach-club.com\/?post_type=product&#038;p=604"},"modified":"2026-04-19T16:55:30","modified_gmt":"2026-04-19T16:55:30","slug":"reservation-de-transats","status":"publish","type":"product","link":"https:\/\/coral-beach-club.com\/fr\/product\/sunbeds-booking\/","title":{"rendered":"R\u00e9servation de transats"},"content":{"rendered":"<p>Tous les bancs solaires ne sont que des <strong>\u00e0 quelques pas de la mer<\/strong> et sont disponibles en lits simples ou doubles sur toutes les parties de notre plage. <strong>Le prix de la r\u00e9servation comprend une serviette fra\u00eeche et une housse de matelas ainsi qu'un parasol.<\/strong> Les transats simples sont id\u00e9aux pour une personne, tandis que les transats doubles accueillent confortablement deux personnes. Les transats VIP sont situ\u00e9s dans la premi\u00e8re rang\u00e9e, tandis que les transats ordinaires occupent les deuxi\u00e8me et troisi\u00e8me rang\u00e9es \u00e0 partir de la mer. Une fois r\u00e9serv\u00e9s, les transats vous sont r\u00e9serv\u00e9s.<strong>\u00a0pendant toute la journ\u00e9e.<\/strong> Veuillez noter que le prix du solarium ne couvre que le <strong data-start=\"590\" data-end=\"694\">la location de transats et ne comprend pas la nourriture ou les boissons.<\/strong><\/p>","protected":false},"excerpt":{"rendered":"<p>Tous les bancs solaires ne sont que des <strong>\u00e0 quelques pas de la mer<\/strong> et sont disponibles en lits simples ou doubles sur toutes les parties de notre plage. <strong>Le prix de la r\u00e9servation comprend une serviette fra\u00eeche et une housse de matelas ainsi qu'un parasol.<\/strong> Les transats simples sont id\u00e9aux pour une personne, tandis que les transats doubles accueillent confortablement deux personnes. Les transats VIP sont situ\u00e9s dans la premi\u00e8re rang\u00e9e, tandis que les transats ordinaires occupent les deuxi\u00e8me et troisi\u00e8me rang\u00e9es \u00e0 partir de la mer. Une fois r\u00e9serv\u00e9s, les transats vous sont r\u00e9serv\u00e9s.<strong> pendant toute la journ\u00e9e. <\/strong>Veuillez noter que le prix du solarium ne couvre que le <strong>la location de transats et ne comprend pas la nourriture ou les boissons.<\/strong><\/p>","protected":false},"featured_media":771,"template":"","meta":{"_uag_custom_page_level_css":"","site-sidebar-layout":"default","site-content-layout":"","ast-site-content-layout":"default","site-content-style":"default","site-sidebar-style":"default","ast-global-header-display":"","ast-banner-title-visibility":"","ast-main-header-display":"","ast-hfb-above-header-display":"","ast-hfb-below-header-display":"","ast-hfb-mobile-header-display":"","site-post-title":"","ast-breadcrumbs-content":"","ast-featured-img":"","footer-sml-layout":"","theme-transparent-header-meta":"default","adv-header-id-meta":"","stick-header-meta":"default","header-above-stick-meta":"","header-main-stick-meta":"","header-below-stick-meta":"","astra-migrate-meta-layouts":"set","ast-page-background-enabled":"default","ast-page-background-meta":{"desktop":{"background-color":"var(--ast-global-color-4)","background-image":"","background-repeat":"repeat","background-position":"center center","background-size":"auto","background-attachment":"scroll","background-type":"","background-media":"","overlay-type":"","overlay-color":"","overlay-opacity":"","overlay-gradient":""},"tablet":{"background-color":"","background-image":"","background-repeat":"repeat","background-position":"center center","background-size":"auto","background-attachment":"scroll","background-type":"","background-media":"","overlay-type":"","overlay-color":"","overlay-opacity":"","overlay-gradient":""},"mobile":{"background-color":"","background-image":"","background-repeat":"repeat","background-position":"center center","background-size":"auto","background-attachment":"scroll","background-type":"","background-media":"","overlay-type":"","overlay-color":"","overlay-opacity":"","overlay-gradient":""}},"ast-content-background-meta":{"desktop":{"background-color":"var(--ast-global-color-5)","background-image":"","background-repeat":"repeat","background-position":"center center","background-size":"auto","background-attachment":"scroll","background-type":"","background-media":"","overlay-type":"","overlay-color":"","overlay-opacity":"","overlay-gradient":""},"tablet":{"background-color":"var(--ast-global-color-5)","background-image":"","background-repeat":"repeat","background-position":"center center","background-size":"auto","background-attachment":"scroll","background-type":"","background-media":"","overlay-type":"","overlay-color":"","overlay-opacity":"","overlay-gradient":""},"mobile":{"background-color":"var(--ast-global-color-5)","background-image":"","background-repeat":"repeat","background-position":"center center","background-size":"auto","background-attachment":"scroll","background-type":"","background-media":"","overlay-type":"","overlay-color":"","overlay-opacity":"","overlay-gradient":""}}},"product_brand":[],"product_cat":[21],"product_tag":[],"class_list":{"0":"post-604","1":"product","2":"type-product","3":"status-publish","4":"has-post-thumbnail","6":"product_cat-bookings","7":"desktop-align-left","8":"tablet-align-left","9":"mobile-align-left","10":"ast-product-gallery-layout-horizontal-slider","11":"ast-magnify-disabled","12":"ast-product-single-variable","13":"ast-product-tabs-layout-horizontal","15":"first","16":"instock","17":"taxable","18":"shipping-taxable","19":"purchasable","20":"product-type-variable"},"yoast_head":"<!-- This site is optimized with the Yoast SEO Premium plugin v22.6 (Yoast SEO v27.0) - https:\/\/yoast.com\/product\/yoast-seo-premium-wordpress\/ -->\n<title>Sunbeds Booking - Coral Beach Club Dubrovnik<\/title>\n<meta name=\"robots\" content=\"index, follow, max-snippet:-1, max-image-preview:large, max-video-preview:-1\" \/>\n<link rel=\"canonical\" href=\"https:\/\/coral-beach-club.com\/fr\/product\/reservation-de-transats\/\" \/>\n<meta property=\"og:locale\" content=\"fr_FR\" \/>\n<meta property=\"og:type\" content=\"article\" \/>\n<meta property=\"og:title\" content=\"Sunbeds Booking\" \/>\n<meta property=\"og:description\" content=\"All sunbeds are just a few steps away from the sea and are available as single or double beds on all parts of our beach. The booking price includes a fresh towel and mattress cover as well as a parasol. Single sunbeds are ideal for one person, while double sunbeds comfortably accommodate two people. VIP sunbeds are located in the first row, while regular sunbeds occupy the second and third rows from the sea. Once booked, sunbeds are reserved for you for the entire day. Please note that the sunbed price covers only the sunbed rental and does not include food or drinks.\" \/>\n<meta property=\"og:url\" content=\"https:\/\/coral-beach-club.com\/fr\/product\/reservation-de-transats\/\" \/>\n<meta property=\"og:site_name\" content=\"Coral Beach Club Dubrovnik\" \/>\n<meta property=\"article:publisher\" content=\"https:\/\/www.facebook.com\/CoralBeachClubDubrovnik\/\" \/>\n<meta property=\"article:modified_time\" content=\"2026-04-19T16:55:30+00:00\" \/>\n<meta property=\"og:image\" content=\"https:\/\/coral-beach-club.com\/wp-content\/uploads\/2024\/04\/dron-5.jpg\" \/>\n\t<meta property=\"og:image:width\" content=\"1280\" \/>\n\t<meta property=\"og:image:height\" content=\"1920\" \/>\n\t<meta property=\"og:image:type\" content=\"image\/jpeg\" \/>\n<meta name=\"twitter:card\" content=\"summary_large_image\" \/>\n<meta name=\"twitter:label1\" content=\"Dur\u00e9e de lecture estim\u00e9e\" \/>\n\t<meta name=\"twitter:data1\" content=\"1 minute\" \/>\n<script type=\"application\/ld+json\" class=\"yoast-schema-graph\">{\"@context\":\"https:\/\/schema.org\",\"@graph\":[{\"@type\":[\"WebPage\",\"ItemPage\"],\"@id\":\"https:\/\/coral-beach-club.com\/product\/sunbeds-booking\/\",\"url\":\"https:\/\/coral-beach-club.com\/product\/sunbeds-booking\/\",\"name\":\"Sunbeds Booking - Coral Beach Club Dubrovnik\",\"isPartOf\":{\"@id\":\"https:\/\/coral-beach-club.com\/#website\"},\"primaryImageOfPage\":{\"@id\":\"https:\/\/coral-beach-club.com\/product\/sunbeds-booking\/#primaryimage\"},\"image\":{\"@id\":\"https:\/\/coral-beach-club.com\/product\/sunbeds-booking\/#primaryimage\"},\"thumbnailUrl\":\"https:\/\/coral-beach-club.com\/wp-content\/uploads\/2024\/04\/dron-5.jpg\",\"datePublished\":\"2024-04-04T13:37:54+00:00\",\"dateModified\":\"2026-04-19T16:55:30+00:00\",\"breadcrumb\":{\"@id\":\"https:\/\/coral-beach-club.com\/product\/sunbeds-booking\/#breadcrumb\"},\"inLanguage\":\"fr-FR\",\"potentialAction\":[{\"@type\":\"ReadAction\",\"target\":[\"https:\/\/coral-beach-club.com\/product\/sunbeds-booking\/\"]}]},{\"@type\":\"ImageObject\",\"inLanguage\":\"fr-FR\",\"@id\":\"https:\/\/coral-beach-club.com\/product\/sunbeds-booking\/#primaryimage\",\"url\":\"https:\/\/coral-beach-club.com\/wp-content\/uploads\/2024\/04\/dron-5.jpg\",\"contentUrl\":\"https:\/\/coral-beach-club.com\/wp-content\/uploads\/2024\/04\/dron-5.jpg\",\"width\":1280,\"height\":1920,\"caption\":\"Sunbeds Bookings\"},{\"@type\":\"BreadcrumbList\",\"@id\":\"https:\/\/coral-beach-club.com\/product\/sunbeds-booking\/#breadcrumb\",\"itemListElement\":[{\"@type\":\"ListItem\",\"position\":1,\"name\":\"Home\",\"item\":\"https:\/\/coral-beach-club.com\/\"},{\"@type\":\"ListItem\",\"position\":2,\"name\":\"Shop\",\"item\":\"https:\/\/coral-beach-club.com\/shop\/\"},{\"@type\":\"ListItem\",\"position\":3,\"name\":\"Sunbeds Booking\"}]},{\"@type\":\"WebSite\",\"@id\":\"https:\/\/coral-beach-club.com\/#website\",\"url\":\"https:\/\/coral-beach-club.com\/\",\"name\":\"Coral Beach Club Dubrovnik\",\"description\":\"--\",\"publisher\":{\"@id\":\"https:\/\/coral-beach-club.com\/#organization\"},\"potentialAction\":[{\"@type\":\"SearchAction\",\"target\":{\"@type\":\"EntryPoint\",\"urlTemplate\":\"https:\/\/coral-beach-club.com\/?s={search_term_string}\"},\"query-input\":{\"@type\":\"PropertyValueSpecification\",\"valueRequired\":true,\"valueName\":\"search_term_string\"}}],\"inLanguage\":\"fr-FR\"},{\"@type\":\"Organization\",\"@id\":\"https:\/\/coral-beach-club.com\/#organization\",\"name\":\"Coral Beach Club Dubrovnik\",\"url\":\"https:\/\/coral-beach-club.com\/\",\"logo\":{\"@type\":\"ImageObject\",\"inLanguage\":\"fr-FR\",\"@id\":\"https:\/\/coral-beach-club.com\/#\/schema\/logo\/image\/\",\"url\":\"https:\/\/coral-beach-club.com\/wp-content\/uploads\/2024\/05\/coral_red_logo_header.png\",\"contentUrl\":\"https:\/\/coral-beach-club.com\/wp-content\/uploads\/2024\/05\/coral_red_logo_header.png\",\"width\":200,\"height\":86,\"caption\":\"Coral Beach Club Dubrovnik\"},\"image\":{\"@id\":\"https:\/\/coral-beach-club.com\/#\/schema\/logo\/image\/\"},\"sameAs\":[\"https:\/\/www.facebook.com\/CoralBeachClubDubrovnik\/\",\"https:\/\/www.instagram.com\/coralbeachclub_croatia\/\",\"https:\/\/soundcloud.com\/user-235858000\",\"https:\/\/www.tripadvisor.de\/Restaurant_Review-g295371-d8757725-Reviews-Coral_Beach_Club-Dubrovnik_Dubrovnik_Neretva_County_Dalmatia.html\"],\"description\":\"Coral Beach Club Dubrovnik\",\"email\":\"club@coral-beach-club.com\",\"telephone\":\"+385 99 323 9430\",\"legalName\":\"THE Coral ltd.\",\"foundingDate\":\"2015-01-01\",\"vatID\":\"HR86883013144\",\"taxID\":\"86883013144\",\"numberOfEmployees\":{\"@type\":\"QuantitativeValue\",\"minValue\":\"51\",\"maxValue\":\"200\"}}]}<\/script>\n<!-- \/ Yoast SEO Premium plugin. -->","yoast_head_json":{"title":"R\u00e9servation de transats - Coral Beach Club Dubrovnik","robots":{"index":"index","follow":"follow","max-snippet":"max-snippet:-1","max-image-preview":"max-image-preview:large","max-video-preview":"max-video-preview:-1"},"canonical":"https:\/\/coral-beach-club.com\/fr\/product\/reservation-de-transats\/","og_locale":"fr_FR","og_type":"article","og_title":"Sunbeds Booking","og_description":"All sunbeds are just a few steps away from the sea and are available as single or double beds on all parts of our beach. The booking price includes a fresh towel and mattress cover as well as a parasol. Single sunbeds are ideal for one person, while double sunbeds comfortably accommodate two people. VIP sunbeds are located in the first row, while regular sunbeds occupy the second and third rows from the sea. Once booked, sunbeds are reserved for you for the entire day. Please note that the sunbed price covers only the sunbed rental and does not include food or drinks.","og_url":"https:\/\/coral-beach-club.com\/fr\/product\/reservation-de-transats\/","og_site_name":"Coral Beach Club Dubrovnik","article_publisher":"https:\/\/www.facebook.com\/CoralBeachClubDubrovnik\/","article_modified_time":"2026-04-19T16:55:30+00:00","og_image":[{"width":1280,"height":1920,"url":"https:\/\/coral-beach-club.com\/wp-content\/uploads\/2024\/04\/dron-5.jpg","type":"image\/jpeg"}],"twitter_card":"summary_large_image","twitter_misc":{"Dur\u00e9e de lecture estim\u00e9e":"1 minute"},"schema":{"@context":"https:\/\/schema.org","@graph":[{"@type":["WebPage","ItemPage"],"@id":"https:\/\/coral-beach-club.com\/product\/sunbeds-booking\/","url":"https:\/\/coral-beach-club.com\/product\/sunbeds-booking\/","name":"R\u00e9servation de transats - Coral Beach Club Dubrovnik","isPartOf":{"@id":"https:\/\/coral-beach-club.com\/#website"},"primaryImageOfPage":{"@id":"https:\/\/coral-beach-club.com\/product\/sunbeds-booking\/#primaryimage"},"image":{"@id":"https:\/\/coral-beach-club.com\/product\/sunbeds-booking\/#primaryimage"},"thumbnailUrl":"https:\/\/coral-beach-club.com\/wp-content\/uploads\/2024\/04\/dron-5.jpg","datePublished":"2024-04-04T13:37:54+00:00","dateModified":"2026-04-19T16:55:30+00:00","breadcrumb":{"@id":"https:\/\/coral-beach-club.com\/product\/sunbeds-booking\/#breadcrumb"},"inLanguage":"fr-FR","potentialAction":[{"@type":"ReadAction","target":["https:\/\/coral-beach-club.com\/product\/sunbeds-booking\/"]}]},{"@type":"ImageObject","inLanguage":"fr-FR","@id":"https:\/\/coral-beach-club.com\/product\/sunbeds-booking\/#primaryimage","url":"https:\/\/coral-beach-club.com\/wp-content\/uploads\/2024\/04\/dron-5.jpg","contentUrl":"https:\/\/coral-beach-club.com\/wp-content\/uploads\/2024\/04\/dron-5.jpg","width":1280,"height":1920,"caption":"Sunbeds Bookings"},{"@type":"BreadcrumbList","@id":"https:\/\/coral-beach-club.com\/product\/sunbeds-booking\/#breadcrumb","itemListElement":[{"@type":"ListItem","position":1,"name":"Home","item":"https:\/\/coral-beach-club.com\/"},{"@type":"ListItem","position":2,"name":"Shop","item":"https:\/\/coral-beach-club.com\/shop\/"},{"@type":"ListItem","position":3,"name":"Sunbeds Booking"}]},{"@type":"WebSite","@id":"https:\/\/coral-beach-club.com\/#website","url":"https:\/\/coral-beach-club.com\/","name":"Coral Beach Club Dubrovnik","description":"--","publisher":{"@id":"https:\/\/coral-beach-club.com\/#organization"},"potentialAction":[{"@type":"SearchAction","target":{"@type":"EntryPoint","urlTemplate":"https:\/\/coral-beach-club.com\/?s={search_term_string}"},"query-input":{"@type":"PropertyValueSpecification","valueRequired":true,"valueName":"search_term_string"}}],"inLanguage":"fr-FR"},{"@type":"Organization","@id":"https:\/\/coral-beach-club.com\/#organization","name":"Coral Beach Club Dubrovnik","url":"https:\/\/coral-beach-club.com\/","logo":{"@type":"ImageObject","inLanguage":"fr-FR","@id":"https:\/\/coral-beach-club.com\/#\/schema\/logo\/image\/","url":"https:\/\/coral-beach-club.com\/wp-content\/uploads\/2024\/05\/coral_red_logo_header.png","contentUrl":"https:\/\/coral-beach-club.com\/wp-content\/uploads\/2024\/05\/coral_red_logo_header.png","width":200,"height":86,"caption":"Coral Beach Club Dubrovnik"},"image":{"@id":"https:\/\/coral-beach-club.com\/#\/schema\/logo\/image\/"},"sameAs":["https:\/\/www.facebook.com\/CoralBeachClubDubrovnik\/","https:\/\/www.instagram.com\/coralbeachclub_croatia\/","https:\/\/soundcloud.com\/user-235858000","https:\/\/www.tripadvisor.de\/Restaurant_Review-g295371-d8757725-Reviews-Coral_Beach_Club-Dubrovnik_Dubrovnik_Neretva_County_Dalmatia.html"],"description":"Coral Beach Club Dubrovnik","email":"club@coral-beach-club.com","telephone":"+385 99 323 9430","legalName":"THE Coral ltd.","foundingDate":"2015-01-01","vatID":"HR86883013144","taxID":"86883013144","numberOfEmployees":{"@type":"QuantitativeValue","minValue":"51","maxValue":"200"}}]}},"spectra_custom_meta":{"_sku":["100"],"total_sales":["10165"],"_tax_status":["taxable"],"_tax_class":[""],"_manage_stock":["no"],"_backorders":["no"],"_sold_individually":["no"],"_virtual":["no"],"_downloadable":["no"],"_download_limit":["0"],"_download_expiry":["0"],"_stock":[null],"_stock_status":["instock"],"_wc_average_rating":["0"],"_wc_review_count":["0"],"_product_version":["10.5.2"],"_wp_old_slug":["import-placeholder-for-2005"],"_thumbnail_id":["771"],"_product_attributes":["a:1:{s:4:\"type\";a:6:{s:4:\"name\";s:4:\"Type\";s:5:\"value\";s:96:\"Single sunbed | Double sunbed | VIP Single Sunbed | VIP Double Sunbed | VIP Lounge Double Sunbed\";s:8:\"position\";i:0;s:10:\"is_visible\";i:0;s:12:\"is_variation\";i:1;s:11:\"is_taxonomy\";i:0;}}"],"_wpml_word_count":["{\"total\":42,\"to_translate\":{\"hr\":42}}"],"_wpml_media_featured":["1"],"_wpml_media_duplicate":["1"],"_wpml_location_migration_done":["1"],"_yoast_wpseo_primary_product_cat":[""],"_yoast_wpseo_content_score":["90"],"slide_template":[""],"rs_page_bg_color":[""],"_wcml_custom_prices_status":["1"],"_sale_price_dates_to_HRK":[""],"_sale_price_dates_from_HRK":[""],"_sale_price_HRK":["500"],"_regular_price_HRK":["750"],"_wcml_schedule_HRK":["0"],"_price_HRK":["500"],"_wcopc":[""],"_booking_min":[""],"_booking_max":[""],"_number_of_dates":["global"],"_first_available_date":[""],"_bookable":["yes"],"_booking_duration":[""],"_yoast_wpseo_estimated-reading-time-minutes":["1"],"_wc_booking_apply_adjacent_buffer":[""],"_wc_booking_block_cost":["0"],"_wc_booking_buffer_period":["0"],"_wc_booking_calendar_display_mode":["always_visible"],"_wc_booking_cancel_limit_unit":["month"],"_wc_booking_cancel_limit":["1"],"_wc_booking_check_availability_against":[""],"_wc_booking_cost":["0"],"_wc_booking_default_date_availability":["non-available"],"_wc_booking_duration_type":["customer"],"_wc_booking_duration_unit":["day"],"_wc_booking_duration":["1"],"_wc_booking_enable_range_picker":[""],"_wc_booking_first_block_time":["09:00"],"_wc_booking_has_person_types":[""],"_wc_booking_has_persons":["1"],"_wc_booking_has_resources":["1"],"_wc_booking_has_restricted_days":[""],"_wc_booking_max_date_unit":["month"],"_wc_booking_max_date":["6"],"_wc_booking_max_duration":["1"],"_wc_booking_max_persons_group":["100"],"_wc_booking_min_date_unit":["day"],"_wc_booking_min_date":["0"],"_wc_booking_min_duration":["1"],"_wc_booking_min_persons_group":["1"],"_wc_booking_person_cost_multiplier":["1"],"_wc_booking_person_qty_multiplier":["1"],"_wc_booking_qty":["0"],"_wc_booking_requires_confirmation":[""],"_wc_booking_resources_assignment":["customer"],"_wc_booking_restricted_days":[""],"_wc_booking_user_can_cancel":[""],"_wc_display_cost":[""],"wc_booking_resource_label":[""],"fb_product_group_id":["5252630971450413"],"_wc_facebook_commerce_enabled":["no"],"_yoast_wpseo_wordproof_timestamp":[""],"_alg_wc_cpp_currency":["HRK"],"_yoast_wpseo_primary_fb_product_set":[""],"fb_product_item_id":[""],"_wc_facebook_sync_enabled":["yes"],"fb_visibility":["no"],"fb_product_description":[""],"_wc_facebook_product_image_source":[""],"fb_product_image":[""],"fb_product_price":[""],"_wapf_price_label":[""],"_wapf_price_display":[""],"_edit_lock":["1774465670:1"],"_edit_last":["1"],"site-sidebar-layout":["default"],"ast-site-content-layout":["default"],"site-content-style":["default"],"site-sidebar-style":["default"],"theme-transparent-header-meta":["default"],"stick-header-meta":["default"],"_product_image_gallery":["2975,2976,2977,2978,2979,2980"],"woocr_orderby":["none"],"woocr_order":["asc"],"_yoast_indexnow_last_ping":["1774465664"],"_yoast_wpseo_focuskeywords":["[]"],"_yoast_wpseo_keywordsynonyms":["[\"\"]"],"woocr_ids":["a:3:{i:0;s:4:\"3901\";i:1;s:3:\"680\";i:2;s:3:\"676\";}"],"_wceb_manage_stock":["no"],"_wc_gla_visibility":["sync-and-show"],"_wc_gla_synced_at":["1776617735"],"_wc_gla_sync_status":["synced"],"_wc_gla_google_ids":["a:1:{s:2:\"DZ\";s:20:\"online:en:DZ:gla_696\";}"],"_wceb_product_shared_availability":["a:0:{}"],"_last_available_date":[""],"_yoast_wpseo_primary_product_brand":[""],"astra-migrate-meta-layouts":["set"],"_wc_gla_notification_status":["updated"],"_wc_gla_mc_status":["approved"],"_price":["65","85","110","135"],"_uag_page_assets":["a:9:{s:3:\"css\";s:0:\"\";s:2:\"js\";s:0:\"\";s:18:\"current_block_list\";a:7:{i:0;s:11:\"core\/search\";i:1;s:10:\"core\/group\";i:2;s:12:\"core\/heading\";i:3;s:17:\"core\/latest-posts\";i:4;s:20:\"core\/latest-comments\";i:5;s:13:\"core\/archives\";i:6;s:15:\"core\/categories\";}s:8:\"uag_flag\";b:0;s:11:\"uag_version\";s:10:\"1776619182\";s:6:\"gfonts\";a:0:{}s:10:\"gfonts_url\";s:0:\"\";s:12:\"gfonts_files\";a:0:{}s:14:\"uag_faq_layout\";b:0;}"]},"uagb_featured_image_src":{"full":["https:\/\/coral-beach-club.com\/wp-content\/uploads\/2024\/04\/dron-5.jpg",1280,1920,false],"thumbnail":["https:\/\/coral-beach-club.com\/wp-content\/uploads\/2024\/04\/dron-5-150x150.jpg",150,150,true],"medium":["https:\/\/coral-beach-club.com\/wp-content\/uploads\/2024\/04\/dron-5-200x300.jpg",200,300,true],"medium_large":["https:\/\/coral-beach-club.com\/wp-content\/uploads\/2024\/04\/dron-5-768x1152.jpg",768,1152,true],"large":["https:\/\/coral-beach-club.com\/wp-content\/uploads\/2024\/04\/dron-5-683x1024.jpg",683,1024,true],"1536x1536":["https:\/\/coral-beach-club.com\/wp-content\/uploads\/2024\/04\/dron-5-1024x1536.jpg",1024,1536,true],"2048x2048":["https:\/\/coral-beach-club.com\/wp-content\/uploads\/2024\/04\/dron-5.jpg",1280,1920,false],"trp-custom-language-flag":["https:\/\/coral-beach-club.com\/wp-content\/uploads\/2024\/04\/dron-5.jpg",8,12,false],"gform-image-choice-sm":["https:\/\/coral-beach-club.com\/wp-content\/uploads\/2024\/04\/dron-5.jpg",200,300,false],"gform-image-choice-md":["https:\/\/coral-beach-club.com\/wp-content\/uploads\/2024\/04\/dron-5.jpg",267,400,false],"gform-image-choice-lg":["https:\/\/coral-beach-club.com\/wp-content\/uploads\/2024\/04\/dron-5.jpg",400,600,false],"menu-24x24":["https:\/\/coral-beach-club.com\/wp-content\/uploads\/2024\/04\/dron-5.jpg",16,24,false],"menu-36x36":["https:\/\/coral-beach-club.com\/wp-content\/uploads\/2024\/04\/dron-5.jpg",24,36,false],"menu-48x48":["https:\/\/coral-beach-club.com\/wp-content\/uploads\/2024\/04\/dron-5.jpg",32,48,false],"woocommerce_thumbnail":["https:\/\/coral-beach-club.com\/wp-content\/uploads\/2024\/04\/dron-5-300x300.jpg",300,300,true],"woocommerce_single":["https:\/\/coral-beach-club.com\/wp-content\/uploads\/2024\/04\/dron-5-600x900.jpg",600,900,true],"woocommerce_gallery_thumbnail":["https:\/\/coral-beach-club.com\/wp-content\/uploads\/2024\/04\/dron-5-100x100.jpg",100,100,true]},"uagb_author_info":{"display_name":"admin","author_link":"https:\/\/coral-beach-club.com\/fr\/author\/"},"uagb_comment_info":0,"uagb_excerpt":"All sunbeds are just a few steps away from the sea and are available as single or double beds on all parts of our beach. The booking price includes a fresh towel and mattress cover as well as a parasol. Single sunbeds are ideal for one person, while double sunbeds comfortably accommodate two people. VIP\u2026","_links":{"self":[{"href":"https:\/\/coral-beach-club.com\/fr\/wp-json\/wp\/v2\/product\/604","targetHints":{"allow":["GET"]}}],"collection":[{"href":"https:\/\/coral-beach-club.com\/fr\/wp-json\/wp\/v2\/product"}],"about":[{"href":"https:\/\/coral-beach-club.com\/fr\/wp-json\/wp\/v2\/types\/product"}],"wp:featuredmedia":[{"embeddable":true,"href":"https:\/\/coral-beach-club.com\/fr\/wp-json\/wp\/v2\/media\/771"}],"wp:attachment":[{"href":"https:\/\/coral-beach-club.com\/fr\/wp-json\/wp\/v2\/media?parent=604"}],"wp:term":[{"taxonomy":"product_brand","embeddable":true,"href":"https:\/\/coral-beach-club.com\/fr\/wp-json\/wp\/v2\/product_brand?post=604"},{"taxonomy":"product_cat","embeddable":true,"href":"https:\/\/coral-beach-club.com\/fr\/wp-json\/wp\/v2\/product_cat?post=604"},{"taxonomy":"product_tag","embeddable":true,"href":"https:\/\/coral-beach-club.com\/fr\/wp-json\/wp\/v2\/product_tag?post=604"}],"curies":[{"name":"wp","href":"https:\/\/api.w.org\/{rel}","templated":true}]}}