{"id":1119,"date":"2024-04-16T09:39:23","date_gmt":"2024-04-16T09:39:23","guid":{"rendered":"https:\/\/staging.coral-beach-club.com\/?post_type=product&#038;p=1119"},"modified":"2026-02-23T14:35:04","modified_gmt":"2026-02-23T14:35:04","slug":"salon-sept","status":"publish","type":"product","link":"https:\/\/coral-beach-club.com\/fr\/product\/lounge-seven\/","title":{"rendered":"Salon SEPT - OASIS VERT"},"content":{"rendered":"","protected":false},"excerpt":{"rendered":"<p>D\u00e9tendez-vous et impr\u00e9gnez-vous de l'atmosph\u00e8re d\u00e9contract\u00e9e de Coral Beach, nich\u00e9e dans une oasis verdoyante entour\u00e9e de palmiers qui se balancent, une retraite paisible offrant une vue imprenable.<br \/>\nNotre plage offre un cadre id\u00e9al pour profiter du soleil et se d\u00e9tendre, tandis que notre restaurant de bord de mer est commod\u00e9ment situ\u00e9 \u00e0 quelques pas, garantissant une exp\u00e9rience agr\u00e9able et sans tracas lors de votre visite.<\/p>\n<p>Le salon de l'Oasis verte 7 peut accueillir confortablement <strong>jusqu'\u00e0 7 personnes.<\/strong> Veuillez noter que le montant que vous payez d'avance pour Lounge <strong>la r\u00e9servation est simplement une d\u00e9pense minimale<\/strong>que vous pouvez utiliser pour acheter de la nourriture et des boissons pendant que vous profitez de votre temps dans le salon priv\u00e9.<\/p>\n<p>Nous vous recommandons vivement de r\u00e9server un transat suppl\u00e9mentaire pour \u00eatre encore plus pr\u00e8s de la mer et profiter d'un bain de soleil d\u00e9tendu, en plus du salon qui est couvert.<\/p>","protected":false},"featured_media":1470,"template":"","meta":{"_uag_custom_page_level_css":"","site-sidebar-layout":"default","site-content-layout":"","ast-site-content-layout":"default","site-content-style":"default","site-sidebar-style":"default","ast-global-header-display":"","ast-banner-title-visibility":"","ast-main-header-display":"","ast-hfb-above-header-display":"","ast-hfb-below-header-display":"","ast-hfb-mobile-header-display":"","site-post-title":"","ast-breadcrumbs-content":"","ast-featured-img":"","footer-sml-layout":"","theme-transparent-header-meta":"default","adv-header-id-meta":"","stick-header-meta":"default","header-above-stick-meta":"","header-main-stick-meta":"","header-below-stick-meta":"","astra-migrate-meta-layouts":"set","ast-page-background-enabled":"default","ast-page-background-meta":{"desktop":{"background-color":"var(--ast-global-color-4)","background-image":"","background-repeat":"repeat","background-position":"center center","background-size":"auto","background-attachment":"scroll","background-type":"","background-media":"","overlay-type":"","overlay-color":"","overlay-opacity":"","overlay-gradient":""},"tablet":{"background-color":"","background-image":"","background-repeat":"repeat","background-position":"center center","background-size":"auto","background-attachment":"scroll","background-type":"","background-media":"","overlay-type":"","overlay-color":"","overlay-opacity":"","overlay-gradient":""},"mobile":{"background-color":"","background-image":"","background-repeat":"repeat","background-position":"center center","background-size":"auto","background-attachment":"scroll","background-type":"","background-media":"","overlay-type":"","overlay-color":"","overlay-opacity":"","overlay-gradient":""}},"ast-content-background-meta":{"desktop":{"background-color":"var(--ast-global-color-5)","background-image":"","background-repeat":"repeat","background-position":"center center","background-size":"auto","background-attachment":"scroll","background-type":"","background-media":"","overlay-type":"","overlay-color":"","overlay-opacity":"","overlay-gradient":""},"tablet":{"background-color":"var(--ast-global-color-5)","background-image":"","background-repeat":"repeat","background-position":"center center","background-size":"auto","background-attachment":"scroll","background-type":"","background-media":"","overlay-type":"","overlay-color":"","overlay-opacity":"","overlay-gradient":""},"mobile":{"background-color":"var(--ast-global-color-5)","background-image":"","background-repeat":"repeat","background-position":"center center","background-size":"auto","background-attachment":"scroll","background-type":"","background-media":"","overlay-type":"","overlay-color":"","overlay-opacity":"","overlay-gradient":""}}},"product_brand":[],"product_cat":[20],"product_tag":[],"class_list":{"0":"post-1119","1":"product","2":"type-product","3":"status-publish","4":"has-post-thumbnail","6":"product_cat-products","7":"desktop-align-left","8":"tablet-align-left","9":"mobile-align-left","10":"ast-product-gallery-layout-horizontal-slider","11":"ast-magnify-disabled","12":"ast-product-single-variable","13":"ast-product-tabs-layout-horizontal","15":"first","16":"instock","17":"taxable","18":"shipping-taxable","19":"purchasable","20":"product-type-variable"},"yoast_head":"<!-- This site is optimized with the Yoast SEO Premium plugin v22.6 (Yoast SEO v27.0) - https:\/\/yoast.com\/product\/yoast-seo-premium-wordpress\/ -->\n<title>Lounge SEVEN - GREEN OASIS - Coral Beach Club Dubrovnik<\/title>\n<meta name=\"robots\" content=\"index, follow, max-snippet:-1, max-image-preview:large, max-video-preview:-1\" \/>\n<link rel=\"canonical\" href=\"https:\/\/coral-beach-club.com\/fr\/product\/salon-sept\/\" \/>\n<meta property=\"og:locale\" content=\"fr_FR\" \/>\n<meta property=\"og:type\" content=\"article\" \/>\n<meta property=\"og:title\" content=\"Lounge SEVEN - GREEN OASIS\" \/>\n<meta property=\"og:description\" content=\"Relax and soak up the laid-back atmosphere of Coral Beach, nestled in a lush green oasis surrounded by swaying palm trees\u2014a peaceful retreat offering a stunning view. Our beach offers the ideal setting for soaking up the sun and unwinding, while our seaside restaurant is conveniently located just a few steps away, ensuring a delightful and hassle-free experience during your visit.  The Green Oasis Lounge 7 comfortably accommodates up to 7 people. Please note that the amount you pay upfront for Lounge reservation is simply a minimum spend, which you can use towards food and drinks while you enjoy your time in the private lounge.  We also highly recommend booking an additional sunbed to be even closer to the sea and enjoy some relaxed sunbathing, in addition to the lounge that is covered.\" \/>\n<meta property=\"og:url\" content=\"https:\/\/coral-beach-club.com\/fr\/product\/salon-sept\/\" \/>\n<meta property=\"og:site_name\" content=\"Coral Beach Club Dubrovnik\" \/>\n<meta property=\"article:publisher\" content=\"https:\/\/www.facebook.com\/CoralBeachClubDubrovnik\/\" \/>\n<meta property=\"article:modified_time\" content=\"2026-02-23T14:35:04+00:00\" \/>\n<meta property=\"og:image\" content=\"https:\/\/coral-beach-club.com\/wp-content\/uploads\/2024\/04\/LOUNGE-7-SLIKA-2-1.jpg\" \/>\n\t<meta property=\"og:image:width\" content=\"1024\" \/>\n\t<meta property=\"og:image:height\" content=\"1280\" \/>\n\t<meta property=\"og:image:type\" content=\"image\/jpeg\" \/>\n<meta name=\"twitter:card\" content=\"summary_large_image\" \/>\n<meta name=\"twitter:label1\" content=\"Dur\u00e9e de lecture estim\u00e9e\" \/>\n\t<meta name=\"twitter:data1\" content=\"1 minute\" \/>\n<script type=\"application\/ld+json\" class=\"yoast-schema-graph\">{\"@context\":\"https:\/\/schema.org\",\"@graph\":[{\"@type\":[\"WebPage\",\"ItemPage\"],\"@id\":\"https:\/\/coral-beach-club.com\/product\/lounge-seven\/\",\"url\":\"https:\/\/coral-beach-club.com\/product\/lounge-seven\/\",\"name\":\"Lounge SEVEN - GREEN OASIS - Coral Beach Club Dubrovnik\",\"isPartOf\":{\"@id\":\"https:\/\/coral-beach-club.com\/#website\"},\"primaryImageOfPage\":{\"@id\":\"https:\/\/coral-beach-club.com\/product\/lounge-seven\/#primaryimage\"},\"image\":{\"@id\":\"https:\/\/coral-beach-club.com\/product\/lounge-seven\/#primaryimage\"},\"thumbnailUrl\":\"https:\/\/coral-beach-club.com\/wp-content\/uploads\/2024\/04\/LOUNGE-7-SLIKA-2-1.jpg\",\"datePublished\":\"2024-04-16T09:39:23+00:00\",\"dateModified\":\"2026-02-23T14:35:04+00:00\",\"breadcrumb\":{\"@id\":\"https:\/\/coral-beach-club.com\/product\/lounge-seven\/#breadcrumb\"},\"inLanguage\":\"fr-FR\",\"potentialAction\":[{\"@type\":\"ReadAction\",\"target\":[\"https:\/\/coral-beach-club.com\/product\/lounge-seven\/\"]}]},{\"@type\":\"ImageObject\",\"inLanguage\":\"fr-FR\",\"@id\":\"https:\/\/coral-beach-club.com\/product\/lounge-seven\/#primaryimage\",\"url\":\"https:\/\/coral-beach-club.com\/wp-content\/uploads\/2024\/04\/LOUNGE-7-SLIKA-2-1.jpg\",\"contentUrl\":\"https:\/\/coral-beach-club.com\/wp-content\/uploads\/2024\/04\/LOUNGE-7-SLIKA-2-1.jpg\",\"width\":1024,\"height\":1280,\"caption\":\"LOUNGE 7\"},{\"@type\":\"BreadcrumbList\",\"@id\":\"https:\/\/coral-beach-club.com\/product\/lounge-seven\/#breadcrumb\",\"itemListElement\":[{\"@type\":\"ListItem\",\"position\":1,\"name\":\"Home\",\"item\":\"https:\/\/coral-beach-club.com\/\"},{\"@type\":\"ListItem\",\"position\":2,\"name\":\"Shop\",\"item\":\"https:\/\/coral-beach-club.com\/shop\/\"},{\"@type\":\"ListItem\",\"position\":3,\"name\":\"Lounge SEVEN &#8211; GREEN OASIS\"}]},{\"@type\":\"WebSite\",\"@id\":\"https:\/\/coral-beach-club.com\/#website\",\"url\":\"https:\/\/coral-beach-club.com\/\",\"name\":\"Coral Beach Club Dubrovnik\",\"description\":\"--\",\"publisher\":{\"@id\":\"https:\/\/coral-beach-club.com\/#organization\"},\"potentialAction\":[{\"@type\":\"SearchAction\",\"target\":{\"@type\":\"EntryPoint\",\"urlTemplate\":\"https:\/\/coral-beach-club.com\/?s={search_term_string}\"},\"query-input\":{\"@type\":\"PropertyValueSpecification\",\"valueRequired\":true,\"valueName\":\"search_term_string\"}}],\"inLanguage\":\"fr-FR\"},{\"@type\":\"Organization\",\"@id\":\"https:\/\/coral-beach-club.com\/#organization\",\"name\":\"Coral Beach Club Dubrovnik\",\"url\":\"https:\/\/coral-beach-club.com\/\",\"logo\":{\"@type\":\"ImageObject\",\"inLanguage\":\"fr-FR\",\"@id\":\"https:\/\/coral-beach-club.com\/#\/schema\/logo\/image\/\",\"url\":\"https:\/\/coral-beach-club.com\/wp-content\/uploads\/2024\/05\/coral_red_logo_header.png\",\"contentUrl\":\"https:\/\/coral-beach-club.com\/wp-content\/uploads\/2024\/05\/coral_red_logo_header.png\",\"width\":200,\"height\":86,\"caption\":\"Coral Beach Club Dubrovnik\"},\"image\":{\"@id\":\"https:\/\/coral-beach-club.com\/#\/schema\/logo\/image\/\"},\"sameAs\":[\"https:\/\/www.facebook.com\/CoralBeachClubDubrovnik\/\",\"https:\/\/www.instagram.com\/coralbeachclub_croatia\/\",\"https:\/\/soundcloud.com\/user-235858000\",\"https:\/\/www.tripadvisor.de\/Restaurant_Review-g295371-d8757725-Reviews-Coral_Beach_Club-Dubrovnik_Dubrovnik_Neretva_County_Dalmatia.html\"],\"description\":\"Coral Beach Club Dubrovnik\",\"email\":\"club@coral-beach-club.com\",\"telephone\":\"+385 99 323 9430\",\"legalName\":\"THE Coral ltd.\",\"foundingDate\":\"2015-01-01\",\"vatID\":\"HR86883013144\",\"taxID\":\"86883013144\",\"numberOfEmployees\":{\"@type\":\"QuantitativeValue\",\"minValue\":\"51\",\"maxValue\":\"200\"}}]}<\/script>\n<!-- \/ Yoast SEO Premium plugin. -->","yoast_head_json":{"title":"Salon SEVEN - GREEN OASIS - Coral Beach Club Dubrovnik","robots":{"index":"index","follow":"follow","max-snippet":"max-snippet:-1","max-image-preview":"max-image-preview:large","max-video-preview":"max-video-preview:-1"},"canonical":"https:\/\/coral-beach-club.com\/fr\/product\/salon-sept\/","og_locale":"fr_FR","og_type":"article","og_title":"Lounge SEVEN - GREEN OASIS","og_description":"Relax and soak up the laid-back atmosphere of Coral Beach, nestled in a lush green oasis surrounded by swaying palm trees\u2014a peaceful retreat offering a stunning view. Our beach offers the ideal setting for soaking up the sun and unwinding, while our seaside restaurant is conveniently located just a few steps away, ensuring a delightful and hassle-free experience during your visit.  The Green Oasis Lounge 7 comfortably accommodates up to 7 people. Please note that the amount you pay upfront for Lounge reservation is simply a minimum spend, which you can use towards food and drinks while you enjoy your time in the private lounge.  We also highly recommend booking an additional sunbed to be even closer to the sea and enjoy some relaxed sunbathing, in addition to the lounge that is covered.","og_url":"https:\/\/coral-beach-club.com\/fr\/product\/salon-sept\/","og_site_name":"Coral Beach Club Dubrovnik","article_publisher":"https:\/\/www.facebook.com\/CoralBeachClubDubrovnik\/","article_modified_time":"2026-02-23T14:35:04+00:00","og_image":[{"width":1024,"height":1280,"url":"https:\/\/coral-beach-club.com\/wp-content\/uploads\/2024\/04\/LOUNGE-7-SLIKA-2-1.jpg","type":"image\/jpeg"}],"twitter_card":"summary_large_image","twitter_misc":{"Dur\u00e9e de lecture estim\u00e9e":"1 minute"},"schema":{"@context":"https:\/\/schema.org","@graph":[{"@type":["WebPage","ItemPage"],"@id":"https:\/\/coral-beach-club.com\/product\/lounge-seven\/","url":"https:\/\/coral-beach-club.com\/product\/lounge-seven\/","name":"Salon SEVEN - GREEN OASIS - Coral Beach Club Dubrovnik","isPartOf":{"@id":"https:\/\/coral-beach-club.com\/#website"},"primaryImageOfPage":{"@id":"https:\/\/coral-beach-club.com\/product\/lounge-seven\/#primaryimage"},"image":{"@id":"https:\/\/coral-beach-club.com\/product\/lounge-seven\/#primaryimage"},"thumbnailUrl":"https:\/\/coral-beach-club.com\/wp-content\/uploads\/2024\/04\/LOUNGE-7-SLIKA-2-1.jpg","datePublished":"2024-04-16T09:39:23+00:00","dateModified":"2026-02-23T14:35:04+00:00","breadcrumb":{"@id":"https:\/\/coral-beach-club.com\/product\/lounge-seven\/#breadcrumb"},"inLanguage":"fr-FR","potentialAction":[{"@type":"ReadAction","target":["https:\/\/coral-beach-club.com\/product\/lounge-seven\/"]}]},{"@type":"ImageObject","inLanguage":"fr-FR","@id":"https:\/\/coral-beach-club.com\/product\/lounge-seven\/#primaryimage","url":"https:\/\/coral-beach-club.com\/wp-content\/uploads\/2024\/04\/LOUNGE-7-SLIKA-2-1.jpg","contentUrl":"https:\/\/coral-beach-club.com\/wp-content\/uploads\/2024\/04\/LOUNGE-7-SLIKA-2-1.jpg","width":1024,"height":1280,"caption":"LOUNGE 7"},{"@type":"BreadcrumbList","@id":"https:\/\/coral-beach-club.com\/product\/lounge-seven\/#breadcrumb","itemListElement":[{"@type":"ListItem","position":1,"name":"Home","item":"https:\/\/coral-beach-club.com\/"},{"@type":"ListItem","position":2,"name":"Shop","item":"https:\/\/coral-beach-club.com\/shop\/"},{"@type":"ListItem","position":3,"name":"Lounge SEVEN &#8211; GREEN OASIS"}]},{"@type":"WebSite","@id":"https:\/\/coral-beach-club.com\/#website","url":"https:\/\/coral-beach-club.com\/","name":"Coral Beach Club Dubrovnik","description":"--","publisher":{"@id":"https:\/\/coral-beach-club.com\/#organization"},"potentialAction":[{"@type":"SearchAction","target":{"@type":"EntryPoint","urlTemplate":"https:\/\/coral-beach-club.com\/?s={search_term_string}"},"query-input":{"@type":"PropertyValueSpecification","valueRequired":true,"valueName":"search_term_string"}}],"inLanguage":"fr-FR"},{"@type":"Organization","@id":"https:\/\/coral-beach-club.com\/#organization","name":"Coral Beach Club Dubrovnik","url":"https:\/\/coral-beach-club.com\/","logo":{"@type":"ImageObject","inLanguage":"fr-FR","@id":"https:\/\/coral-beach-club.com\/#\/schema\/logo\/image\/","url":"https:\/\/coral-beach-club.com\/wp-content\/uploads\/2024\/05\/coral_red_logo_header.png","contentUrl":"https:\/\/coral-beach-club.com\/wp-content\/uploads\/2024\/05\/coral_red_logo_header.png","width":200,"height":86,"caption":"Coral Beach Club Dubrovnik"},"image":{"@id":"https:\/\/coral-beach-club.com\/#\/schema\/logo\/image\/"},"sameAs":["https:\/\/www.facebook.com\/CoralBeachClubDubrovnik\/","https:\/\/www.instagram.com\/coralbeachclub_croatia\/","https:\/\/soundcloud.com\/user-235858000","https:\/\/www.tripadvisor.de\/Restaurant_Review-g295371-d8757725-Reviews-Coral_Beach_Club-Dubrovnik_Dubrovnik_Neretva_County_Dalmatia.html"],"description":"Coral Beach Club Dubrovnik","email":"club@coral-beach-club.com","telephone":"+385 99 323 9430","legalName":"THE Coral ltd.","foundingDate":"2015-01-01","vatID":"HR86883013144","taxID":"86883013144","numberOfEmployees":{"@type":"QuantitativeValue","minValue":"51","maxValue":"200"}}]}},"spectra_custom_meta":{"_sku":["201-1-1"],"total_sales":["5"],"_tax_status":["taxable"],"_tax_class":[""],"_manage_stock":["yes"],"_backorders":["no"],"_sold_individually":["no"],"_virtual":["no"],"_downloadable":["no"],"_download_limit":["0"],"_download_expiry":["0"],"_thumbnail_id":["1470"],"_stock":["1"],"_stock_status":["instock"],"_wc_average_rating":["0"],"_wc_review_count":["0"],"_product_attributes":["a:1:{s:14:\"time-of-arival\";a:6:{s:4:\"name\";s:14:\"Time of Arival\";s:5:\"value\";s:101:\"09:00 | 09.30 | 10:00 | 10:30 | 11:00 | 11:30 | 12:00 | 12:30 | 13:00 | 13:30 | 14:00 | 14:30 | 15:00\";s:8:\"position\";i:1;s:10:\"is_visible\";i:1;s:12:\"is_variation\";i:1;s:11:\"is_taxonomy\";i:0;}}"],"_product_version":["10.5.2"],"_wpml_word_count":["{\"total\":185,\"to_translate\":null}"],"_wpml_media_featured":["1"],"_wpml_media_duplicate":["1"],"_wpml_location_migration_done":["1"],"_yoast_wpseo_primary_product_cat":[""],"slide_template":[""],"rs_page_bg_color":[""],"_wcml_custom_prices_status":["1"],"_sale_price_dates_to_HRK":[""],"_sale_price_dates_from_HRK":[""],"_sale_price_HRK":[""],"_regular_price_HRK":["750"],"_wcml_schedule_HRK":["0"],"_price_HRK":["750"],"_wcopc":["no"],"_booking_min":[""],"_booking_max":[""],"_number_of_dates":["one"],"_first_available_date":[""],"_bookable":["yes"],"_booking_duration":[""],"_yoast_wpseo_estimated-reading-time-minutes":["1"],"_wc_booking_apply_adjacent_buffer":[""],"_wc_booking_block_cost":[""],"_wc_booking_buffer_period":[""],"_wc_booking_calendar_display_mode":[""],"_wc_booking_cancel_limit_unit":[""],"_wc_booking_cancel_limit":[""],"_wc_booking_check_availability_against":[""],"_wc_booking_cost":[""],"_wc_booking_default_date_availability":[""],"_wc_booking_duration_type":[""],"_wc_booking_duration_unit":[""],"_wc_booking_duration":[""],"_wc_booking_enable_range_picker":[""],"_wc_booking_first_block_time":[""],"_wc_booking_has_person_types":[""],"_wc_booking_has_persons":[""],"_wc_booking_has_resources":[""],"_wc_booking_has_restricted_days":[""],"_wc_booking_max_date_unit":[""],"_wc_booking_max_date":[""],"_wc_booking_max_duration":[""],"_wc_booking_max_persons_group":[""],"_wc_booking_min_date_unit":[""],"_wc_booking_min_date":[""],"_wc_booking_min_duration":[""],"_wc_booking_min_persons_group":[""],"_wc_booking_person_cost_multiplier":[""],"_wc_booking_person_qty_multiplier":[""],"_wc_booking_qty":[""],"_wc_booking_requires_confirmation":[""],"_wc_booking_resources_assignment":[""],"_wc_booking_restricted_days":[""],"_wc_booking_user_can_cancel":[""],"_wc_display_cost":[""],"wc_booking_resource_label":[""],"fb_product_group_id":["5245330832254362"],"_wc_facebook_commerce_enabled":["no"],"_yoast_wpseo_wordproof_timestamp":[""],"_alg_wc_cpp_currency":[""],"_yoast_wpseo_primary_fb_product_set":[""],"fb_product_item_id":[""],"_wc_facebook_sync_enabled":["yes"],"fb_visibility":["yes"],"fb_product_description":[""],"_wc_facebook_product_image_source":[""],"fb_product_image":[""],"fb_product_price":[""],"_wapf_price_label":[""],"_wapf_price_display":[""],"_edit_lock":["1762266793:1"],"_edit_last":["1"],"site-sidebar-layout":["default"],"ast-site-content-layout":["default"],"site-content-style":["default"],"site-sidebar-style":["default"],"theme-transparent-header-meta":["default"],"stick-header-meta":["default"],"_product_image_gallery":["1469,1468,1467,1475,1476"],"_yoast_indexnow_last_ping":["1762266786"],"woocr_orderby":["none"],"woocr_order":["asc"],"_yoast_wpseo_focuskeywords":["[]"],"_yoast_wpseo_keywordsynonyms":["[\"\"]"],"woocr_ids":["a:2:{i:0;s:3:\"604\";i:1;s:4:\"3901\";}"],"_wceb_manage_stock":["yes"],"_wc_gla_visibility":["sync-and-show"],"_wc_gla_synced_at":["1776222083"],"_wc_gla_sync_status":["synced"],"_wc_gla_google_ids":["a:1:{s:2:\"DZ\";s:21:\"online:en:DZ:gla_1131\";}"],"_wceb_product_shared_availability":["a:0:{}"],"_price":["1000"],"astra-migrate-meta-layouts":["set"],"_wc_gla_mc_status":["approved"],"_uag_page_assets":["a:9:{s:3:\"css\";s:0:\"\";s:2:\"js\";s:0:\"\";s:18:\"current_block_list\";a:7:{i:0;s:11:\"core\/search\";i:1;s:10:\"core\/group\";i:2;s:12:\"core\/heading\";i:3;s:17:\"core\/latest-posts\";i:4;s:20:\"core\/latest-comments\";i:5;s:13:\"core\/archives\";i:6;s:15:\"core\/categories\";}s:8:\"uag_flag\";b:0;s:11:\"uag_version\";s:10:\"1776315605\";s:6:\"gfonts\";a:0:{}s:10:\"gfonts_url\";s:0:\"\";s:12:\"gfonts_files\";a:0:{}s:14:\"uag_faq_layout\";b:0;}"]},"uagb_featured_image_src":{"full":["https:\/\/coral-beach-club.com\/wp-content\/uploads\/2024\/04\/LOUNGE-7-SLIKA-2-1.jpg",1024,1280,false],"thumbnail":["https:\/\/coral-beach-club.com\/wp-content\/uploads\/2024\/04\/LOUNGE-7-SLIKA-2-1-150x150.jpg",150,150,true],"medium":["https:\/\/coral-beach-club.com\/wp-content\/uploads\/2024\/04\/LOUNGE-7-SLIKA-2-1-240x300.jpg",240,300,true],"medium_large":["https:\/\/coral-beach-club.com\/wp-content\/uploads\/2024\/04\/LOUNGE-7-SLIKA-2-1-768x960.jpg",768,960,true],"large":["https:\/\/coral-beach-club.com\/wp-content\/uploads\/2024\/04\/LOUNGE-7-SLIKA-2-1-819x1024.jpg",819,1024,true],"1536x1536":["https:\/\/coral-beach-club.com\/wp-content\/uploads\/2024\/04\/LOUNGE-7-SLIKA-2-1.jpg",1024,1280,false],"2048x2048":["https:\/\/coral-beach-club.com\/wp-content\/uploads\/2024\/04\/LOUNGE-7-SLIKA-2-1.jpg",1024,1280,false],"trp-custom-language-flag":["https:\/\/coral-beach-club.com\/wp-content\/uploads\/2024\/04\/LOUNGE-7-SLIKA-2-1.jpg",10,12,false],"gform-image-choice-sm":["https:\/\/coral-beach-club.com\/wp-content\/uploads\/2024\/04\/LOUNGE-7-SLIKA-2-1.jpg",240,300,false],"gform-image-choice-md":["https:\/\/coral-beach-club.com\/wp-content\/uploads\/2024\/04\/LOUNGE-7-SLIKA-2-1.jpg",320,400,false],"gform-image-choice-lg":["https:\/\/coral-beach-club.com\/wp-content\/uploads\/2024\/04\/LOUNGE-7-SLIKA-2-1.jpg",480,600,false],"menu-24x24":["https:\/\/coral-beach-club.com\/wp-content\/uploads\/2024\/04\/LOUNGE-7-SLIKA-2-1.jpg",19,24,false],"menu-36x36":["https:\/\/coral-beach-club.com\/wp-content\/uploads\/2024\/04\/LOUNGE-7-SLIKA-2-1.jpg",29,36,false],"menu-48x48":["https:\/\/coral-beach-club.com\/wp-content\/uploads\/2024\/04\/LOUNGE-7-SLIKA-2-1.jpg",38,48,false],"woocommerce_thumbnail":["https:\/\/coral-beach-club.com\/wp-content\/uploads\/2024\/04\/LOUNGE-7-SLIKA-2-1-300x300.jpg",300,300,true],"woocommerce_single":["https:\/\/coral-beach-club.com\/wp-content\/uploads\/2024\/04\/LOUNGE-7-SLIKA-2-1-600x750.jpg",600,750,true],"woocommerce_gallery_thumbnail":["https:\/\/coral-beach-club.com\/wp-content\/uploads\/2024\/04\/LOUNGE-7-SLIKA-2-1-100x100.jpg",100,100,true]},"uagb_author_info":{"display_name":"admin","author_link":"https:\/\/coral-beach-club.com\/fr\/author\/"},"uagb_comment_info":0,"uagb_excerpt":"Relax and soak up the laid-back atmosphere of Coral Beach, nestled in a lush green oasis surrounded by swaying palm trees\u2014a peaceful retreat offering a stunning view. Our beach offers the ideal setting for soaking up the sun and unwinding, while our seaside restaurant is conveniently located just a few steps away, ensuring a delightful\u2026","_links":{"self":[{"href":"https:\/\/coral-beach-club.com\/fr\/wp-json\/wp\/v2\/product\/1119","targetHints":{"allow":["GET"]}}],"collection":[{"href":"https:\/\/coral-beach-club.com\/fr\/wp-json\/wp\/v2\/product"}],"about":[{"href":"https:\/\/coral-beach-club.com\/fr\/wp-json\/wp\/v2\/types\/product"}],"wp:featuredmedia":[{"embeddable":true,"href":"https:\/\/coral-beach-club.com\/fr\/wp-json\/wp\/v2\/media\/1470"}],"wp:attachment":[{"href":"https:\/\/coral-beach-club.com\/fr\/wp-json\/wp\/v2\/media?parent=1119"}],"wp:term":[{"taxonomy":"product_brand","embeddable":true,"href":"https:\/\/coral-beach-club.com\/fr\/wp-json\/wp\/v2\/product_brand?post=1119"},{"taxonomy":"product_cat","embeddable":true,"href":"https:\/\/coral-beach-club.com\/fr\/wp-json\/wp\/v2\/product_cat?post=1119"},{"taxonomy":"product_tag","embeddable":true,"href":"https:\/\/coral-beach-club.com\/fr\/wp-json\/wp\/v2\/product_tag?post=1119"}],"curies":[{"name":"wp","href":"https:\/\/api.w.org\/{rel}","templated":true}]}}