{"id":1165,"date":"2024-04-16T13:09:39","date_gmt":"2024-04-16T13:09:39","guid":{"rendered":"https:\/\/staging.coral-beach-club.com\/?page_id=1165"},"modified":"2024-04-24T07:05:17","modified_gmt":"2024-04-24T07:05:17","slug":"securite-des-paiements-en-ligne","status":"publish","type":"page","link":"https:\/\/coral-beach-club.com\/fr\/security-of-online-payments\/","title":{"rendered":"S\u00e9curit\u00e9 des paiements en ligne"},"content":{"rendered":"<div class=\"wp-block-cover alignfull title-cover\" style=\"min-height:100vh;aspect-ratio:unset;\"><span aria-hidden=\"true\" class=\"wp-block-cover__background has-black-background-color has-background-dim\"><\/span><img loading=\"lazy\" decoding=\"async\" width=\"1920\" height=\"1280\" class=\"wp-block-cover__image-background wp-image-1317\" alt=\"Dubrovnik Beach Club\" src=\"https:\/\/coral-beach-club.com\/wp-content\/uploads\/2024\/04\/DJI_0060_scaled.jpg\" data-object-fit=\"cover\" srcset=\"https:\/\/coral-beach-club.com\/wp-content\/uploads\/2024\/04\/DJI_0060_scaled.jpg 1920w, https:\/\/coral-beach-club.com\/wp-content\/uploads\/2024\/04\/DJI_0060_scaled-300x200.jpg 300w, https:\/\/coral-beach-club.com\/wp-content\/uploads\/2024\/04\/DJI_0060_scaled-1024x683.jpg 1024w, https:\/\/coral-beach-club.com\/wp-content\/uploads\/2024\/04\/DJI_0060_scaled-768x512.jpg 768w, https:\/\/coral-beach-club.com\/wp-content\/uploads\/2024\/04\/DJI_0060_scaled-1536x1024.jpg 1536w, https:\/\/coral-beach-club.com\/wp-content\/uploads\/2024\/04\/DJI_0060_scaled-600x400.jpg 600w\" sizes=\"auto, (max-width: 1920px) 100vw, 1920px\" \/><div class=\"wp-block-cover__inner-container is-layout-flow wp-container-core-cover-is-layout-a77db08e wp-block-cover-is-layout-flow\">\n<h1 class=\"wp-block-heading has-text-align-center\" style=\"margin-top:var(--wp--preset--spacing--50);margin-bottom:var(--wp--preset--spacing--50);font-size:72px;font-style:normal;font-weight:700\">S\u00e9curit\u00e9 des paiements en ligne<\/h1>\n\n\n\n<p class=\"has-text-align-center has-medium-font-size\" style=\"margin-top:var(--wp--preset--spacing--30);margin-bottom:var(--wp--preset--spacing--30)\">Nous rendons les moments d'\u00e9t\u00e9 extraordinaires<\/p>\n\n\n\n<p class=\"has-text-align-center has-medium-font-size\" style=\"margin-top:var(--wp--preset--spacing--30);margin-right:0;margin-bottom:var(--wp--preset--spacing--30);margin-left:0;font-style:normal;font-weight:300;letter-spacing:3px\"><a href=\"https:\/\/coral-beach-club.com\/fr\/politique-de-confidentialite\/\" data-type=\"page\" data-id=\"3\">Politique de confidentialit\u00e9<\/a> | <a href=\"https:\/\/coral-beach-club.com\/fr\/conditions-generales\/\" data-type=\"page\" data-id=\"599\">Conditions d'utilisation<\/a><\/p>\n\n\n    <div id=\"dubrovnik-weather-time\"><\/div>\n    <script type=\"text\/javascript\">\n        function fetchDubrovnikWeather() {\n            fetch(\"https:\/\/coral-beach-club.com\/wp-json\/api\/v1\/weather\")\n                .then(response => response.json())\n                .then(data => {\n                    var tempCelsius = data.main.temp;\n                    var tempFahrenheit = tempCelsius * 9 \/ 5 + 32;\n                    var dubrovnikTime = new Date().toLocaleTimeString('en-GB', { timeZone: 'Europe\/Zagreb', hour: '2-digit', minute:'2-digit' });\n                    var widgetContent = tempCelsius.toFixed(1) + '\u00b0C (' + tempFahrenheit.toFixed(1) + 'F) ' + dubrovnikTime + ' GMT+1';\n                    document.getElementById('dubrovnik-weather-time').innerHTML = widgetContent;\n\n                    setInterval(()=>{\n                        dubrovnikTime = new Date().toLocaleTimeString('en-GB', { timeZone: 'Europe\/Zagreb', hour: '2-digit', minute:'2-digit' });\n                        widgetContent = tempCelsius.toFixed(1) + '\u00b0C (' + tempFahrenheit.toFixed(1) + 'F) ' + dubrovnikTime + ' GMT+1';\n                        document.getElementById('dubrovnik-weather-time').innerHTML = widgetContent;\n                    },10000); \/\/ Update every 10sec to keep the clocks more in sync\n\n                })\n                .catch(error => {\n                    console.error('Error fetching weather data:', error);\n                    document.getElementById('dubrovnik-weather-time').innerHTML = 'Error fetching weather data.';\n                });\n        }\n\n        \/\/ Fetch the weather data once, the clock will update itself with the callback\n        fetchDubrovnikWeather();\n\n    <\/script>\n<\/div><\/div>\n\n\n\n<div class=\"wp-block-uagb-container lotsoftext uagb-block-12739550 alignfull uagb-is-root-container\"><div class=\"uagb-container-inner-blocks-wrap\">\nLorsque vous effectuez des paiements sur notre boutique en ligne, vous utilisez CorvusPay - un syst\u00e8me avanc\u00e9 pour l'acceptation s\u00e9curis\u00e9e des cartes de cr\u00e9dit sur Internet.\nCorvusPay garantit la confidentialit\u00e9 totale des donn\u00e9es de votre carte de cr\u00e9dit \u00e0 partir du moment o\u00f9 vous les saisissez dans le formulaire de paiement CorvusPay. Les donn\u00e9es n\u00e9cessaires \u00e0 la facturation sont transmises de mani\u00e8re crypt\u00e9e de votre navigateur web \u00e0 la banque qui a \u00e9mis votre carte de paiement. Notre magasin n'entre jamais en contact avec les donn\u00e9es sensibles de votre carte de paiement. De m\u00eame, les op\u00e9rateurs de CorvusPay n'ont pas acc\u00e8s \u00e0 l'ensemble des donn\u00e9es relatives au titulaire de la carte. Un noyau de syst\u00e8me isol\u00e9 transmet et g\u00e8re de mani\u00e8re ind\u00e9pendante les donn\u00e9es sensibles tout en les gardant en s\u00e9curit\u00e9.\nLe formulaire de saisie des donn\u00e9es de paiement est s\u00e9curis\u00e9 par un cryptage de transmission SSL de la plus grande fiabilit\u00e9. Toutes les donn\u00e9es stock\u00e9es sont en outre prot\u00e9g\u00e9es par un cryptage de haute qualit\u00e9, utilisant des dispositifs mat\u00e9riels certifi\u00e9s par la norme FIPS 140 2 niveau 3. CorvusPay r\u00e9pond \u00e0 toutes les exigences en mati\u00e8re de paiement en ligne s\u00e9curis\u00e9 prescrites par les principales marques de cartes de cr\u00e9dit, et fonctionne conform\u00e9ment \u00e0 la norme PCI DSS de niveau 1 - la norme de s\u00e9curit\u00e9 la plus \u00e9lev\u00e9e de l'industrie des cartes de paiement. Les paiements effectu\u00e9s avec des cartes inscrites au programme 3-D Secure sont en outre authentifi\u00e9s par la banque \u00e9mettrice, qui confirme votre identit\u00e9 au moyen d'un jeton ou d'un mot de passe.\nToutes les informations collect\u00e9es par Corvus Info sont consid\u00e9r\u00e9es comme un secret bancaire et trait\u00e9es en cons\u00e9quence. Les informations sont utilis\u00e9es exclusivement aux fins pour lesquelles elles ont \u00e9t\u00e9 con\u00e7ues. Vos donn\u00e9es sensibles sont enti\u00e8rement s\u00e9curis\u00e9es et leur confidentialit\u00e9 est garantie par des m\u00e9canismes de sauvegarde \u00e0 la pointe de la technologie. Nous ne collectons que les donn\u00e9es n\u00e9cessaires \u00e0 l'ex\u00e9cution du travail conform\u00e9ment aux proc\u00e9dures exigeantes prescrites pour le paiement en ligne.\n<\/div><\/div>","protected":false},"excerpt":{"rendered":"<p>While conducting payments on our web shop you are using CorvusPay \u2013 an advanced system for secure acceptance of credit [&hellip;]<\/p>\n","protected":false},"author":2,"featured_media":0,"parent":0,"menu_order":0,"comment_status":"closed","ping_status":"open","template":"","meta":{"_uag_custom_page_level_css":"","site-sidebar-layout":"default","site-content-layout":"","ast-site-content-layout":"","site-content-style":"default","site-sidebar-style":"default","ast-global-header-display":"","ast-banner-title-visibility":"","ast-main-header-display":"","ast-hfb-above-header-display":"","ast-hfb-below-header-display":"","ast-hfb-mobile-header-display":"","site-post-title":"disabled","ast-breadcrumbs-content":"","ast-featured-img":"","footer-sml-layout":"","theme-transparent-header-meta":"","adv-header-id-meta":"","stick-header-meta":"","header-above-stick-meta":"","header-main-stick-meta":"","header-below-stick-meta":"","astra-migrate-meta-layouts":"default","ast-page-background-enabled":"default","ast-page-background-meta":{"desktop":{"background-color":"var(--ast-global-color-4)","background-image":"","background-repeat":"repeat","background-position":"center center","background-size":"auto","background-attachment":"scroll","background-type":"","background-media":"","overlay-type":"","overlay-color":"","overlay-opacity":"","overlay-gradient":""},"tablet":{"background-color":"","background-image":"","background-repeat":"repeat","background-position":"center center","background-size":"auto","background-attachment":"scroll","background-type":"","background-media":"","overlay-type":"","overlay-color":"","overlay-opacity":"","overlay-gradient":""},"mobile":{"background-color":"","background-image":"","background-repeat":"repeat","background-position":"center center","background-size":"auto","background-attachment":"scroll","background-type":"","background-media":"","overlay-type":"","overlay-color":"","overlay-opacity":"","overlay-gradient":""}},"ast-content-background-meta":{"desktop":{"background-color":"var(--ast-global-color-5)","background-image":"","background-repeat":"repeat","background-position":"center center","background-size":"auto","background-attachment":"scroll","background-type":"","background-media":"","overlay-type":"","overlay-color":"","overlay-opacity":"","overlay-gradient":""},"tablet":{"background-color":"var(--ast-global-color-5)","background-image":"","background-repeat":"repeat","background-position":"center center","background-size":"auto","background-attachment":"scroll","background-type":"","background-media":"","overlay-type":"","overlay-color":"","overlay-opacity":"","overlay-gradient":""},"mobile":{"background-color":"var(--ast-global-color-5)","background-image":"","background-repeat":"repeat","background-position":"center center","background-size":"auto","background-attachment":"scroll","background-type":"","background-media":"","overlay-type":"","overlay-color":"","overlay-opacity":"","overlay-gradient":""}},"footnotes":""},"class_list":["post-1165","page","type-page","status-publish","hentry"],"yoast_head":"<!-- This site is optimized with the Yoast SEO Premium plugin v22.6 (Yoast SEO v27.0) - https:\/\/yoast.com\/product\/yoast-seo-premium-wordpress\/ -->\n<title>Security of online payments - Coral Beach Club Dubrovnik<\/title>\n<meta name=\"robots\" content=\"index, follow, max-snippet:-1, max-image-preview:large, max-video-preview:-1\" \/>\n<link rel=\"canonical\" href=\"https:\/\/coral-beach-club.com\/fr\/securite-des-paiements-en-ligne\/\" \/>\n<meta property=\"og:locale\" content=\"fr_FR\" \/>\n<meta property=\"og:type\" content=\"article\" \/>\n<meta property=\"og:title\" content=\"Security of online payments\" \/>\n<meta property=\"og:description\" content=\"While conducting payments on our web shop you are using CorvusPay \u2013 an advanced system for secure acceptance of credit [&hellip;]\" \/>\n<meta property=\"og:url\" content=\"https:\/\/coral-beach-club.com\/fr\/securite-des-paiements-en-ligne\/\" \/>\n<meta property=\"og:site_name\" content=\"Coral Beach Club Dubrovnik\" \/>\n<meta property=\"article:publisher\" content=\"https:\/\/www.facebook.com\/CoralBeachClubDubrovnik\/\" \/>\n<meta property=\"article:modified_time\" content=\"2024-04-24T07:05:17+00:00\" \/>\n<meta property=\"og:image\" content=\"https:\/\/coral-beach-club.com\/wp-content\/uploads\/2024\/04\/DJI_0060_scaled.jpg\" \/>\n<meta name=\"twitter:card\" content=\"summary_large_image\" \/>\n<meta name=\"twitter:label1\" content=\"Dur\u00e9e de lecture estim\u00e9e\" \/>\n\t<meta name=\"twitter:data1\" content=\"1 minute\" \/>\n<script type=\"application\/ld+json\" class=\"yoast-schema-graph\">{\"@context\":\"https:\/\/schema.org\",\"@graph\":[{\"@type\":\"WebPage\",\"@id\":\"https:\/\/coral-beach-club.com\/security-of-online-payments\/\",\"url\":\"https:\/\/coral-beach-club.com\/security-of-online-payments\/\",\"name\":\"Security of online payments - Coral Beach Club Dubrovnik\",\"isPartOf\":{\"@id\":\"https:\/\/coral-beach-club.com\/#website\"},\"primaryImageOfPage\":{\"@id\":\"https:\/\/coral-beach-club.com\/security-of-online-payments\/#primaryimage\"},\"image\":{\"@id\":\"https:\/\/coral-beach-club.com\/security-of-online-payments\/#primaryimage\"},\"thumbnailUrl\":\"https:\/\/coral-beach-club.com\/wp-content\/uploads\/2024\/04\/DJI_0060_scaled.jpg\",\"datePublished\":\"2024-04-16T13:09:39+00:00\",\"dateModified\":\"2024-04-24T07:05:17+00:00\",\"breadcrumb\":{\"@id\":\"https:\/\/coral-beach-club.com\/security-of-online-payments\/#breadcrumb\"},\"inLanguage\":\"fr-FR\",\"potentialAction\":[{\"@type\":\"ReadAction\",\"target\":[\"https:\/\/coral-beach-club.com\/security-of-online-payments\/\"]}]},{\"@type\":\"ImageObject\",\"inLanguage\":\"fr-FR\",\"@id\":\"https:\/\/coral-beach-club.com\/security-of-online-payments\/#primaryimage\",\"url\":\"https:\/\/coral-beach-club.com\/wp-content\/uploads\/2024\/04\/DJI_0060_scaled.jpg\",\"contentUrl\":\"https:\/\/coral-beach-club.com\/wp-content\/uploads\/2024\/04\/DJI_0060_scaled.jpg\"},{\"@type\":\"BreadcrumbList\",\"@id\":\"https:\/\/coral-beach-club.com\/security-of-online-payments\/#breadcrumb\",\"itemListElement\":[{\"@type\":\"ListItem\",\"position\":1,\"name\":\"Home\",\"item\":\"https:\/\/coral-beach-club.com\/\"},{\"@type\":\"ListItem\",\"position\":2,\"name\":\"Security of online payments\"}]},{\"@type\":\"WebSite\",\"@id\":\"https:\/\/coral-beach-club.com\/#website\",\"url\":\"https:\/\/coral-beach-club.com\/\",\"name\":\"Coral Beach Club Dubrovnik\",\"description\":\"--\",\"publisher\":{\"@id\":\"https:\/\/coral-beach-club.com\/#organization\"},\"potentialAction\":[{\"@type\":\"SearchAction\",\"target\":{\"@type\":\"EntryPoint\",\"urlTemplate\":\"https:\/\/coral-beach-club.com\/?s={search_term_string}\"},\"query-input\":{\"@type\":\"PropertyValueSpecification\",\"valueRequired\":true,\"valueName\":\"search_term_string\"}}],\"inLanguage\":\"fr-FR\"},{\"@type\":\"Organization\",\"@id\":\"https:\/\/coral-beach-club.com\/#organization\",\"name\":\"Coral Beach Club Dubrovnik\",\"url\":\"https:\/\/coral-beach-club.com\/\",\"logo\":{\"@type\":\"ImageObject\",\"inLanguage\":\"fr-FR\",\"@id\":\"https:\/\/coral-beach-club.com\/#\/schema\/logo\/image\/\",\"url\":\"https:\/\/coral-beach-club.com\/wp-content\/uploads\/2024\/05\/coral_red_logo_header.png\",\"contentUrl\":\"https:\/\/coral-beach-club.com\/wp-content\/uploads\/2024\/05\/coral_red_logo_header.png\",\"width\":200,\"height\":86,\"caption\":\"Coral Beach Club Dubrovnik\"},\"image\":{\"@id\":\"https:\/\/coral-beach-club.com\/#\/schema\/logo\/image\/\"},\"sameAs\":[\"https:\/\/www.facebook.com\/CoralBeachClubDubrovnik\/\",\"https:\/\/www.instagram.com\/coralbeachclub_croatia\/\",\"https:\/\/soundcloud.com\/user-235858000\",\"https:\/\/www.tripadvisor.de\/Restaurant_Review-g295371-d8757725-Reviews-Coral_Beach_Club-Dubrovnik_Dubrovnik_Neretva_County_Dalmatia.html\"],\"description\":\"Coral Beach Club Dubrovnik\",\"email\":\"club@coral-beach-club.com\",\"telephone\":\"+385 99 323 9430\",\"legalName\":\"THE Coral ltd.\",\"foundingDate\":\"2015-01-01\",\"vatID\":\"HR86883013144\",\"taxID\":\"86883013144\",\"numberOfEmployees\":{\"@type\":\"QuantitativeValue\",\"minValue\":\"51\",\"maxValue\":\"200\"}}]}<\/script>\n<!-- \/ Yoast SEO Premium plugin. -->","yoast_head_json":{"title":"S\u00e9curit\u00e9 des paiements en ligne - Coral Beach Club Dubrovnik","robots":{"index":"index","follow":"follow","max-snippet":"max-snippet:-1","max-image-preview":"max-image-preview:large","max-video-preview":"max-video-preview:-1"},"canonical":"https:\/\/coral-beach-club.com\/fr\/securite-des-paiements-en-ligne\/","og_locale":"fr_FR","og_type":"article","og_title":"Security of online payments","og_description":"While conducting payments on our web shop you are using CorvusPay \u2013 an advanced system for secure acceptance of credit [&hellip;]","og_url":"https:\/\/coral-beach-club.com\/fr\/securite-des-paiements-en-ligne\/","og_site_name":"Coral Beach Club Dubrovnik","article_publisher":"https:\/\/www.facebook.com\/CoralBeachClubDubrovnik\/","article_modified_time":"2024-04-24T07:05:17+00:00","og_image":[{"url":"https:\/\/coral-beach-club.com\/wp-content\/uploads\/2024\/04\/DJI_0060_scaled.jpg","type":"","width":"","height":""}],"twitter_card":"summary_large_image","twitter_misc":{"Dur\u00e9e de lecture estim\u00e9e":"1 minute"},"schema":{"@context":"https:\/\/schema.org","@graph":[{"@type":"WebPage","@id":"https:\/\/coral-beach-club.com\/security-of-online-payments\/","url":"https:\/\/coral-beach-club.com\/security-of-online-payments\/","name":"S\u00e9curit\u00e9 des paiements en ligne - Coral Beach Club Dubrovnik","isPartOf":{"@id":"https:\/\/coral-beach-club.com\/#website"},"primaryImageOfPage":{"@id":"https:\/\/coral-beach-club.com\/security-of-online-payments\/#primaryimage"},"image":{"@id":"https:\/\/coral-beach-club.com\/security-of-online-payments\/#primaryimage"},"thumbnailUrl":"https:\/\/coral-beach-club.com\/wp-content\/uploads\/2024\/04\/DJI_0060_scaled.jpg","datePublished":"2024-04-16T13:09:39+00:00","dateModified":"2024-04-24T07:05:17+00:00","breadcrumb":{"@id":"https:\/\/coral-beach-club.com\/security-of-online-payments\/#breadcrumb"},"inLanguage":"fr-FR","potentialAction":[{"@type":"ReadAction","target":["https:\/\/coral-beach-club.com\/security-of-online-payments\/"]}]},{"@type":"ImageObject","inLanguage":"fr-FR","@id":"https:\/\/coral-beach-club.com\/security-of-online-payments\/#primaryimage","url":"https:\/\/coral-beach-club.com\/wp-content\/uploads\/2024\/04\/DJI_0060_scaled.jpg","contentUrl":"https:\/\/coral-beach-club.com\/wp-content\/uploads\/2024\/04\/DJI_0060_scaled.jpg"},{"@type":"BreadcrumbList","@id":"https:\/\/coral-beach-club.com\/security-of-online-payments\/#breadcrumb","itemListElement":[{"@type":"ListItem","position":1,"name":"Home","item":"https:\/\/coral-beach-club.com\/"},{"@type":"ListItem","position":2,"name":"Security of online payments"}]},{"@type":"WebSite","@id":"https:\/\/coral-beach-club.com\/#website","url":"https:\/\/coral-beach-club.com\/","name":"Coral Beach Club Dubrovnik","description":"--","publisher":{"@id":"https:\/\/coral-beach-club.com\/#organization"},"potentialAction":[{"@type":"SearchAction","target":{"@type":"EntryPoint","urlTemplate":"https:\/\/coral-beach-club.com\/?s={search_term_string}"},"query-input":{"@type":"PropertyValueSpecification","valueRequired":true,"valueName":"search_term_string"}}],"inLanguage":"fr-FR"},{"@type":"Organization","@id":"https:\/\/coral-beach-club.com\/#organization","name":"Coral Beach Club Dubrovnik","url":"https:\/\/coral-beach-club.com\/","logo":{"@type":"ImageObject","inLanguage":"fr-FR","@id":"https:\/\/coral-beach-club.com\/#\/schema\/logo\/image\/","url":"https:\/\/coral-beach-club.com\/wp-content\/uploads\/2024\/05\/coral_red_logo_header.png","contentUrl":"https:\/\/coral-beach-club.com\/wp-content\/uploads\/2024\/05\/coral_red_logo_header.png","width":200,"height":86,"caption":"Coral Beach Club Dubrovnik"},"image":{"@id":"https:\/\/coral-beach-club.com\/#\/schema\/logo\/image\/"},"sameAs":["https:\/\/www.facebook.com\/CoralBeachClubDubrovnik\/","https:\/\/www.instagram.com\/coralbeachclub_croatia\/","https:\/\/soundcloud.com\/user-235858000","https:\/\/www.tripadvisor.de\/Restaurant_Review-g295371-d8757725-Reviews-Coral_Beach_Club-Dubrovnik_Dubrovnik_Neretva_County_Dalmatia.html"],"description":"Coral Beach Club Dubrovnik","email":"club@coral-beach-club.com","telephone":"+385 99 323 9430","legalName":"THE Coral ltd.","foundingDate":"2015-01-01","vatID":"HR86883013144","taxID":"86883013144","numberOfEmployees":{"@type":"QuantitativeValue","minValue":"51","maxValue":"200"}}]}},"spectra_custom_meta":{"_wp_page_template":["default"],"_uag_custom_page_level_css":[""],"site-post-title":["disabled"],"theme-transparent-header-meta":[""],"adv-header-id-meta":[""],"stick-header-meta":[""],"footnotes":[""],"_dp_original":["3"],"_edit_lock":["1713956073:1"],"_uag_css_file_name":["uag-css-1165.css"]},"uagb_featured_image_src":{"full":false,"thumbnail":false,"medium":false,"medium_large":false,"large":false,"1536x1536":false,"2048x2048":false,"trp-custom-language-flag":false,"gform-image-choice-sm":false,"gform-image-choice-md":false,"gform-image-choice-lg":false,"menu-24x24":false,"menu-36x36":false,"menu-48x48":false,"woocommerce_thumbnail":false,"woocommerce_single":false,"woocommerce_gallery_thumbnail":false},"uagb_author_info":{"display_name":"ProAdmin2","author_link":"https:\/\/coral-beach-club.com\/fr\/author\/proadmin2\/"},"uagb_comment_info":0,"uagb_excerpt":"While conducting payments on our web shop you are using CorvusPay \u2013 an advanced system for secure acceptance of credit [&hellip;]","_links":{"self":[{"href":"https:\/\/coral-beach-club.com\/fr\/wp-json\/wp\/v2\/pages\/1165","targetHints":{"allow":["GET"]}}],"collection":[{"href":"https:\/\/coral-beach-club.com\/fr\/wp-json\/wp\/v2\/pages"}],"about":[{"href":"https:\/\/coral-beach-club.com\/fr\/wp-json\/wp\/v2\/types\/page"}],"author":[{"embeddable":true,"href":"https:\/\/coral-beach-club.com\/fr\/wp-json\/wp\/v2\/users\/2"}],"replies":[{"embeddable":true,"href":"https:\/\/coral-beach-club.com\/fr\/wp-json\/wp\/v2\/comments?post=1165"}],"version-history":[{"count":6,"href":"https:\/\/coral-beach-club.com\/fr\/wp-json\/wp\/v2\/pages\/1165\/revisions"}],"predecessor-version":[{"id":5901,"href":"https:\/\/coral-beach-club.com\/fr\/wp-json\/wp\/v2\/pages\/1165\/revisions\/5901"}],"wp:attachment":[{"href":"https:\/\/coral-beach-club.com\/fr\/wp-json\/wp\/v2\/media?parent=1165"}],"curies":[{"name":"wp","href":"https:\/\/api.w.org\/{rel}","templated":true}]}}