{"id":689,"date":"2024-04-04T13:51:01","date_gmt":"2024-04-04T13:51:01","guid":{"rendered":"https:\/\/staging.coral-beach-club.com\/?post_type=product&#038;p=689"},"modified":"2026-05-01T10:31:31","modified_gmt":"2026-05-01T10:31:31","slug":"sala-dos","status":"publish","type":"product","link":"https:\/\/coral-beach-club.com\/es\/product\/lounge-two\/","title":{"rendered":"Sala DOS"},"content":{"rendered":"<p>El equilibrio perfecto entre un relajado ba\u00f1o de sol, un sal\u00f3n chill out y un activo d\u00eda de playa. Situado justo al lado de la playa, entre una c\u00f3moda entrada de agua y nuestra pasarela, con nuestro restaurante al aire libre y nuestro punto de servicio a solo unos pasos.<\/p>\n<p>Puede elegir entre <strong>medio sal\u00f3n para 5 personas o un sal\u00f3n completo para 10 personas<\/strong>.<br \/>\nPlease note that the amount you pay upfront for <strong>Lounge reservation is simply a minimum spend,<\/strong> que podr\u00e1 utilizar en comida y bebida mientras disfruta de su tiempo en el sal\u00f3n privado.<\/p>\n<p>Tambi\u00e9n recomendamos encarecidamente reservar un VIP LOUNGE DOUBLE SUNBEDS adicional para estar a\u00fan m\u00e1s cerca del mar y disfrutar de unos relajados ba\u00f1os de sol, adem\u00e1s del lounge que est\u00e1 cubierto.<\/p>\n<p><em>Por favor, compruebe m\u00e1s abajo en la secci\u00f3n \"tambi\u00e9n te puede gustar\" para el VIP Lounge Doble Tumbonas y VIP Lounge Baldachin.<\/em><\/p>","protected":false},"excerpt":{"rendered":"<p>El equilibrio perfecto entre un relajado ba\u00f1o de sol, un sal\u00f3n chill out y un activo d\u00eda de playa. Situado justo al lado de la playa, entre una c\u00f3moda entrada de agua y nuestra pasarela, con nuestro restaurante al aire libre y nuestro punto de servicio a solo unos pasos.<\/p>\n<p>Puede elegir entre <strong>medio sal\u00f3n para 5 personas o un sal\u00f3n completo para 10 personas<\/strong>.<br \/>\nTenga en cuenta que el importe que paga por adelantado por Lounge <strong>reserva es simplemente un gasto m\u00ednimo,<\/strong> que podr\u00e1 utilizar en comida y bebida mientras disfruta de su tiempo en el sal\u00f3n privado.<\/p>\n<p>Tambi\u00e9n recomendamos encarecidamente reservar un VIP LOUNGE DOUBLE SUNBEDS adicional para estar a\u00fan m\u00e1s cerca del mar y disfrutar de unos relajados ba\u00f1os de sol, adem\u00e1s del lounge que est\u00e1 cubierto.<\/p>\n<p><em>Consulte m\u00e1s abajo en la secci\u00f3n \"Frecuentemente comprados juntos\" las tumbonas dobles VIP Lounge y el baldaqu\u00edn VIP Lounge.<\/em><\/p>","protected":false},"featured_media":655,"template":"","meta":{"_uag_custom_page_level_css":"","site-sidebar-layout":"default","site-content-layout":"","ast-site-content-layout":"default","site-content-style":"default","site-sidebar-style":"default","ast-global-header-display":"","ast-banner-title-visibility":"","ast-main-header-display":"","ast-hfb-above-header-display":"","ast-hfb-below-header-display":"","ast-hfb-mobile-header-display":"","site-post-title":"","ast-breadcrumbs-content":"","ast-featured-img":"","footer-sml-layout":"","theme-transparent-header-meta":"default","adv-header-id-meta":"","stick-header-meta":"default","header-above-stick-meta":"","header-main-stick-meta":"","header-below-stick-meta":"","astra-migrate-meta-layouts":"set","ast-page-background-enabled":"default","ast-page-background-meta":{"desktop":{"background-color":"var(--ast-global-color-4)","background-image":"","background-repeat":"repeat","background-position":"center center","background-size":"auto","background-attachment":"scroll","background-type":"","background-media":"","overlay-type":"","overlay-color":"","overlay-opacity":"","overlay-gradient":""},"tablet":{"background-color":"","background-image":"","background-repeat":"repeat","background-position":"center center","background-size":"auto","background-attachment":"scroll","background-type":"","background-media":"","overlay-type":"","overlay-color":"","overlay-opacity":"","overlay-gradient":""},"mobile":{"background-color":"","background-image":"","background-repeat":"repeat","background-position":"center center","background-size":"auto","background-attachment":"scroll","background-type":"","background-media":"","overlay-type":"","overlay-color":"","overlay-opacity":"","overlay-gradient":""}},"ast-content-background-meta":{"desktop":{"background-color":"var(--ast-global-color-5)","background-image":"","background-repeat":"repeat","background-position":"center center","background-size":"auto","background-attachment":"scroll","background-type":"","background-media":"","overlay-type":"","overlay-color":"","overlay-opacity":"","overlay-gradient":""},"tablet":{"background-color":"var(--ast-global-color-5)","background-image":"","background-repeat":"repeat","background-position":"center center","background-size":"auto","background-attachment":"scroll","background-type":"","background-media":"","overlay-type":"","overlay-color":"","overlay-opacity":"","overlay-gradient":""},"mobile":{"background-color":"var(--ast-global-color-5)","background-image":"","background-repeat":"repeat","background-position":"center center","background-size":"auto","background-attachment":"scroll","background-type":"","background-media":"","overlay-type":"","overlay-color":"","overlay-opacity":"","overlay-gradient":""}}},"product_brand":[],"product_cat":[20],"product_tag":[],"class_list":{"0":"post-689","1":"product","2":"type-product","3":"status-publish","4":"has-post-thumbnail","6":"product_cat-products","7":"desktop-align-left","8":"tablet-align-left","9":"mobile-align-left","10":"ast-product-gallery-layout-horizontal-slider","11":"ast-magnify-disabled","12":"ast-product-single-variable","13":"ast-product-tabs-layout-horizontal","15":"first","16":"instock","17":"taxable","18":"shipping-taxable","19":"purchasable","20":"product-type-variable"},"yoast_head":"<!-- This site is optimized with the Yoast SEO Premium plugin v22.6 (Yoast SEO v27.0) - https:\/\/yoast.com\/product\/yoast-seo-premium-wordpress\/ -->\n<title>Lounge TWO - Coral Beach Club Dubrovnik<\/title>\n<meta name=\"robots\" content=\"index, follow, max-snippet:-1, max-image-preview:large, max-video-preview:-1\" \/>\n<link rel=\"canonical\" href=\"https:\/\/coral-beach-club.com\/es\/product\/sala-dos\/\" \/>\n<meta property=\"og:locale\" content=\"es_ES\" \/>\n<meta property=\"og:type\" content=\"article\" \/>\n<meta property=\"og:title\" content=\"Lounge TWO\" \/>\n<meta property=\"og:description\" content=\"The right balance between a relaxed sunbath, a chill out lounge and an active beach day. Located right next to the beach in between a comfortable water entrance and our footbridge, with our open air restaurant and our service point just a few steps away.  You can choose between half of a lounge suitable for up to 5 people or a full lounge for up to 10 people. Please note that the amount you pay upfront for Lounge reservation is simply a minimum spend, which you can use towards food and drinks while you enjoy your time in the private lounge.  We also highly recommend booking an additional VIP LOUNGE DOUBLE SUNBEDS to be even closer to the sea and enjoy some relaxed sunbathing, in addition to the lounge that is covered.  Please check bellow in the \u201cFrequently Bought Together\u201d section for the VIP Lounge Double Sunbeds &amp; VIP Lounge Baldachin.\" \/>\n<meta property=\"og:url\" content=\"https:\/\/coral-beach-club.com\/es\/product\/sala-dos\/\" \/>\n<meta property=\"og:site_name\" content=\"Coral Beach Club Dubrovnik\" \/>\n<meta property=\"article:publisher\" content=\"https:\/\/www.facebook.com\/CoralBeachClubDubrovnik\/\" \/>\n<meta property=\"article:modified_time\" content=\"2026-05-01T10:31:31+00:00\" \/>\n<meta property=\"og:image\" content=\"https:\/\/coral-beach-club.com\/wp-content\/uploads\/2024\/04\/coral-beach-club-lounges-132-scaled-1.jpg\" \/>\n\t<meta property=\"og:image:width\" content=\"1707\" \/>\n\t<meta property=\"og:image:height\" content=\"2560\" \/>\n\t<meta property=\"og:image:type\" content=\"image\/jpeg\" \/>\n<meta name=\"twitter:card\" content=\"summary_large_image\" \/>\n<meta name=\"twitter:label1\" content=\"Tiempo de lectura\" \/>\n\t<meta name=\"twitter:data1\" content=\"1 minuto\" \/>\n<script type=\"application\/ld+json\" class=\"yoast-schema-graph\">{\"@context\":\"https:\/\/schema.org\",\"@graph\":[{\"@type\":[\"WebPage\",\"ItemPage\"],\"@id\":\"https:\/\/coral-beach-club.com\/product\/lounge-two\/\",\"url\":\"https:\/\/coral-beach-club.com\/product\/lounge-two\/\",\"name\":\"Lounge TWO - Coral Beach Club Dubrovnik\",\"isPartOf\":{\"@id\":\"https:\/\/coral-beach-club.com\/#website\"},\"primaryImageOfPage\":{\"@id\":\"https:\/\/coral-beach-club.com\/product\/lounge-two\/#primaryimage\"},\"image\":{\"@id\":\"https:\/\/coral-beach-club.com\/product\/lounge-two\/#primaryimage\"},\"thumbnailUrl\":\"https:\/\/coral-beach-club.com\/wp-content\/uploads\/2024\/04\/coral-beach-club-lounges-132-scaled-1.jpg\",\"datePublished\":\"2024-04-04T13:51:01+00:00\",\"dateModified\":\"2026-05-01T10:31:31+00:00\",\"breadcrumb\":{\"@id\":\"https:\/\/coral-beach-club.com\/product\/lounge-two\/#breadcrumb\"},\"inLanguage\":\"es\",\"potentialAction\":[{\"@type\":\"ReadAction\",\"target\":[\"https:\/\/coral-beach-club.com\/product\/lounge-two\/\"]}]},{\"@type\":\"ImageObject\",\"inLanguage\":\"es\",\"@id\":\"https:\/\/coral-beach-club.com\/product\/lounge-two\/#primaryimage\",\"url\":\"https:\/\/coral-beach-club.com\/wp-content\/uploads\/2024\/04\/coral-beach-club-lounges-132-scaled-1.jpg\",\"contentUrl\":\"https:\/\/coral-beach-club.com\/wp-content\/uploads\/2024\/04\/coral-beach-club-lounges-132-scaled-1.jpg\",\"width\":1707,\"height\":2560},{\"@type\":\"BreadcrumbList\",\"@id\":\"https:\/\/coral-beach-club.com\/product\/lounge-two\/#breadcrumb\",\"itemListElement\":[{\"@type\":\"ListItem\",\"position\":1,\"name\":\"Home\",\"item\":\"https:\/\/coral-beach-club.com\/\"},{\"@type\":\"ListItem\",\"position\":2,\"name\":\"Shop\",\"item\":\"https:\/\/coral-beach-club.com\/shop\/\"},{\"@type\":\"ListItem\",\"position\":3,\"name\":\"Lounge TWO\"}]},{\"@type\":\"WebSite\",\"@id\":\"https:\/\/coral-beach-club.com\/#website\",\"url\":\"https:\/\/coral-beach-club.com\/\",\"name\":\"Coral Beach Club Dubrovnik\",\"description\":\"--\",\"publisher\":{\"@id\":\"https:\/\/coral-beach-club.com\/#organization\"},\"potentialAction\":[{\"@type\":\"SearchAction\",\"target\":{\"@type\":\"EntryPoint\",\"urlTemplate\":\"https:\/\/coral-beach-club.com\/?s={search_term_string}\"},\"query-input\":{\"@type\":\"PropertyValueSpecification\",\"valueRequired\":true,\"valueName\":\"search_term_string\"}}],\"inLanguage\":\"es\"},{\"@type\":\"Organization\",\"@id\":\"https:\/\/coral-beach-club.com\/#organization\",\"name\":\"Coral Beach Club Dubrovnik\",\"url\":\"https:\/\/coral-beach-club.com\/\",\"logo\":{\"@type\":\"ImageObject\",\"inLanguage\":\"es\",\"@id\":\"https:\/\/coral-beach-club.com\/#\/schema\/logo\/image\/\",\"url\":\"https:\/\/coral-beach-club.com\/wp-content\/uploads\/2024\/05\/coral_red_logo_header.png\",\"contentUrl\":\"https:\/\/coral-beach-club.com\/wp-content\/uploads\/2024\/05\/coral_red_logo_header.png\",\"width\":200,\"height\":86,\"caption\":\"Coral Beach Club Dubrovnik\"},\"image\":{\"@id\":\"https:\/\/coral-beach-club.com\/#\/schema\/logo\/image\/\"},\"sameAs\":[\"https:\/\/www.facebook.com\/CoralBeachClubDubrovnik\/\",\"https:\/\/www.instagram.com\/coralbeachclub_croatia\/\",\"https:\/\/soundcloud.com\/user-235858000\",\"https:\/\/www.tripadvisor.de\/Restaurant_Review-g295371-d8757725-Reviews-Coral_Beach_Club-Dubrovnik_Dubrovnik_Neretva_County_Dalmatia.html\"],\"description\":\"Coral Beach Club Dubrovnik\",\"email\":\"club@coral-beach-club.com\",\"telephone\":\"+385 99 323 9430\",\"legalName\":\"THE Coral ltd.\",\"foundingDate\":\"2015-01-01\",\"vatID\":\"HR86883013144\",\"taxID\":\"86883013144\",\"numberOfEmployees\":{\"@type\":\"QuantitativeValue\",\"minValue\":\"51\",\"maxValue\":\"200\"}}]}<\/script>\n<!-- \/ Yoast SEO Premium plugin. -->","yoast_head_json":{"title":"Sala DOS - Coral Beach Club Dubrovnik","robots":{"index":"index","follow":"follow","max-snippet":"max-snippet:-1","max-image-preview":"max-image-preview:large","max-video-preview":"max-video-preview:-1"},"canonical":"https:\/\/coral-beach-club.com\/es\/product\/sala-dos\/","og_locale":"es_ES","og_type":"article","og_title":"Lounge TWO","og_description":"The right balance between a relaxed sunbath, a chill out lounge and an active beach day. Located right next to the beach in between a comfortable water entrance and our footbridge, with our open air restaurant and our service point just a few steps away.  You can choose between half of a lounge suitable for up to 5 people or a full lounge for up to 10 people. Please note that the amount you pay upfront for Lounge reservation is simply a minimum spend, which you can use towards food and drinks while you enjoy your time in the private lounge.  We also highly recommend booking an additional VIP LOUNGE DOUBLE SUNBEDS to be even closer to the sea and enjoy some relaxed sunbathing, in addition to the lounge that is covered.  Please check bellow in the \u201cFrequently Bought Together\u201d section for the VIP Lounge Double Sunbeds &amp; VIP Lounge Baldachin.","og_url":"https:\/\/coral-beach-club.com\/es\/product\/sala-dos\/","og_site_name":"Coral Beach Club Dubrovnik","article_publisher":"https:\/\/www.facebook.com\/CoralBeachClubDubrovnik\/","article_modified_time":"2026-05-01T10:31:31+00:00","og_image":[{"width":1707,"height":2560,"url":"https:\/\/coral-beach-club.com\/wp-content\/uploads\/2024\/04\/coral-beach-club-lounges-132-scaled-1.jpg","type":"image\/jpeg"}],"twitter_card":"summary_large_image","twitter_misc":{"Tiempo de lectura":"1 minuto"},"schema":{"@context":"https:\/\/schema.org","@graph":[{"@type":["WebPage","ItemPage"],"@id":"https:\/\/coral-beach-club.com\/product\/lounge-two\/","url":"https:\/\/coral-beach-club.com\/product\/lounge-two\/","name":"Sala DOS - Coral Beach Club Dubrovnik","isPartOf":{"@id":"https:\/\/coral-beach-club.com\/#website"},"primaryImageOfPage":{"@id":"https:\/\/coral-beach-club.com\/product\/lounge-two\/#primaryimage"},"image":{"@id":"https:\/\/coral-beach-club.com\/product\/lounge-two\/#primaryimage"},"thumbnailUrl":"https:\/\/coral-beach-club.com\/wp-content\/uploads\/2024\/04\/coral-beach-club-lounges-132-scaled-1.jpg","datePublished":"2024-04-04T13:51:01+00:00","dateModified":"2026-05-01T10:31:31+00:00","breadcrumb":{"@id":"https:\/\/coral-beach-club.com\/product\/lounge-two\/#breadcrumb"},"inLanguage":"es","potentialAction":[{"@type":"ReadAction","target":["https:\/\/coral-beach-club.com\/product\/lounge-two\/"]}]},{"@type":"ImageObject","inLanguage":"es","@id":"https:\/\/coral-beach-club.com\/product\/lounge-two\/#primaryimage","url":"https:\/\/coral-beach-club.com\/wp-content\/uploads\/2024\/04\/coral-beach-club-lounges-132-scaled-1.jpg","contentUrl":"https:\/\/coral-beach-club.com\/wp-content\/uploads\/2024\/04\/coral-beach-club-lounges-132-scaled-1.jpg","width":1707,"height":2560},{"@type":"BreadcrumbList","@id":"https:\/\/coral-beach-club.com\/product\/lounge-two\/#breadcrumb","itemListElement":[{"@type":"ListItem","position":1,"name":"Home","item":"https:\/\/coral-beach-club.com\/"},{"@type":"ListItem","position":2,"name":"Shop","item":"https:\/\/coral-beach-club.com\/shop\/"},{"@type":"ListItem","position":3,"name":"Lounge TWO"}]},{"@type":"WebSite","@id":"https:\/\/coral-beach-club.com\/#website","url":"https:\/\/coral-beach-club.com\/","name":"Coral Beach Club Dubrovnik","description":"--","publisher":{"@id":"https:\/\/coral-beach-club.com\/#organization"},"potentialAction":[{"@type":"SearchAction","target":{"@type":"EntryPoint","urlTemplate":"https:\/\/coral-beach-club.com\/?s={search_term_string}"},"query-input":{"@type":"PropertyValueSpecification","valueRequired":true,"valueName":"search_term_string"}}],"inLanguage":"es"},{"@type":"Organization","@id":"https:\/\/coral-beach-club.com\/#organization","name":"Coral Beach Club Dubrovnik","url":"https:\/\/coral-beach-club.com\/","logo":{"@type":"ImageObject","inLanguage":"es","@id":"https:\/\/coral-beach-club.com\/#\/schema\/logo\/image\/","url":"https:\/\/coral-beach-club.com\/wp-content\/uploads\/2024\/05\/coral_red_logo_header.png","contentUrl":"https:\/\/coral-beach-club.com\/wp-content\/uploads\/2024\/05\/coral_red_logo_header.png","width":200,"height":86,"caption":"Coral Beach Club Dubrovnik"},"image":{"@id":"https:\/\/coral-beach-club.com\/#\/schema\/logo\/image\/"},"sameAs":["https:\/\/www.facebook.com\/CoralBeachClubDubrovnik\/","https:\/\/www.instagram.com\/coralbeachclub_croatia\/","https:\/\/soundcloud.com\/user-235858000","https:\/\/www.tripadvisor.de\/Restaurant_Review-g295371-d8757725-Reviews-Coral_Beach_Club-Dubrovnik_Dubrovnik_Neretva_County_Dalmatia.html"],"description":"Coral Beach Club Dubrovnik","email":"club@coral-beach-club.com","telephone":"+385 99 323 9430","legalName":"THE Coral ltd.","foundingDate":"2015-01-01","vatID":"HR86883013144","taxID":"86883013144","numberOfEmployees":{"@type":"QuantitativeValue","minValue":"51","maxValue":"200"}}]}},"spectra_custom_meta":{"_sku":["201-5"],"total_sales":["49"],"_tax_status":["taxable"],"_tax_class":[""],"_manage_stock":["yes"],"_backorders":["no"],"_sold_individually":["no"],"_virtual":["no"],"_downloadable":["no"],"_download_limit":["0"],"_download_expiry":["0"],"_stock":["1"],"_stock_status":["instock"],"_wc_average_rating":["0"],"_wc_review_count":["0"],"_product_version":["10.5.2"],"_wp_old_slug":["import-placeholder-for-5502"],"_upsell_ids":["a:3:{i:0;i:3901;i:1;i:676;i:2;i:677;}"],"_thumbnail_id":["655"],"_product_attributes":["a:2:{s:20:\"type-min-consumption\";a:6:{s:4:\"name\";s:21:\"Type\/Min. Consumption\";s:5:\"value\";s:60:\"1\/2 Lounge (Up to 5 Persons) | 1\/1 Lounge (Up to 10 Persons)\";s:8:\"position\";i:0;s:10:\"is_visible\";i:1;s:12:\"is_variation\";i:1;s:11:\"is_taxonomy\";i:0;}s:14:\"time-of-arival\";a:6:{s:4:\"name\";s:14:\"Time of Arival\";s:5:\"value\";s:101:\"09:00 | 09.30 | 10:00 | 10:30 | 11:00 | 11:30 | 12:00 | 12:30 | 13:00 | 13:30 | 14:00 | 14:30 | 15:00\";s:8:\"position\";i:1;s:10:\"is_visible\";i:1;s:12:\"is_variation\";i:1;s:11:\"is_taxonomy\";i:0;}}"],"_wpml_word_count":["{\"total\":191,\"to_translate\":{\"hr\":191}}"],"_wpml_media_featured":["1"],"_wpml_media_duplicate":["1"],"_wpml_location_migration_done":["1"],"_yoast_wpseo_primary_product_cat":[""],"_yoast_wpseo_content_score":["60"],"slide_template":[""],"rs_page_bg_color":[""],"_wcml_custom_prices_status":["1"],"_sale_price_dates_to_HRK":[""],"_sale_price_dates_from_HRK":[""],"_sale_price_HRK":[""],"_regular_price_HRK":["750"],"_wcml_schedule_HRK":["0"],"_price_HRK":["750"],"_wcopc":["no"],"_booking_min":[""],"_booking_max":[""],"_number_of_dates":["one"],"_first_available_date":[""],"_bookable":["yes"],"_booking_duration":[""],"_yoast_wpseo_estimated-reading-time-minutes":["1"],"_wc_booking_apply_adjacent_buffer":[""],"_wc_booking_block_cost":[""],"_wc_booking_buffer_period":[""],"_wc_booking_calendar_display_mode":[""],"_wc_booking_cancel_limit_unit":[""],"_wc_booking_cancel_limit":[""],"_wc_booking_check_availability_against":[""],"_wc_booking_cost":[""],"_wc_booking_default_date_availability":[""],"_wc_booking_duration_type":[""],"_wc_booking_duration_unit":[""],"_wc_booking_duration":[""],"_wc_booking_enable_range_picker":[""],"_wc_booking_first_block_time":[""],"_wc_booking_has_person_types":[""],"_wc_booking_has_persons":[""],"_wc_booking_has_resources":[""],"_wc_booking_has_restricted_days":[""],"_wc_booking_max_date_unit":[""],"_wc_booking_max_date":[""],"_wc_booking_max_duration":[""],"_wc_booking_max_persons_group":[""],"_wc_booking_min_date_unit":[""],"_wc_booking_min_date":[""],"_wc_booking_min_duration":[""],"_wc_booking_min_persons_group":[""],"_wc_booking_person_cost_multiplier":[""],"_wc_booking_person_qty_multiplier":[""],"_wc_booking_qty":[""],"_wc_booking_requires_confirmation":[""],"_wc_booking_resources_assignment":[""],"_wc_booking_restricted_days":[""],"_wc_booking_user_can_cancel":[""],"_wc_display_cost":[""],"wc_booking_resource_label":[""],"fb_product_group_id":["5108703195893777"],"_wc_facebook_commerce_enabled":["no"],"_yoast_wpseo_wordproof_timestamp":[""],"_alg_wc_cpp_currency":["HRK"],"_yoast_wpseo_primary_fb_product_set":[""],"fb_product_item_id":[""],"_wc_facebook_sync_enabled":["yes"],"fb_visibility":["no"],"fb_product_description":[""],"_wc_facebook_product_image_source":[""],"fb_product_image":[""],"fb_product_price":[""],"_wapf_price_label":[""],"_wapf_price_display":[""],"_product_image_gallery":["653,652,651,646,3807,3806,3805,3804,3803,3802,3801,3800,3799"],"_edit_lock":["1777631372:9"],"_edit_last":["9"],"site-sidebar-layout":["default"],"ast-site-content-layout":["default"],"site-content-style":["default"],"site-sidebar-style":["default"],"theme-transparent-header-meta":["default"],"stick-header-meta":["default"],"woocr_ids":["a:3:{i:0;s:3:\"676\";i:1;s:3:\"677\";i:2;s:4:\"3901\";}"],"woocr_orderby":["none"],"woocr_order":["asc"],"_yoast_indexnow_last_ping":["1777631442"],"_yoast_wpseo_focuskeywords":["[]"],"_yoast_wpseo_keywordsynonyms":["[\"\"]"],"_wceb_manage_stock":["yes"],"_wc_gla_visibility":["sync-and-show"],"_wc_gla_synced_at":["1777631518"],"_wc_gla_sync_status":["synced"],"_wc_gla_google_ids":["a:1:{s:2:\"DZ\";s:20:\"online:en:DZ:gla_691\";}"],"_wceb_product_shared_availability":["a:0:{}"],"_price":["750","1500"],"_last_available_date":[""],"_yoast_wpseo_primary_product_brand":[""],"_wc_gla_mc_status":["approved"],"force_refresh_current_page_version":["2eb61a94"],"astra-migrate-meta-layouts":["set"],"_uag_page_assets":["a:9:{s:3:\"css\";s:0:\"\";s:2:\"js\";s:0:\"\";s:18:\"current_block_list\";a:7:{i:0;s:11:\"core\/search\";i:1;s:10:\"core\/group\";i:2;s:12:\"core\/heading\";i:3;s:17:\"core\/latest-posts\";i:4;s:20:\"core\/latest-comments\";i:5;s:13:\"core\/archives\";i:6;s:15:\"core\/categories\";}s:8:\"uag_flag\";b:0;s:11:\"uag_version\";s:10:\"1777805055\";s:6:\"gfonts\";a:0:{}s:10:\"gfonts_url\";s:0:\"\";s:12:\"gfonts_files\";a:0:{}s:14:\"uag_faq_layout\";b:0;}"]},"uagb_featured_image_src":{"full":["https:\/\/coral-beach-club.com\/wp-content\/uploads\/2024\/04\/coral-beach-club-lounges-132-scaled-1.jpg",1707,2560,false],"thumbnail":["https:\/\/coral-beach-club.com\/wp-content\/uploads\/2024\/04\/coral-beach-club-lounges-132-scaled-1-150x150.jpg",150,150,true],"medium":["https:\/\/coral-beach-club.com\/wp-content\/uploads\/2024\/04\/coral-beach-club-lounges-132-scaled-1-200x300.jpg",200,300,true],"medium_large":["https:\/\/coral-beach-club.com\/wp-content\/uploads\/2024\/04\/coral-beach-club-lounges-132-scaled-1-768x1152.jpg",768,1152,true],"large":["https:\/\/coral-beach-club.com\/wp-content\/uploads\/2024\/04\/coral-beach-club-lounges-132-scaled-1-683x1024.jpg",683,1024,true],"1536x1536":["https:\/\/coral-beach-club.com\/wp-content\/uploads\/2024\/04\/coral-beach-club-lounges-132-scaled-1-1024x1536.jpg",1024,1536,true],"2048x2048":["https:\/\/coral-beach-club.com\/wp-content\/uploads\/2024\/04\/coral-beach-club-lounges-132-scaled-1-1366x2048.jpg",1366,2048,true],"trp-custom-language-flag":["https:\/\/coral-beach-club.com\/wp-content\/uploads\/2024\/04\/coral-beach-club-lounges-132-scaled-1.jpg",8,12,false],"gform-image-choice-sm":["https:\/\/coral-beach-club.com\/wp-content\/uploads\/2024\/04\/coral-beach-club-lounges-132-scaled-1.jpg",200,300,false],"gform-image-choice-md":["https:\/\/coral-beach-club.com\/wp-content\/uploads\/2024\/04\/coral-beach-club-lounges-132-scaled-1.jpg",267,400,false],"gform-image-choice-lg":["https:\/\/coral-beach-club.com\/wp-content\/uploads\/2024\/04\/coral-beach-club-lounges-132-scaled-1.jpg",400,600,false],"menu-24x24":["https:\/\/coral-beach-club.com\/wp-content\/uploads\/2024\/04\/coral-beach-club-lounges-132-scaled-1.jpg",16,24,false],"menu-36x36":["https:\/\/coral-beach-club.com\/wp-content\/uploads\/2024\/04\/coral-beach-club-lounges-132-scaled-1.jpg",24,36,false],"menu-48x48":["https:\/\/coral-beach-club.com\/wp-content\/uploads\/2024\/04\/coral-beach-club-lounges-132-scaled-1.jpg",32,48,false],"woocommerce_thumbnail":["https:\/\/coral-beach-club.com\/wp-content\/uploads\/2024\/04\/coral-beach-club-lounges-132-scaled-1-300x300.jpg",300,300,true],"woocommerce_single":["https:\/\/coral-beach-club.com\/wp-content\/uploads\/2024\/04\/coral-beach-club-lounges-132-scaled-1-600x900.jpg",600,900,true],"woocommerce_gallery_thumbnail":["https:\/\/coral-beach-club.com\/wp-content\/uploads\/2024\/04\/coral-beach-club-lounges-132-scaled-1-100x100.jpg",100,100,true]},"uagb_author_info":{"display_name":"admin","author_link":"https:\/\/coral-beach-club.com\/es\/author\/"},"uagb_comment_info":0,"uagb_excerpt":"The right balance between a relaxed sunbath, a chill out lounge and an active beach day. Located right next to the beach in between a comfortable water entrance and our footbridge, with our open air restaurant and our service point just a few steps away. You can choose between half of a lounge suitable for&hellip;","_links":{"self":[{"href":"https:\/\/coral-beach-club.com\/es\/wp-json\/wp\/v2\/product\/689","targetHints":{"allow":["GET"]}}],"collection":[{"href":"https:\/\/coral-beach-club.com\/es\/wp-json\/wp\/v2\/product"}],"about":[{"href":"https:\/\/coral-beach-club.com\/es\/wp-json\/wp\/v2\/types\/product"}],"wp:featuredmedia":[{"embeddable":true,"href":"https:\/\/coral-beach-club.com\/es\/wp-json\/wp\/v2\/media\/655"}],"wp:attachment":[{"href":"https:\/\/coral-beach-club.com\/es\/wp-json\/wp\/v2\/media?parent=689"}],"wp:term":[{"taxonomy":"product_brand","embeddable":true,"href":"https:\/\/coral-beach-club.com\/es\/wp-json\/wp\/v2\/product_brand?post=689"},{"taxonomy":"product_cat","embeddable":true,"href":"https:\/\/coral-beach-club.com\/es\/wp-json\/wp\/v2\/product_cat?post=689"},{"taxonomy":"product_tag","embeddable":true,"href":"https:\/\/coral-beach-club.com\/es\/wp-json\/wp\/v2\/product_tag?post=689"}],"curies":[{"name":"wp","href":"https:\/\/api.w.org\/{rel}","templated":true}]}}