{"id":1165,"date":"2024-04-16T13:09:39","date_gmt":"2024-04-16T13:09:39","guid":{"rendered":"https:\/\/staging.coral-beach-club.com\/?page_id=1165"},"modified":"2024-04-24T07:05:17","modified_gmt":"2024-04-24T07:05:17","slug":"seguridad-de-los-pagos-en-linea","status":"publish","type":"page","link":"https:\/\/coral-beach-club.com\/es\/security-of-online-payments\/","title":{"rendered":"Seguridad de los pagos en l\u00ednea"},"content":{"rendered":"<div class=\"wp-block-cover alignfull title-cover\" style=\"min-height:100vh;aspect-ratio:unset;\"><span aria-hidden=\"true\" class=\"wp-block-cover__background has-black-background-color has-background-dim\"><\/span><img loading=\"lazy\" decoding=\"async\" width=\"1920\" height=\"1280\" class=\"wp-block-cover__image-background wp-image-1317\" alt=\"Club de playa de Dubrovnik\" src=\"https:\/\/coral-beach-club.com\/wp-content\/uploads\/2024\/04\/DJI_0060_scaled.jpg\" data-object-fit=\"cover\" srcset=\"https:\/\/coral-beach-club.com\/wp-content\/uploads\/2024\/04\/DJI_0060_scaled.jpg 1920w, https:\/\/coral-beach-club.com\/wp-content\/uploads\/2024\/04\/DJI_0060_scaled-300x200.jpg 300w, https:\/\/coral-beach-club.com\/wp-content\/uploads\/2024\/04\/DJI_0060_scaled-1024x683.jpg 1024w, https:\/\/coral-beach-club.com\/wp-content\/uploads\/2024\/04\/DJI_0060_scaled-768x512.jpg 768w, https:\/\/coral-beach-club.com\/wp-content\/uploads\/2024\/04\/DJI_0060_scaled-1536x1024.jpg 1536w, https:\/\/coral-beach-club.com\/wp-content\/uploads\/2024\/04\/DJI_0060_scaled-600x400.jpg 600w\" sizes=\"auto, (max-width: 1920px) 100vw, 1920px\" \/><div class=\"wp-block-cover__inner-container is-layout-flow wp-container-core-cover-is-layout-a77db08e wp-block-cover-is-layout-flow\">\n<h1 class=\"wp-block-heading has-text-align-center\" style=\"margin-top:var(--wp--preset--spacing--50);margin-bottom:var(--wp--preset--spacing--50);font-size:72px;font-style:normal;font-weight:700\">Seguridad de los pagos en l\u00ednea<\/h1>\n\n\n\n<p class=\"has-text-align-center has-medium-font-size\" style=\"margin-top:var(--wp--preset--spacing--30);margin-bottom:var(--wp--preset--spacing--30)\">Hacemos que los momentos del verano sean incre\u00edbles<\/p>\n\n\n\n<p class=\"has-text-align-center has-medium-font-size\" style=\"margin-top:var(--wp--preset--spacing--30);margin-right:0;margin-bottom:var(--wp--preset--spacing--30);margin-left:0;font-style:normal;font-weight:300;letter-spacing:3px\"><a href=\"https:\/\/coral-beach-club.com\/es\/politica-de-privacidad\/\" data-type=\"page\" data-id=\"3\">Pol\u00edtica de privacidad<\/a> | <a href=\"https:\/\/coral-beach-club.com\/es\/condiciones\/\" data-type=\"page\" data-id=\"599\">Condiciones generales<\/a><\/p>\n\n\n    <div id=\"dubrovnik-weather-time\"><\/div>\n    <script type=\"text\/javascript\">\n        function fetchDubrovnikWeather() {\n            fetch(\"https:\/\/coral-beach-club.com\/wp-json\/api\/v1\/weather\")\n                .then(response => response.json())\n                .then(data => {\n                    var tempCelsius = data.main.temp;\n                    var tempFahrenheit = tempCelsius * 9 \/ 5 + 32;\n                    var dubrovnikTime = new Date().toLocaleTimeString('en-GB', { timeZone: 'Europe\/Zagreb', hour: '2-digit', minute:'2-digit' });\n                    var widgetContent = tempCelsius.toFixed(1) + '\u00b0C (' + tempFahrenheit.toFixed(1) + 'F) ' + dubrovnikTime + ' GMT+1';\n                    document.getElementById('dubrovnik-weather-time').innerHTML = widgetContent;\n\n                    setInterval(()=>{\n                        dubrovnikTime = new Date().toLocaleTimeString('en-GB', { timeZone: 'Europe\/Zagreb', hour: '2-digit', minute:'2-digit' });\n                        widgetContent = tempCelsius.toFixed(1) + '\u00b0C (' + tempFahrenheit.toFixed(1) + 'F) ' + dubrovnikTime + ' GMT+1';\n                        document.getElementById('dubrovnik-weather-time').innerHTML = widgetContent;\n                    },10000); \/\/ Update every 10sec to keep the clocks more in sync\n\n                })\n                .catch(error => {\n                    console.error('Error fetching weather data:', error);\n                    document.getElementById('dubrovnik-weather-time').innerHTML = 'Error fetching weather data.';\n                });\n        }\n\n        \/\/ Fetch the weather data once, the clock will update itself with the callback\n        fetchDubrovnikWeather();\n\n    <\/script>\n<\/div><\/div>\n\n\n\n<div class=\"wp-block-uagb-container lotsoftext uagb-block-12739550 alignfull uagb-is-root-container\"><div class=\"uagb-container-inner-blocks-wrap\">\nAl realizar pagos en nuestra tienda web est\u00e1 utilizando CorvusPay, un sistema avanzado para la aceptaci\u00f3n segura de tarjetas de cr\u00e9dito en Internet.\nCorvusPay garantiza la total privacidad de los datos de su tarjeta de cr\u00e9dito desde el momento en que los introduce en el formulario de pago de CorvusPay. Los datos necesarios para la facturaci\u00f3n se transmiten encriptados desde su navegador web al banco emisor de su tarjeta de pago. Nuestra tienda nunca entra en contacto con los datos sensibles de su tarjeta de pago. Del mismo modo, los operadores de CorvusPay no pueden acceder a sus datos completos de titular de tarjeta. Un n\u00facleo aislado del sistema transmite y gestiona de forma independiente los datos sensibles, al tiempo que los mantiene completamente seguros.\nEl formulario para introducir los datos de pago est\u00e1 protegido por un cifrado de transmisi\u00f3n SSL de la m\u00e1xima fiabilidad. Todos los datos almacenados est\u00e1n protegidos adem\u00e1s por un cifrado de alta calidad, mediante dispositivos de hardware certificados por la norma FIPS 140 2 Nivel 3. CorvusPay cumple todos los requisitos para el pago seguro en l\u00ednea prescritos por las principales marcas de tarjetas de cr\u00e9dito, operando en conformidad con la norma PCI DSS Nivel 1 - la norma de seguridad m\u00e1s alta de la industria de tarjetas de pago. Los pagos realizados con tarjetas inscritas en el programa 3-D Secure son autenticados adem\u00e1s por el banco emisor, confirmando su identidad mediante el uso de un token o una contrase\u00f1a.\nToda la informaci\u00f3n recogida por Corvus Info se considera secreto bancario y se trata en consecuencia. La informaci\u00f3n se utiliza exclusivamente para los fines para los que fue concebida. Sus datos sensibles est\u00e1n totalmente seguros y su privacidad est\u00e1 garantizada por los mecanismos de salvaguardia m\u00e1s avanzados. Recogemos s\u00f3lo los datos necesarios para realizar el trabajo de acuerdo con los exigentes procedimientos prescritos para el pago en l\u00ednea.\n<\/div><\/div>","protected":false},"excerpt":{"rendered":"<p>While conducting payments on our web shop you are using CorvusPay \u2013 an advanced system for secure acceptance of credit [&hellip;]<\/p>\n","protected":false},"author":2,"featured_media":0,"parent":0,"menu_order":0,"comment_status":"closed","ping_status":"open","template":"","meta":{"_uag_custom_page_level_css":"","site-sidebar-layout":"default","site-content-layout":"","ast-site-content-layout":"","site-content-style":"default","site-sidebar-style":"default","ast-global-header-display":"","ast-banner-title-visibility":"","ast-main-header-display":"","ast-hfb-above-header-display":"","ast-hfb-below-header-display":"","ast-hfb-mobile-header-display":"","site-post-title":"disabled","ast-breadcrumbs-content":"","ast-featured-img":"","footer-sml-layout":"","theme-transparent-header-meta":"","adv-header-id-meta":"","stick-header-meta":"","header-above-stick-meta":"","header-main-stick-meta":"","header-below-stick-meta":"","astra-migrate-meta-layouts":"default","ast-page-background-enabled":"default","ast-page-background-meta":{"desktop":{"background-color":"var(--ast-global-color-4)","background-image":"","background-repeat":"repeat","background-position":"center center","background-size":"auto","background-attachment":"scroll","background-type":"","background-media":"","overlay-type":"","overlay-color":"","overlay-opacity":"","overlay-gradient":""},"tablet":{"background-color":"","background-image":"","background-repeat":"repeat","background-position":"center center","background-size":"auto","background-attachment":"scroll","background-type":"","background-media":"","overlay-type":"","overlay-color":"","overlay-opacity":"","overlay-gradient":""},"mobile":{"background-color":"","background-image":"","background-repeat":"repeat","background-position":"center center","background-size":"auto","background-attachment":"scroll","background-type":"","background-media":"","overlay-type":"","overlay-color":"","overlay-opacity":"","overlay-gradient":""}},"ast-content-background-meta":{"desktop":{"background-color":"var(--ast-global-color-5)","background-image":"","background-repeat":"repeat","background-position":"center center","background-size":"auto","background-attachment":"scroll","background-type":"","background-media":"","overlay-type":"","overlay-color":"","overlay-opacity":"","overlay-gradient":""},"tablet":{"background-color":"var(--ast-global-color-5)","background-image":"","background-repeat":"repeat","background-position":"center center","background-size":"auto","background-attachment":"scroll","background-type":"","background-media":"","overlay-type":"","overlay-color":"","overlay-opacity":"","overlay-gradient":""},"mobile":{"background-color":"var(--ast-global-color-5)","background-image":"","background-repeat":"repeat","background-position":"center center","background-size":"auto","background-attachment":"scroll","background-type":"","background-media":"","overlay-type":"","overlay-color":"","overlay-opacity":"","overlay-gradient":""}},"footnotes":""},"class_list":["post-1165","page","type-page","status-publish","hentry"],"yoast_head":"<!-- This site is optimized with the Yoast SEO Premium plugin v22.6 (Yoast SEO v27.0) - https:\/\/yoast.com\/product\/yoast-seo-premium-wordpress\/ -->\n<title>Security of online payments - Coral Beach Club Dubrovnik<\/title>\n<meta name=\"robots\" content=\"index, follow, max-snippet:-1, max-image-preview:large, max-video-preview:-1\" \/>\n<link rel=\"canonical\" href=\"https:\/\/coral-beach-club.com\/es\/seguridad-de-los-pagos-en-linea\/\" \/>\n<meta property=\"og:locale\" content=\"es_ES\" \/>\n<meta property=\"og:type\" content=\"article\" \/>\n<meta property=\"og:title\" content=\"Security of online payments\" \/>\n<meta property=\"og:description\" content=\"While conducting payments on our web shop you are using CorvusPay \u2013 an advanced system for secure acceptance of credit [&hellip;]\" \/>\n<meta property=\"og:url\" content=\"https:\/\/coral-beach-club.com\/es\/seguridad-de-los-pagos-en-linea\/\" \/>\n<meta property=\"og:site_name\" content=\"Coral Beach Club Dubrovnik\" \/>\n<meta property=\"article:publisher\" content=\"https:\/\/www.facebook.com\/CoralBeachClubDubrovnik\/\" \/>\n<meta property=\"article:modified_time\" content=\"2024-04-24T07:05:17+00:00\" \/>\n<meta property=\"og:image\" content=\"https:\/\/coral-beach-club.com\/wp-content\/uploads\/2024\/04\/DJI_0060_scaled.jpg\" \/>\n<meta name=\"twitter:card\" content=\"summary_large_image\" \/>\n<meta name=\"twitter:label1\" content=\"Tiempo de lectura\" \/>\n\t<meta name=\"twitter:data1\" content=\"1 minuto\" \/>\n<script type=\"application\/ld+json\" class=\"yoast-schema-graph\">{\"@context\":\"https:\/\/schema.org\",\"@graph\":[{\"@type\":\"WebPage\",\"@id\":\"https:\/\/coral-beach-club.com\/security-of-online-payments\/\",\"url\":\"https:\/\/coral-beach-club.com\/security-of-online-payments\/\",\"name\":\"Security of online payments - Coral Beach Club Dubrovnik\",\"isPartOf\":{\"@id\":\"https:\/\/coral-beach-club.com\/#website\"},\"primaryImageOfPage\":{\"@id\":\"https:\/\/coral-beach-club.com\/security-of-online-payments\/#primaryimage\"},\"image\":{\"@id\":\"https:\/\/coral-beach-club.com\/security-of-online-payments\/#primaryimage\"},\"thumbnailUrl\":\"https:\/\/coral-beach-club.com\/wp-content\/uploads\/2024\/04\/DJI_0060_scaled.jpg\",\"datePublished\":\"2024-04-16T13:09:39+00:00\",\"dateModified\":\"2024-04-24T07:05:17+00:00\",\"breadcrumb\":{\"@id\":\"https:\/\/coral-beach-club.com\/security-of-online-payments\/#breadcrumb\"},\"inLanguage\":\"es\",\"potentialAction\":[{\"@type\":\"ReadAction\",\"target\":[\"https:\/\/coral-beach-club.com\/security-of-online-payments\/\"]}]},{\"@type\":\"ImageObject\",\"inLanguage\":\"es\",\"@id\":\"https:\/\/coral-beach-club.com\/security-of-online-payments\/#primaryimage\",\"url\":\"https:\/\/coral-beach-club.com\/wp-content\/uploads\/2024\/04\/DJI_0060_scaled.jpg\",\"contentUrl\":\"https:\/\/coral-beach-club.com\/wp-content\/uploads\/2024\/04\/DJI_0060_scaled.jpg\"},{\"@type\":\"BreadcrumbList\",\"@id\":\"https:\/\/coral-beach-club.com\/security-of-online-payments\/#breadcrumb\",\"itemListElement\":[{\"@type\":\"ListItem\",\"position\":1,\"name\":\"Home\",\"item\":\"https:\/\/coral-beach-club.com\/\"},{\"@type\":\"ListItem\",\"position\":2,\"name\":\"Security of online payments\"}]},{\"@type\":\"WebSite\",\"@id\":\"https:\/\/coral-beach-club.com\/#website\",\"url\":\"https:\/\/coral-beach-club.com\/\",\"name\":\"Coral Beach Club Dubrovnik\",\"description\":\"--\",\"publisher\":{\"@id\":\"https:\/\/coral-beach-club.com\/#organization\"},\"potentialAction\":[{\"@type\":\"SearchAction\",\"target\":{\"@type\":\"EntryPoint\",\"urlTemplate\":\"https:\/\/coral-beach-club.com\/?s={search_term_string}\"},\"query-input\":{\"@type\":\"PropertyValueSpecification\",\"valueRequired\":true,\"valueName\":\"search_term_string\"}}],\"inLanguage\":\"es\"},{\"@type\":\"Organization\",\"@id\":\"https:\/\/coral-beach-club.com\/#organization\",\"name\":\"Coral Beach Club Dubrovnik\",\"url\":\"https:\/\/coral-beach-club.com\/\",\"logo\":{\"@type\":\"ImageObject\",\"inLanguage\":\"es\",\"@id\":\"https:\/\/coral-beach-club.com\/#\/schema\/logo\/image\/\",\"url\":\"https:\/\/coral-beach-club.com\/wp-content\/uploads\/2024\/05\/coral_red_logo_header.png\",\"contentUrl\":\"https:\/\/coral-beach-club.com\/wp-content\/uploads\/2024\/05\/coral_red_logo_header.png\",\"width\":200,\"height\":86,\"caption\":\"Coral Beach Club Dubrovnik\"},\"image\":{\"@id\":\"https:\/\/coral-beach-club.com\/#\/schema\/logo\/image\/\"},\"sameAs\":[\"https:\/\/www.facebook.com\/CoralBeachClubDubrovnik\/\",\"https:\/\/www.instagram.com\/coralbeachclub_croatia\/\",\"https:\/\/soundcloud.com\/user-235858000\",\"https:\/\/www.tripadvisor.de\/Restaurant_Review-g295371-d8757725-Reviews-Coral_Beach_Club-Dubrovnik_Dubrovnik_Neretva_County_Dalmatia.html\"],\"description\":\"Coral Beach Club Dubrovnik\",\"email\":\"club@coral-beach-club.com\",\"telephone\":\"+385 99 323 9430\",\"legalName\":\"THE Coral ltd.\",\"foundingDate\":\"2015-01-01\",\"vatID\":\"HR86883013144\",\"taxID\":\"86883013144\",\"numberOfEmployees\":{\"@type\":\"QuantitativeValue\",\"minValue\":\"51\",\"maxValue\":\"200\"}}]}<\/script>\n<!-- \/ Yoast SEO Premium plugin. -->","yoast_head_json":{"title":"Seguridad de los pagos en l\u00ednea - Coral Beach Club Dubrovnik","robots":{"index":"index","follow":"follow","max-snippet":"max-snippet:-1","max-image-preview":"max-image-preview:large","max-video-preview":"max-video-preview:-1"},"canonical":"https:\/\/coral-beach-club.com\/es\/seguridad-de-los-pagos-en-linea\/","og_locale":"es_ES","og_type":"article","og_title":"Security of online payments","og_description":"While conducting payments on our web shop you are using CorvusPay \u2013 an advanced system for secure acceptance of credit [&hellip;]","og_url":"https:\/\/coral-beach-club.com\/es\/seguridad-de-los-pagos-en-linea\/","og_site_name":"Coral Beach Club Dubrovnik","article_publisher":"https:\/\/www.facebook.com\/CoralBeachClubDubrovnik\/","article_modified_time":"2024-04-24T07:05:17+00:00","og_image":[{"url":"https:\/\/coral-beach-club.com\/wp-content\/uploads\/2024\/04\/DJI_0060_scaled.jpg","type":"","width":"","height":""}],"twitter_card":"summary_large_image","twitter_misc":{"Tiempo de lectura":"1 minuto"},"schema":{"@context":"https:\/\/schema.org","@graph":[{"@type":"WebPage","@id":"https:\/\/coral-beach-club.com\/security-of-online-payments\/","url":"https:\/\/coral-beach-club.com\/security-of-online-payments\/","name":"Seguridad de los pagos en l\u00ednea - Coral Beach Club Dubrovnik","isPartOf":{"@id":"https:\/\/coral-beach-club.com\/#website"},"primaryImageOfPage":{"@id":"https:\/\/coral-beach-club.com\/security-of-online-payments\/#primaryimage"},"image":{"@id":"https:\/\/coral-beach-club.com\/security-of-online-payments\/#primaryimage"},"thumbnailUrl":"https:\/\/coral-beach-club.com\/wp-content\/uploads\/2024\/04\/DJI_0060_scaled.jpg","datePublished":"2024-04-16T13:09:39+00:00","dateModified":"2024-04-24T07:05:17+00:00","breadcrumb":{"@id":"https:\/\/coral-beach-club.com\/security-of-online-payments\/#breadcrumb"},"inLanguage":"es","potentialAction":[{"@type":"ReadAction","target":["https:\/\/coral-beach-club.com\/security-of-online-payments\/"]}]},{"@type":"ImageObject","inLanguage":"es","@id":"https:\/\/coral-beach-club.com\/security-of-online-payments\/#primaryimage","url":"https:\/\/coral-beach-club.com\/wp-content\/uploads\/2024\/04\/DJI_0060_scaled.jpg","contentUrl":"https:\/\/coral-beach-club.com\/wp-content\/uploads\/2024\/04\/DJI_0060_scaled.jpg"},{"@type":"BreadcrumbList","@id":"https:\/\/coral-beach-club.com\/security-of-online-payments\/#breadcrumb","itemListElement":[{"@type":"ListItem","position":1,"name":"Home","item":"https:\/\/coral-beach-club.com\/"},{"@type":"ListItem","position":2,"name":"Security of online payments"}]},{"@type":"WebSite","@id":"https:\/\/coral-beach-club.com\/#website","url":"https:\/\/coral-beach-club.com\/","name":"Coral Beach Club Dubrovnik","description":"--","publisher":{"@id":"https:\/\/coral-beach-club.com\/#organization"},"potentialAction":[{"@type":"SearchAction","target":{"@type":"EntryPoint","urlTemplate":"https:\/\/coral-beach-club.com\/?s={search_term_string}"},"query-input":{"@type":"PropertyValueSpecification","valueRequired":true,"valueName":"search_term_string"}}],"inLanguage":"es"},{"@type":"Organization","@id":"https:\/\/coral-beach-club.com\/#organization","name":"Coral Beach Club Dubrovnik","url":"https:\/\/coral-beach-club.com\/","logo":{"@type":"ImageObject","inLanguage":"es","@id":"https:\/\/coral-beach-club.com\/#\/schema\/logo\/image\/","url":"https:\/\/coral-beach-club.com\/wp-content\/uploads\/2024\/05\/coral_red_logo_header.png","contentUrl":"https:\/\/coral-beach-club.com\/wp-content\/uploads\/2024\/05\/coral_red_logo_header.png","width":200,"height":86,"caption":"Coral Beach Club Dubrovnik"},"image":{"@id":"https:\/\/coral-beach-club.com\/#\/schema\/logo\/image\/"},"sameAs":["https:\/\/www.facebook.com\/CoralBeachClubDubrovnik\/","https:\/\/www.instagram.com\/coralbeachclub_croatia\/","https:\/\/soundcloud.com\/user-235858000","https:\/\/www.tripadvisor.de\/Restaurant_Review-g295371-d8757725-Reviews-Coral_Beach_Club-Dubrovnik_Dubrovnik_Neretva_County_Dalmatia.html"],"description":"Coral Beach Club Dubrovnik","email":"club@coral-beach-club.com","telephone":"+385 99 323 9430","legalName":"THE Coral ltd.","foundingDate":"2015-01-01","vatID":"HR86883013144","taxID":"86883013144","numberOfEmployees":{"@type":"QuantitativeValue","minValue":"51","maxValue":"200"}}]}},"spectra_custom_meta":{"_wp_page_template":["default"],"_uag_custom_page_level_css":[""],"site-post-title":["disabled"],"theme-transparent-header-meta":[""],"adv-header-id-meta":[""],"stick-header-meta":[""],"footnotes":[""],"_dp_original":["3"],"_edit_lock":["1713956073:1"],"_uag_css_file_name":["uag-css-1165.css"],"_uag_page_assets":["a:9:{s:3:\"css\";s:2517:\".wp-block-uagb-container.uagb-block-12739550 .uagb-container__shape-top svg{width: calc( 100% + 1.3px );}.wp-block-uagb-container.uagb-block-12739550 .uagb-container__shape.uagb-container__shape-top .uagb-container__shape-fill{fill: rgba(51,51,51,1);}.wp-block-uagb-container.uagb-block-12739550 .uagb-container__shape-bottom svg{width: calc( 100% + 1.3px );}.wp-block-uagb-container.uagb-block-12739550 .uagb-container__shape.uagb-container__shape-bottom .uagb-container__shape-fill{fill: rgba(51,51,51,1);}.wp-block-uagb-container.uagb-block-12739550 .uagb-container__video-wrap video{opacity: 1;}.wp-block-uagb-container.uagb-is-root-container .uagb-block-12739550{max-width: 100%;width: 100%;}.wp-block-uagb-container.uagb-is-root-container.alignfull.uagb-block-12739550 > .uagb-container-inner-blocks-wrap{--inner-content-custom-width: min( 100%, 1200px);max-width: var(--inner-content-custom-width);width: 100%;flex-direction: column;align-items: center;justify-content: center;flex-wrap: nowrap;row-gap: 20px;column-gap: 20px;}.wp-block-uagb-container.uagb-block-12739550{box-shadow: 0px 0px   #00000070 ;padding-top: 10px;padding-bottom: 10px;padding-left: 10px;padding-right: 10px;margin-top: 40px !important;margin-bottom: 40px !important;margin-left: 0px;margin-right: 0px;overflow: visible;border-color: inherit;row-gap: 20px;column-gap: 20px;}@media only screen and (max-width: 976px) {.wp-block-uagb-container.uagb-is-root-container .uagb-block-12739550{width: 100%;}.wp-block-uagb-container.uagb-is-root-container.alignfull.uagb-block-12739550 > .uagb-container-inner-blocks-wrap{--inner-content-custom-width: min( 100%, 1024px);max-width: var(--inner-content-custom-width);width: 100%;}.wp-block-uagb-container.uagb-block-12739550{padding-top: 10px;padding-bottom: 10px;padding-left: 10px;padding-right: 10px;margin-top: 40px !important;margin-bottom: 40px !important;margin-left: 0px;margin-right: 0px;}}@media only screen and (max-width: 767px) {.wp-block-uagb-container.uagb-is-root-container .uagb-block-12739550{max-width: 100%;width: 100%;}.wp-block-uagb-container.uagb-is-root-container.alignfull.uagb-block-12739550 > .uagb-container-inner-blocks-wrap{--inner-content-custom-width: min( 100%, 767px);max-width: var(--inner-content-custom-width);width: 100%;flex-wrap: wrap;}.wp-block-uagb-container.uagb-block-12739550{padding-top: 10px;padding-bottom: 10px;padding-left: 10px;padding-right: 10px;margin-top: 40px !important;margin-bottom: 40px !important;margin-left: 0px;margin-right: 0px;}}\";s:2:\"js\";s:0:\"\";s:18:\"current_block_list\";a:12:{i:0;s:10:\"core\/cover\";i:1;s:12:\"core\/heading\";i:2;s:14:\"core\/paragraph\";i:3;s:14:\"core\/shortcode\";i:4;s:14:\"uagb\/container\";i:5;s:9:\"core\/html\";i:6;s:11:\"core\/search\";i:7;s:10:\"core\/group\";i:8;s:17:\"core\/latest-posts\";i:9;s:20:\"core\/latest-comments\";i:10;s:13:\"core\/archives\";i:11;s:15:\"core\/categories\";}s:8:\"uag_flag\";b:1;s:11:\"uag_version\";s:10:\"1776617450\";s:6:\"gfonts\";a:0:{}s:10:\"gfonts_url\";s:0:\"\";s:12:\"gfonts_files\";a:0:{}s:14:\"uag_faq_layout\";b:0;}"]},"uagb_featured_image_src":{"full":false,"thumbnail":false,"medium":false,"medium_large":false,"large":false,"1536x1536":false,"2048x2048":false,"trp-custom-language-flag":false,"gform-image-choice-sm":false,"gform-image-choice-md":false,"gform-image-choice-lg":false,"menu-24x24":false,"menu-36x36":false,"menu-48x48":false,"woocommerce_thumbnail":false,"woocommerce_single":false,"woocommerce_gallery_thumbnail":false},"uagb_author_info":{"display_name":"ProAdmin2","author_link":"https:\/\/coral-beach-club.com\/es\/author\/proadmin2\/"},"uagb_comment_info":0,"uagb_excerpt":"While conducting payments on our web shop you are using CorvusPay \u2013 an advanced system for secure acceptance of credit [&hellip;]","_links":{"self":[{"href":"https:\/\/coral-beach-club.com\/es\/wp-json\/wp\/v2\/pages\/1165","targetHints":{"allow":["GET"]}}],"collection":[{"href":"https:\/\/coral-beach-club.com\/es\/wp-json\/wp\/v2\/pages"}],"about":[{"href":"https:\/\/coral-beach-club.com\/es\/wp-json\/wp\/v2\/types\/page"}],"author":[{"embeddable":true,"href":"https:\/\/coral-beach-club.com\/es\/wp-json\/wp\/v2\/users\/2"}],"replies":[{"embeddable":true,"href":"https:\/\/coral-beach-club.com\/es\/wp-json\/wp\/v2\/comments?post=1165"}],"version-history":[{"count":6,"href":"https:\/\/coral-beach-club.com\/es\/wp-json\/wp\/v2\/pages\/1165\/revisions"}],"predecessor-version":[{"id":5901,"href":"https:\/\/coral-beach-club.com\/es\/wp-json\/wp\/v2\/pages\/1165\/revisions\/5901"}],"wp:attachment":[{"href":"https:\/\/coral-beach-club.com\/es\/wp-json\/wp\/v2\/media?parent=1165"}],"curies":[{"name":"wp","href":"https:\/\/api.w.org\/{rel}","templated":true}]}}