{"id":677,"date":"2024-04-04T13:50:59","date_gmt":"2024-04-04T13:50:59","guid":{"rendered":"https:\/\/staging.coral-beach-club.com\/?post_type=product&#038;p=677"},"modified":"2026-04-15T22:38:47","modified_gmt":"2026-04-15T22:38:47","slug":"vip-lounge-doppelte-sonnenbank","status":"publish","type":"product","link":"https:\/\/coral-beach-club.com\/de\/product\/vip-lounge-double-sunbed\/","title":{"rendered":"VIP-Lounge Doppel-Sonnenliege"},"content":{"rendered":"","protected":false},"excerpt":{"rendered":"<p>Wir freuen uns, Ihnen ein noch besseres Entspannungserlebnis im Coral Beach Club bieten zu k\u00f6nnen! Zus\u00e4tzlich zu unseren Lounges k\u00f6nnen Sie VIP-Lounge-Doppel-Sonnenliegen reservieren, die sogar <strong>n\u00e4her am Meer, direkt neben Ihrem Wohnzimmer<\/strong>. Diese Sonnenb\u00e4nke sind in der <strong>VIP-Bereich, in der N\u00e4he des DJs und der Au\u00dfenbar,<\/strong> So k\u00f6nnen Sie die Atmosph\u00e4re am Meer in vollen Z\u00fcgen genie\u00dfen. Unsere Sonnenliegen sind ger\u00e4umig und verf\u00fcgen \u00fcber verstellbare R\u00fcckenlehnen f\u00fcr Ihren Komfort, und dank des Schattens, den Ihre Lounge bietet, k\u00f6nnen Sie m\u00fchelos zwischen Sonne und Schatten wechseln.<\/p>\n<p><strong data-start=\"617\" data-end=\"705\">Bitte beachten Sie: Um eine VIP-Lounge-Doppelliege zu buchen, m\u00fcssen Sie keine Lounge reservieren.<\/strong> Liegest\u00fchle und Sonnenliegen werden unabh\u00e4ngig voneinander gebucht, und viele G\u00e4ste entscheiden sich daf\u00fcr, nur das eine oder das andere zu reservieren.<\/p>\n<p>Einmal reserviert, geh\u00f6ren die Sonnenb\u00e4nke Ihnen f\u00fcr den ganzen <strong>den ganzen Tag,<\/strong> f\u00fcr einen entspannten und angenehmen Besuch.<\/p>","protected":false},"featured_media":701,"template":"","meta":{"_uag_custom_page_level_css":"","site-sidebar-layout":"default","site-content-layout":"","ast-site-content-layout":"default","site-content-style":"default","site-sidebar-style":"default","ast-global-header-display":"","ast-banner-title-visibility":"","ast-main-header-display":"","ast-hfb-above-header-display":"","ast-hfb-below-header-display":"","ast-hfb-mobile-header-display":"","site-post-title":"","ast-breadcrumbs-content":"","ast-featured-img":"","footer-sml-layout":"","theme-transparent-header-meta":"default","adv-header-id-meta":"","stick-header-meta":"default","header-above-stick-meta":"","header-main-stick-meta":"","header-below-stick-meta":"","astra-migrate-meta-layouts":"set","ast-page-background-enabled":"default","ast-page-background-meta":{"desktop":{"background-color":"var(--ast-global-color-4)","background-image":"","background-repeat":"repeat","background-position":"center center","background-size":"auto","background-attachment":"scroll","background-type":"","background-media":"","overlay-type":"","overlay-color":"","overlay-opacity":"","overlay-gradient":""},"tablet":{"background-color":"","background-image":"","background-repeat":"repeat","background-position":"center center","background-size":"auto","background-attachment":"scroll","background-type":"","background-media":"","overlay-type":"","overlay-color":"","overlay-opacity":"","overlay-gradient":""},"mobile":{"background-color":"","background-image":"","background-repeat":"repeat","background-position":"center center","background-size":"auto","background-attachment":"scroll","background-type":"","background-media":"","overlay-type":"","overlay-color":"","overlay-opacity":"","overlay-gradient":""}},"ast-content-background-meta":{"desktop":{"background-color":"var(--ast-global-color-5)","background-image":"","background-repeat":"repeat","background-position":"center center","background-size":"auto","background-attachment":"scroll","background-type":"","background-media":"","overlay-type":"","overlay-color":"","overlay-opacity":"","overlay-gradient":""},"tablet":{"background-color":"var(--ast-global-color-5)","background-image":"","background-repeat":"repeat","background-position":"center center","background-size":"auto","background-attachment":"scroll","background-type":"","background-media":"","overlay-type":"","overlay-color":"","overlay-opacity":"","overlay-gradient":""},"mobile":{"background-color":"var(--ast-global-color-5)","background-image":"","background-repeat":"repeat","background-position":"center center","background-size":"auto","background-attachment":"scroll","background-type":"","background-media":"","overlay-type":"","overlay-color":"","overlay-opacity":"","overlay-gradient":""}}},"product_brand":[],"product_cat":[21],"product_tag":[],"class_list":{"0":"post-677","1":"product","2":"type-product","3":"status-publish","4":"has-post-thumbnail","6":"product_cat-bookings","7":"desktop-align-left","8":"tablet-align-left","9":"mobile-align-left","10":"ast-product-gallery-layout-horizontal-slider","11":"ast-magnify-disabled","12":"ast-product-single-variable","13":"ast-product-tabs-layout-horizontal","15":"first","16":"instock","17":"taxable","18":"shipping-taxable","19":"purchasable","20":"product-type-variable"},"yoast_head":"<!-- This site is optimized with the Yoast SEO Premium plugin v22.6 (Yoast SEO v27.0) - https:\/\/yoast.com\/product\/yoast-seo-premium-wordpress\/ -->\n<title>VIP Lounge Double Sunbed - Coral Beach Club Dubrovnik<\/title>\n<meta name=\"robots\" content=\"index, follow, max-snippet:-1, max-image-preview:large, max-video-preview:-1\" \/>\n<link rel=\"canonical\" href=\"https:\/\/coral-beach-club.com\/de\/produkt\/vip-lounge-doppelte-sonnenbank\/\" \/>\n<meta property=\"og:locale\" content=\"de_DE\" \/>\n<meta property=\"og:type\" content=\"article\" \/>\n<meta property=\"og:title\" content=\"VIP Lounge Double Sunbed\" \/>\n<meta property=\"og:description\" content=\"We&#039;re excited to offer you an enhanced relaxation experience at Coral Beach Club! In addition to our lounges, you can reserve VIP lounge double sunbeds located even closer to the sea, right beside your lounge. These sunbeds are positioned in the VIP section, near the DJ and outside bar, allowing you to enjoy the seaside atmosphere to the fullest. Our sunbeds are spacious with adjustable backrests for your comfort, and the shade provided by your lounge lets you switch between sun and shade effortlessly.  Please note: You do not need to reserve a lounge to book a VIP lounge double sunbed. Lounges and sunbeds are booked independently, and many guests choose to reserve only one or the other.  Once reserved, sunbeds are yours for the entire day, ensuring a relaxing and enjoyable visit.\" \/>\n<meta property=\"og:url\" content=\"https:\/\/coral-beach-club.com\/de\/produkt\/vip-lounge-doppelte-sonnenbank\/\" \/>\n<meta property=\"og:site_name\" content=\"Coral Beach Club Dubrovnik\" \/>\n<meta property=\"article:publisher\" content=\"https:\/\/www.facebook.com\/CoralBeachClubDubrovnik\/\" \/>\n<meta property=\"article:modified_time\" content=\"2026-04-15T22:38:47+00:00\" \/>\n<meta property=\"og:image\" content=\"https:\/\/coral-beach-club.com\/wp-content\/uploads\/2024\/04\/R8A3569-2-scaled-1-e1713625162455.jpg\" \/>\n\t<meta property=\"og:image:width\" content=\"1693\" \/>\n\t<meta property=\"og:image:height\" content=\"2082\" \/>\n\t<meta property=\"og:image:type\" content=\"image\/jpeg\" \/>\n<meta name=\"twitter:card\" content=\"summary_large_image\" \/>\n<meta name=\"twitter:label1\" content=\"Gesch\u00e4tzte Lesezeit\" \/>\n\t<meta name=\"twitter:data1\" content=\"1\u00a0Minute\" \/>\n<script type=\"application\/ld+json\" class=\"yoast-schema-graph\">{\"@context\":\"https:\/\/schema.org\",\"@graph\":[{\"@type\":[\"WebPage\",\"ItemPage\"],\"@id\":\"https:\/\/coral-beach-club.com\/product\/vip-lounge-double-sunbed\/\",\"url\":\"https:\/\/coral-beach-club.com\/product\/vip-lounge-double-sunbed\/\",\"name\":\"VIP Lounge Double Sunbed - Coral Beach Club Dubrovnik\",\"isPartOf\":{\"@id\":\"https:\/\/coral-beach-club.com\/#website\"},\"primaryImageOfPage\":{\"@id\":\"https:\/\/coral-beach-club.com\/product\/vip-lounge-double-sunbed\/#primaryimage\"},\"image\":{\"@id\":\"https:\/\/coral-beach-club.com\/product\/vip-lounge-double-sunbed\/#primaryimage\"},\"thumbnailUrl\":\"https:\/\/coral-beach-club.com\/wp-content\/uploads\/2024\/04\/R8A3569-2-scaled-1-e1713625162455.jpg\",\"datePublished\":\"2024-04-04T13:50:59+00:00\",\"dateModified\":\"2026-04-15T22:38:47+00:00\",\"breadcrumb\":{\"@id\":\"https:\/\/coral-beach-club.com\/product\/vip-lounge-double-sunbed\/#breadcrumb\"},\"inLanguage\":\"de\",\"potentialAction\":[{\"@type\":\"ReadAction\",\"target\":[\"https:\/\/coral-beach-club.com\/product\/vip-lounge-double-sunbed\/\"]}]},{\"@type\":\"ImageObject\",\"inLanguage\":\"de\",\"@id\":\"https:\/\/coral-beach-club.com\/product\/vip-lounge-double-sunbed\/#primaryimage\",\"url\":\"https:\/\/coral-beach-club.com\/wp-content\/uploads\/2024\/04\/R8A3569-2-scaled-1-e1713625162455.jpg\",\"contentUrl\":\"https:\/\/coral-beach-club.com\/wp-content\/uploads\/2024\/04\/R8A3569-2-scaled-1-e1713625162455.jpg\",\"width\":1693,\"height\":2082},{\"@type\":\"BreadcrumbList\",\"@id\":\"https:\/\/coral-beach-club.com\/product\/vip-lounge-double-sunbed\/#breadcrumb\",\"itemListElement\":[{\"@type\":\"ListItem\",\"position\":1,\"name\":\"Home\",\"item\":\"https:\/\/coral-beach-club.com\/\"},{\"@type\":\"ListItem\",\"position\":2,\"name\":\"Shop\",\"item\":\"https:\/\/coral-beach-club.com\/shop\/\"},{\"@type\":\"ListItem\",\"position\":3,\"name\":\"VIP Lounge Double Sunbed\"}]},{\"@type\":\"WebSite\",\"@id\":\"https:\/\/coral-beach-club.com\/#website\",\"url\":\"https:\/\/coral-beach-club.com\/\",\"name\":\"Coral Beach Club Dubrovnik\",\"description\":\"--\",\"publisher\":{\"@id\":\"https:\/\/coral-beach-club.com\/#organization\"},\"potentialAction\":[{\"@type\":\"SearchAction\",\"target\":{\"@type\":\"EntryPoint\",\"urlTemplate\":\"https:\/\/coral-beach-club.com\/?s={search_term_string}\"},\"query-input\":{\"@type\":\"PropertyValueSpecification\",\"valueRequired\":true,\"valueName\":\"search_term_string\"}}],\"inLanguage\":\"de\"},{\"@type\":\"Organization\",\"@id\":\"https:\/\/coral-beach-club.com\/#organization\",\"name\":\"Coral Beach Club Dubrovnik\",\"url\":\"https:\/\/coral-beach-club.com\/\",\"logo\":{\"@type\":\"ImageObject\",\"inLanguage\":\"de\",\"@id\":\"https:\/\/coral-beach-club.com\/#\/schema\/logo\/image\/\",\"url\":\"https:\/\/coral-beach-club.com\/wp-content\/uploads\/2024\/05\/coral_red_logo_header.png\",\"contentUrl\":\"https:\/\/coral-beach-club.com\/wp-content\/uploads\/2024\/05\/coral_red_logo_header.png\",\"width\":200,\"height\":86,\"caption\":\"Coral Beach Club Dubrovnik\"},\"image\":{\"@id\":\"https:\/\/coral-beach-club.com\/#\/schema\/logo\/image\/\"},\"sameAs\":[\"https:\/\/www.facebook.com\/CoralBeachClubDubrovnik\/\",\"https:\/\/www.instagram.com\/coralbeachclub_croatia\/\",\"https:\/\/soundcloud.com\/user-235858000\",\"https:\/\/www.tripadvisor.de\/Restaurant_Review-g295371-d8757725-Reviews-Coral_Beach_Club-Dubrovnik_Dubrovnik_Neretva_County_Dalmatia.html\"],\"description\":\"Coral Beach Club Dubrovnik\",\"email\":\"club@coral-beach-club.com\",\"telephone\":\"+385 99 323 9430\",\"legalName\":\"THE Coral ltd.\",\"foundingDate\":\"2015-01-01\",\"vatID\":\"HR86883013144\",\"taxID\":\"86883013144\",\"numberOfEmployees\":{\"@type\":\"QuantitativeValue\",\"minValue\":\"51\",\"maxValue\":\"200\"}}]}<\/script>\n<!-- \/ Yoast SEO Premium plugin. -->","yoast_head_json":{"title":"VIP-Lounge Doppel-Sonnenliege - Coral Beach Club Dubrovnik","robots":{"index":"index","follow":"follow","max-snippet":"max-snippet:-1","max-image-preview":"max-image-preview:large","max-video-preview":"max-video-preview:-1"},"canonical":"https:\/\/coral-beach-club.com\/de\/produkt\/vip-lounge-doppelte-sonnenbank\/","og_locale":"de_DE","og_type":"article","og_title":"VIP Lounge Double Sunbed","og_description":"We're excited to offer you an enhanced relaxation experience at Coral Beach Club! In addition to our lounges, you can reserve VIP lounge double sunbeds located even closer to the sea, right beside your lounge. These sunbeds are positioned in the VIP section, near the DJ and outside bar, allowing you to enjoy the seaside atmosphere to the fullest. Our sunbeds are spacious with adjustable backrests for your comfort, and the shade provided by your lounge lets you switch between sun and shade effortlessly.  Please note: You do not need to reserve a lounge to book a VIP lounge double sunbed. Lounges and sunbeds are booked independently, and many guests choose to reserve only one or the other.  Once reserved, sunbeds are yours for the entire day, ensuring a relaxing and enjoyable visit.","og_url":"https:\/\/coral-beach-club.com\/de\/produkt\/vip-lounge-doppelte-sonnenbank\/","og_site_name":"Coral Beach Club Dubrovnik","article_publisher":"https:\/\/www.facebook.com\/CoralBeachClubDubrovnik\/","article_modified_time":"2026-04-15T22:38:47+00:00","og_image":[{"width":1693,"height":2082,"url":"https:\/\/coral-beach-club.com\/wp-content\/uploads\/2024\/04\/R8A3569-2-scaled-1-e1713625162455.jpg","type":"image\/jpeg"}],"twitter_card":"summary_large_image","twitter_misc":{"Gesch\u00e4tzte Lesezeit":"1\u00a0Minute"},"schema":{"@context":"https:\/\/schema.org","@graph":[{"@type":["WebPage","ItemPage"],"@id":"https:\/\/coral-beach-club.com\/product\/vip-lounge-double-sunbed\/","url":"https:\/\/coral-beach-club.com\/product\/vip-lounge-double-sunbed\/","name":"VIP-Lounge Doppel-Sonnenliege - Coral Beach Club Dubrovnik","isPartOf":{"@id":"https:\/\/coral-beach-club.com\/#website"},"primaryImageOfPage":{"@id":"https:\/\/coral-beach-club.com\/product\/vip-lounge-double-sunbed\/#primaryimage"},"image":{"@id":"https:\/\/coral-beach-club.com\/product\/vip-lounge-double-sunbed\/#primaryimage"},"thumbnailUrl":"https:\/\/coral-beach-club.com\/wp-content\/uploads\/2024\/04\/R8A3569-2-scaled-1-e1713625162455.jpg","datePublished":"2024-04-04T13:50:59+00:00","dateModified":"2026-04-15T22:38:47+00:00","breadcrumb":{"@id":"https:\/\/coral-beach-club.com\/product\/vip-lounge-double-sunbed\/#breadcrumb"},"inLanguage":"de","potentialAction":[{"@type":"ReadAction","target":["https:\/\/coral-beach-club.com\/product\/vip-lounge-double-sunbed\/"]}]},{"@type":"ImageObject","inLanguage":"de","@id":"https:\/\/coral-beach-club.com\/product\/vip-lounge-double-sunbed\/#primaryimage","url":"https:\/\/coral-beach-club.com\/wp-content\/uploads\/2024\/04\/R8A3569-2-scaled-1-e1713625162455.jpg","contentUrl":"https:\/\/coral-beach-club.com\/wp-content\/uploads\/2024\/04\/R8A3569-2-scaled-1-e1713625162455.jpg","width":1693,"height":2082},{"@type":"BreadcrumbList","@id":"https:\/\/coral-beach-club.com\/product\/vip-lounge-double-sunbed\/#breadcrumb","itemListElement":[{"@type":"ListItem","position":1,"name":"Home","item":"https:\/\/coral-beach-club.com\/"},{"@type":"ListItem","position":2,"name":"Shop","item":"https:\/\/coral-beach-club.com\/shop\/"},{"@type":"ListItem","position":3,"name":"VIP Lounge Double Sunbed"}]},{"@type":"WebSite","@id":"https:\/\/coral-beach-club.com\/#website","url":"https:\/\/coral-beach-club.com\/","name":"Coral Beach Club Dubrovnik","description":"--","publisher":{"@id":"https:\/\/coral-beach-club.com\/#organization"},"potentialAction":[{"@type":"SearchAction","target":{"@type":"EntryPoint","urlTemplate":"https:\/\/coral-beach-club.com\/?s={search_term_string}"},"query-input":{"@type":"PropertyValueSpecification","valueRequired":true,"valueName":"search_term_string"}}],"inLanguage":"de"},{"@type":"Organization","@id":"https:\/\/coral-beach-club.com\/#organization","name":"Coral Beach Club Dubrovnik","url":"https:\/\/coral-beach-club.com\/","logo":{"@type":"ImageObject","inLanguage":"de","@id":"https:\/\/coral-beach-club.com\/#\/schema\/logo\/image\/","url":"https:\/\/coral-beach-club.com\/wp-content\/uploads\/2024\/05\/coral_red_logo_header.png","contentUrl":"https:\/\/coral-beach-club.com\/wp-content\/uploads\/2024\/05\/coral_red_logo_header.png","width":200,"height":86,"caption":"Coral Beach Club Dubrovnik"},"image":{"@id":"https:\/\/coral-beach-club.com\/#\/schema\/logo\/image\/"},"sameAs":["https:\/\/www.facebook.com\/CoralBeachClubDubrovnik\/","https:\/\/www.instagram.com\/coralbeachclub_croatia\/","https:\/\/soundcloud.com\/user-235858000","https:\/\/www.tripadvisor.de\/Restaurant_Review-g295371-d8757725-Reviews-Coral_Beach_Club-Dubrovnik_Dubrovnik_Neretva_County_Dalmatia.html"],"description":"Coral Beach Club Dubrovnik","email":"club@coral-beach-club.com","telephone":"+385 99 323 9430","legalName":"THE Coral ltd.","foundingDate":"2015-01-01","vatID":"HR86883013144","taxID":"86883013144","numberOfEmployees":{"@type":"QuantitativeValue","minValue":"51","maxValue":"200"}}]}},"spectra_custom_meta":{"_sku":["155"],"total_sales":["1327"],"_tax_status":["taxable"],"_tax_class":[""],"_manage_stock":["yes"],"_backorders":["no"],"_sold_individually":["no"],"_virtual":["no"],"_downloadable":["no"],"_download_limit":["0"],"_download_expiry":["0"],"_stock":["10"],"_stock_status":["instock"],"_wc_average_rating":["0"],"_wc_review_count":["0"],"_product_version":["10.5.2"],"_wp_old_slug":["import-placeholder-for-155"],"_thumbnail_id":["701"],"_wpml_word_count":["{\"total\":137,\"to_translate\":{\"hr\":137}}"],"_wpml_media_featured":["1"],"_wpml_media_duplicate":["1"],"_wpml_location_migration_done":["1"],"_yoast_wpseo_primary_product_cat":[""],"slide_template":[""],"rs_page_bg_color":[""],"_wcml_custom_prices_status":["1"],"_sale_price_dates_to_HRK":[""],"_sale_price_dates_from_HRK":[""],"_sale_price_HRK":["500"],"_regular_price_HRK":["750"],"_wcml_schedule_HRK":["0"],"_price_HRK":["500"],"_wcopc":[""],"_booking_min":[""],"_booking_max":[""],"_number_of_dates":["global"],"_first_available_date":[""],"_bookable":["yes"],"_booking_duration":[""],"_yoast_wpseo_estimated-reading-time-minutes":["1"],"_wc_booking_apply_adjacent_buffer":[""],"_wc_booking_block_cost":["0"],"_wc_booking_buffer_period":["0"],"_wc_booking_calendar_display_mode":["always_visible"],"_wc_booking_cancel_limit_unit":["month"],"_wc_booking_cancel_limit":["1"],"_wc_booking_check_availability_against":[""],"_wc_booking_cost":["0"],"_wc_booking_default_date_availability":["non-available"],"_wc_booking_duration_type":["customer"],"_wc_booking_duration_unit":["day"],"_wc_booking_duration":["1"],"_wc_booking_enable_range_picker":[""],"_wc_booking_first_block_time":["09:00"],"_wc_booking_has_person_types":[""],"_wc_booking_has_persons":["1"],"_wc_booking_has_resources":["1"],"_wc_booking_has_restricted_days":[""],"_wc_booking_max_date_unit":["month"],"_wc_booking_max_date":["6"],"_wc_booking_max_duration":["1"],"_wc_booking_max_persons_group":["100"],"_wc_booking_min_date_unit":["day"],"_wc_booking_min_date":["0"],"_wc_booking_min_duration":["1"],"_wc_booking_min_persons_group":["1"],"_wc_booking_person_cost_multiplier":["1"],"_wc_booking_person_qty_multiplier":["1"],"_wc_booking_qty":["0"],"_wc_booking_requires_confirmation":[""],"_wc_booking_resources_assignment":["customer"],"_wc_booking_restricted_days":[""],"_wc_booking_user_can_cancel":[""],"_wc_display_cost":[""],"wc_booking_resource_label":[""],"fb_product_group_id":["6080265075425959"],"_wc_facebook_commerce_enabled":["no"],"_yoast_wpseo_wordproof_timestamp":[""],"_alg_wc_cpp_currency":["HRK"],"_yoast_wpseo_primary_fb_product_set":[""],"fb_product_item_id":["6080265138759286"],"_wc_facebook_sync_enabled":["yes"],"fb_visibility":["yes"],"fb_product_description":[""],"_wc_facebook_product_image_source":["product"],"fb_product_image":[""],"fb_product_price":[""],"_wapf_price_label":[""],"_wapf_price_display":[""],"_edit_lock":["1774465686:1"],"_edit_last":["1"],"_wcpb_min_qty_limit":[""],"_wcpb_max_qty_limit":[""],"_wc_pb_virtual_bundle":["no"],"_wc_pb_layout_style":["grid"],"_wc_pb_group_mode":["parent"],"_wc_pb_bundled_items_stock_sync_status":["synced"],"_wc_pb_base_regular_price":["120"],"_wc_pb_base_sale_price":[""],"_wc_pb_edit_in_cart":["yes"],"_wc_pb_aggregate_weight":["no"],"_wc_pb_sold_individually_context":["product"],"_wc_pb_add_to_cart_form_location":["after_summary"],"_wc_pb_base_price":["120"],"_wc_pb_bundle_stock_quantity":[""],"site-sidebar-layout":["default"],"ast-site-content-layout":["default"],"site-content-style":["default"],"site-sidebar-style":["default"],"theme-transparent-header-meta":["default"],"stick-header-meta":["default"],"_product_image_gallery":["2977,2978,2980,2979"],"_yoast_indexnow_last_ping":["1774465711"],"woocr_orderby":["none"],"woocr_order":["asc"],"_yoast_wpseo_focuskeywords":["[]"],"_yoast_wpseo_keywordsynonyms":["[\"\"]"],"_product_attributes":["a:1:{s:15:\"time-of-arrival\";a:6:{s:4:\"name\";s:15:\"Time of Arrival\";s:5:\"value\";s:8:\"Any Time\";s:8:\"position\";i:0;s:10:\"is_visible\";i:0;s:12:\"is_variation\";i:1;s:11:\"is_taxonomy\";i:0;}}"],"woocr_ids":["a:3:{i:0;s:3:\"689\";i:1;s:3:\"676\";i:2;s:4:\"3901\";}"],"_wceb_manage_stock":["yes"],"_wc_gla_visibility":["sync-and-show"],"_wc_gla_synced_at":["1776292731"],"_wc_gla_sync_status":["synced"],"_wc_gla_google_ids":["a:1:{s:2:\"DZ\";s:23:\"online:en:DZ:gla_672748\";}"],"_wceb_product_shared_availability":["a:0:{}"],"_last_available_date":[""],"_yoast_wpseo_primary_product_brand":[""],"_yoast_wpseo_content_score":["90"],"_price":["170"],"astra-migrate-meta-layouts":["set"],"_wc_gla_mc_status":["approved"],"_uag_page_assets":["a:9:{s:3:\"css\";s:0:\"\";s:2:\"js\";s:0:\"\";s:18:\"current_block_list\";a:7:{i:0;s:11:\"core\/search\";i:1;s:10:\"core\/group\";i:2;s:12:\"core\/heading\";i:3;s:17:\"core\/latest-posts\";i:4;s:20:\"core\/latest-comments\";i:5;s:13:\"core\/archives\";i:6;s:15:\"core\/categories\";}s:8:\"uag_flag\";b:0;s:11:\"uag_version\";s:10:\"1776305148\";s:6:\"gfonts\";a:0:{}s:10:\"gfonts_url\";s:0:\"\";s:12:\"gfonts_files\";a:0:{}s:14:\"uag_faq_layout\";b:0;}"]},"uagb_featured_image_src":{"full":["https:\/\/coral-beach-club.com\/wp-content\/uploads\/2024\/04\/R8A3569-2-scaled-1-e1713625162455.jpg",1693,2082,false],"thumbnail":["https:\/\/coral-beach-club.com\/wp-content\/uploads\/2024\/04\/R8A3569-2-scaled-1-e1713625162455-150x150.jpg",150,150,true],"medium":["https:\/\/coral-beach-club.com\/wp-content\/uploads\/2024\/04\/R8A3569-2-scaled-1-e1713625162455-244x300.jpg",244,300,true],"medium_large":["https:\/\/coral-beach-club.com\/wp-content\/uploads\/2024\/04\/R8A3569-2-scaled-1-e1713625162455-768x944.jpg",768,944,true],"large":["https:\/\/coral-beach-club.com\/wp-content\/uploads\/2024\/04\/R8A3569-2-scaled-1-e1713625162455-833x1024.jpg",833,1024,true],"1536x1536":["https:\/\/coral-beach-club.com\/wp-content\/uploads\/2024\/04\/R8A3569-2-scaled-1-e1713625162455-1249x1536.jpg",1249,1536,true],"2048x2048":["https:\/\/coral-beach-club.com\/wp-content\/uploads\/2024\/04\/R8A3569-2-scaled-1-e1713625162455-1665x2048.jpg",1665,2048,true],"trp-custom-language-flag":["https:\/\/coral-beach-club.com\/wp-content\/uploads\/2024\/04\/R8A3569-2-scaled-1-e1713625162455.jpg",10,12,false],"gform-image-choice-sm":["https:\/\/coral-beach-club.com\/wp-content\/uploads\/2024\/04\/R8A3569-2-scaled-1-e1713625162455.jpg",244,300,false],"gform-image-choice-md":["https:\/\/coral-beach-club.com\/wp-content\/uploads\/2024\/04\/R8A3569-2-scaled-1-e1713625162455.jpg",325,400,false],"gform-image-choice-lg":["https:\/\/coral-beach-club.com\/wp-content\/uploads\/2024\/04\/R8A3569-2-scaled-1-e1713625162455.jpg",488,600,false],"menu-24x24":["https:\/\/coral-beach-club.com\/wp-content\/uploads\/2024\/04\/R8A3569-2-scaled-1-e1713625162455-20x24.jpg",20,24,true],"menu-36x36":["https:\/\/coral-beach-club.com\/wp-content\/uploads\/2024\/04\/R8A3569-2-scaled-1-e1713625162455-29x36.jpg",29,36,true],"menu-48x48":["https:\/\/coral-beach-club.com\/wp-content\/uploads\/2024\/04\/R8A3569-2-scaled-1-e1713625162455-39x48.jpg",39,48,true],"woocommerce_thumbnail":["https:\/\/coral-beach-club.com\/wp-content\/uploads\/2024\/04\/R8A3569-2-scaled-1-e1713625162455-300x300.jpg",300,300,true],"woocommerce_single":["https:\/\/coral-beach-club.com\/wp-content\/uploads\/2024\/04\/R8A3569-2-scaled-1-e1713625162455-600x738.jpg",600,738,true],"woocommerce_gallery_thumbnail":["https:\/\/coral-beach-club.com\/wp-content\/uploads\/2024\/04\/R8A3569-2-scaled-1-e1713625162455-100x100.jpg",100,100,true]},"uagb_author_info":{"display_name":"admin","author_link":"https:\/\/coral-beach-club.com\/de\/author\/"},"uagb_comment_info":0,"uagb_excerpt":"We're excited to offer you an enhanced relaxation experience at Coral Beach Club! In addition to our lounges, you can reserve VIP lounge double sunbeds located even closer to the sea, right beside your lounge. These sunbeds are positioned in the VIP section, near the DJ and outside bar, allowing you to enjoy the seaside&hellip;","_links":{"self":[{"href":"https:\/\/coral-beach-club.com\/de\/wp-json\/wp\/v2\/product\/677","targetHints":{"allow":["GET"]}}],"collection":[{"href":"https:\/\/coral-beach-club.com\/de\/wp-json\/wp\/v2\/product"}],"about":[{"href":"https:\/\/coral-beach-club.com\/de\/wp-json\/wp\/v2\/types\/product"}],"wp:featuredmedia":[{"embeddable":true,"href":"https:\/\/coral-beach-club.com\/de\/wp-json\/wp\/v2\/media\/701"}],"wp:attachment":[{"href":"https:\/\/coral-beach-club.com\/de\/wp-json\/wp\/v2\/media?parent=677"}],"wp:term":[{"taxonomy":"product_brand","embeddable":true,"href":"https:\/\/coral-beach-club.com\/de\/wp-json\/wp\/v2\/product_brand?post=677"},{"taxonomy":"product_cat","embeddable":true,"href":"https:\/\/coral-beach-club.com\/de\/wp-json\/wp\/v2\/product_cat?post=677"},{"taxonomy":"product_tag","embeddable":true,"href":"https:\/\/coral-beach-club.com\/de\/wp-json\/wp\/v2\/product_tag?post=677"}],"curies":[{"name":"wp","href":"https:\/\/api.w.org\/{rel}","templated":true}]}}