{"id":1133,"date":"2024-04-16T11:29:59","date_gmt":"2024-04-16T11:29:59","guid":{"rendered":"https:\/\/staging.coral-beach-club.com\/?post_type=product&#038;p=1133"},"modified":"2025-11-04T14:33:55","modified_gmt":"2025-11-04T14:33:55","slug":"lounge-eight-grune-oase","status":"publish","type":"product","link":"https:\/\/coral-beach-club.com\/de\/product\/lounge-eight-green-oasis\/","title":{"rendered":"Lounge EIGHT - GR\u00dcNE OASIS"},"content":{"rendered":"","protected":false},"excerpt":{"rendered":"<p>Entspannen Sie sich und genie\u00dfen Sie die entspannte Atmosph\u00e4re am Coral Beach, der von \u00fcppigem Gr\u00fcn und sich wiegenden Palmen umgeben ist - ein ruhiger Ort mit atemberaubender Aussicht.<br \/>\nUnser Strand l\u00e4dt zum Sonnenbaden und Entspannen ein, und unser Restaurant am Meer liegt nur wenige Schritte entfernt, so dass Sie sich w\u00e4hrend Ihres gesamten Aufenthalts wohlf\u00fchlen werden.<\/p>\n<p>Die Green Oasis Lounge 8 bietet bequem Platz f\u00fcr <strong>bis zu 4 Personen<\/strong>. Bitte beachten Sie, dass der Betrag, den Sie im Voraus f\u00fcr Lounge<strong> Die Reservierung ist lediglich ein Mindestbetrag,<\/strong> die Sie f\u00fcr Speisen und Getr\u00e4nke verwenden k\u00f6nnen, w\u00e4hrend Sie Ihre Zeit in der privaten Lounge genie\u00dfen.<\/p>\n<p>F\u00fcr ein noch besseres Erlebnis k\u00f6nnen Sie zus\u00e4tzlich zur \u00fcberdachten Lounge eine weitere Liege buchen, um n\u00e4her am Meer zu sein und ein entspanntes Sonnenbad zu nehmen.<\/p>","protected":false},"featured_media":1471,"template":"","meta":{"_uag_custom_page_level_css":"","site-sidebar-layout":"default","site-content-layout":"","ast-site-content-layout":"default","site-content-style":"default","site-sidebar-style":"default","ast-global-header-display":"","ast-banner-title-visibility":"","ast-main-header-display":"","ast-hfb-above-header-display":"","ast-hfb-below-header-display":"","ast-hfb-mobile-header-display":"","site-post-title":"","ast-breadcrumbs-content":"","ast-featured-img":"","footer-sml-layout":"","theme-transparent-header-meta":"default","adv-header-id-meta":"","stick-header-meta":"default","header-above-stick-meta":"","header-main-stick-meta":"","header-below-stick-meta":"","astra-migrate-meta-layouts":"set","ast-page-background-enabled":"default","ast-page-background-meta":{"desktop":{"background-color":"var(--ast-global-color-4)","background-image":"","background-repeat":"repeat","background-position":"center center","background-size":"auto","background-attachment":"scroll","background-type":"","background-media":"","overlay-type":"","overlay-color":"","overlay-opacity":"","overlay-gradient":""},"tablet":{"background-color":"","background-image":"","background-repeat":"repeat","background-position":"center center","background-size":"auto","background-attachment":"scroll","background-type":"","background-media":"","overlay-type":"","overlay-color":"","overlay-opacity":"","overlay-gradient":""},"mobile":{"background-color":"","background-image":"","background-repeat":"repeat","background-position":"center center","background-size":"auto","background-attachment":"scroll","background-type":"","background-media":"","overlay-type":"","overlay-color":"","overlay-opacity":"","overlay-gradient":""}},"ast-content-background-meta":{"desktop":{"background-color":"var(--ast-global-color-5)","background-image":"","background-repeat":"repeat","background-position":"center center","background-size":"auto","background-attachment":"scroll","background-type":"","background-media":"","overlay-type":"","overlay-color":"","overlay-opacity":"","overlay-gradient":""},"tablet":{"background-color":"var(--ast-global-color-5)","background-image":"","background-repeat":"repeat","background-position":"center center","background-size":"auto","background-attachment":"scroll","background-type":"","background-media":"","overlay-type":"","overlay-color":"","overlay-opacity":"","overlay-gradient":""},"mobile":{"background-color":"var(--ast-global-color-5)","background-image":"","background-repeat":"repeat","background-position":"center center","background-size":"auto","background-attachment":"scroll","background-type":"","background-media":"","overlay-type":"","overlay-color":"","overlay-opacity":"","overlay-gradient":""}}},"product_brand":[],"product_cat":[20],"product_tag":[],"class_list":{"0":"post-1133","1":"product","2":"type-product","3":"status-publish","4":"has-post-thumbnail","6":"product_cat-products","7":"desktop-align-left","8":"tablet-align-left","9":"mobile-align-left","10":"ast-product-gallery-layout-horizontal-slider","11":"ast-magnify-disabled","12":"ast-product-single-variable","13":"ast-product-tabs-layout-horizontal","15":"first","16":"instock","17":"taxable","18":"shipping-taxable","19":"purchasable","20":"product-type-variable"},"yoast_head":"<!-- This site is optimized with the Yoast SEO Premium plugin v22.6 (Yoast SEO v27.0) - https:\/\/yoast.com\/product\/yoast-seo-premium-wordpress\/ -->\n<title>Lounge EIGHT - GREEN OASIS - Coral Beach Club Dubrovnik<\/title>\n<meta name=\"robots\" content=\"index, follow, max-snippet:-1, max-image-preview:large, max-video-preview:-1\" \/>\n<link rel=\"canonical\" href=\"https:\/\/coral-beach-club.com\/de\/produkt\/lounge-eight-grune-oase\/\" \/>\n<meta property=\"og:locale\" content=\"de_DE\" \/>\n<meta property=\"og:type\" content=\"article\" \/>\n<meta property=\"og:title\" content=\"Lounge EIGHT - GREEN OASIS\" \/>\n<meta property=\"og:description\" content=\"Relax and enjoy the laid-back vibe at Coral Beach, surrounded by lush greenery and swaying palm trees\u2014a tranquil spot with a stunning view. Our beach provides the perfect environment for basking in the sun and relaxing, with our seaside restaurant situated mere steps away, guaranteeing a delightful and seamless experience throughout your stay.  The Green Oasis Lounge 8 can comfortably seat up to 4 people. Please note that the amount you pay upfront for Lounge reservation is simply a minimum spend, which you can use towards food and drinks while you enjoy your time in the private lounge.  For an even better experience, consider booking an extra sunbed to get closer to the sea and enjoy some relaxed sunbathing, in addition to the lounge that is covered.\" \/>\n<meta property=\"og:url\" content=\"https:\/\/coral-beach-club.com\/de\/produkt\/lounge-eight-grune-oase\/\" \/>\n<meta property=\"og:site_name\" content=\"Coral Beach Club Dubrovnik\" \/>\n<meta property=\"article:publisher\" content=\"https:\/\/www.facebook.com\/CoralBeachClubDubrovnik\/\" \/>\n<meta property=\"article:modified_time\" content=\"2025-11-04T14:33:55+00:00\" \/>\n<meta property=\"og:image\" content=\"https:\/\/coral-beach-club.com\/wp-content\/uploads\/2024\/04\/LOUNGE-8-SLIKAA-1-scaled.jpg\" \/>\n\t<meta property=\"og:image:width\" content=\"1707\" \/>\n\t<meta property=\"og:image:height\" content=\"2560\" \/>\n\t<meta property=\"og:image:type\" content=\"image\/jpeg\" \/>\n<meta name=\"twitter:card\" content=\"summary_large_image\" \/>\n<meta name=\"twitter:label1\" content=\"Gesch\u00e4tzte Lesezeit\" \/>\n\t<meta name=\"twitter:data1\" content=\"1\u00a0Minute\" \/>\n<script type=\"application\/ld+json\" class=\"yoast-schema-graph\">{\"@context\":\"https:\/\/schema.org\",\"@graph\":[{\"@type\":[\"WebPage\",\"ItemPage\"],\"@id\":\"https:\/\/coral-beach-club.com\/product\/lounge-eight-green-oasis\/\",\"url\":\"https:\/\/coral-beach-club.com\/product\/lounge-eight-green-oasis\/\",\"name\":\"Lounge EIGHT - GREEN OASIS - Coral Beach Club Dubrovnik\",\"isPartOf\":{\"@id\":\"https:\/\/coral-beach-club.com\/#website\"},\"primaryImageOfPage\":{\"@id\":\"https:\/\/coral-beach-club.com\/product\/lounge-eight-green-oasis\/#primaryimage\"},\"image\":{\"@id\":\"https:\/\/coral-beach-club.com\/product\/lounge-eight-green-oasis\/#primaryimage\"},\"thumbnailUrl\":\"https:\/\/coral-beach-club.com\/wp-content\/uploads\/2024\/04\/LOUNGE-8-SLIKAA-1-scaled.jpg\",\"datePublished\":\"2024-04-16T11:29:59+00:00\",\"dateModified\":\"2025-11-04T14:33:55+00:00\",\"breadcrumb\":{\"@id\":\"https:\/\/coral-beach-club.com\/product\/lounge-eight-green-oasis\/#breadcrumb\"},\"inLanguage\":\"de\",\"potentialAction\":[{\"@type\":\"ReadAction\",\"target\":[\"https:\/\/coral-beach-club.com\/product\/lounge-eight-green-oasis\/\"]}]},{\"@type\":\"ImageObject\",\"inLanguage\":\"de\",\"@id\":\"https:\/\/coral-beach-club.com\/product\/lounge-eight-green-oasis\/#primaryimage\",\"url\":\"https:\/\/coral-beach-club.com\/wp-content\/uploads\/2024\/04\/LOUNGE-8-SLIKAA-1-scaled.jpg\",\"contentUrl\":\"https:\/\/coral-beach-club.com\/wp-content\/uploads\/2024\/04\/LOUNGE-8-SLIKAA-1-scaled.jpg\",\"width\":1707,\"height\":2560,\"caption\":\"LOUNGE 8\"},{\"@type\":\"BreadcrumbList\",\"@id\":\"https:\/\/coral-beach-club.com\/product\/lounge-eight-green-oasis\/#breadcrumb\",\"itemListElement\":[{\"@type\":\"ListItem\",\"position\":1,\"name\":\"Home\",\"item\":\"https:\/\/coral-beach-club.com\/\"},{\"@type\":\"ListItem\",\"position\":2,\"name\":\"Shop\",\"item\":\"https:\/\/coral-beach-club.com\/shop\/\"},{\"@type\":\"ListItem\",\"position\":3,\"name\":\"Lounge EIGHT &#8211; GREEN OASIS\"}]},{\"@type\":\"WebSite\",\"@id\":\"https:\/\/coral-beach-club.com\/#website\",\"url\":\"https:\/\/coral-beach-club.com\/\",\"name\":\"Coral Beach Club Dubrovnik\",\"description\":\"--\",\"publisher\":{\"@id\":\"https:\/\/coral-beach-club.com\/#organization\"},\"potentialAction\":[{\"@type\":\"SearchAction\",\"target\":{\"@type\":\"EntryPoint\",\"urlTemplate\":\"https:\/\/coral-beach-club.com\/?s={search_term_string}\"},\"query-input\":{\"@type\":\"PropertyValueSpecification\",\"valueRequired\":true,\"valueName\":\"search_term_string\"}}],\"inLanguage\":\"de\"},{\"@type\":\"Organization\",\"@id\":\"https:\/\/coral-beach-club.com\/#organization\",\"name\":\"Coral Beach Club Dubrovnik\",\"url\":\"https:\/\/coral-beach-club.com\/\",\"logo\":{\"@type\":\"ImageObject\",\"inLanguage\":\"de\",\"@id\":\"https:\/\/coral-beach-club.com\/#\/schema\/logo\/image\/\",\"url\":\"https:\/\/coral-beach-club.com\/wp-content\/uploads\/2024\/05\/coral_red_logo_header.png\",\"contentUrl\":\"https:\/\/coral-beach-club.com\/wp-content\/uploads\/2024\/05\/coral_red_logo_header.png\",\"width\":200,\"height\":86,\"caption\":\"Coral Beach Club Dubrovnik\"},\"image\":{\"@id\":\"https:\/\/coral-beach-club.com\/#\/schema\/logo\/image\/\"},\"sameAs\":[\"https:\/\/www.facebook.com\/CoralBeachClubDubrovnik\/\",\"https:\/\/www.instagram.com\/coralbeachclub_croatia\/\",\"https:\/\/soundcloud.com\/user-235858000\",\"https:\/\/www.tripadvisor.de\/Restaurant_Review-g295371-d8757725-Reviews-Coral_Beach_Club-Dubrovnik_Dubrovnik_Neretva_County_Dalmatia.html\"],\"description\":\"Coral Beach Club Dubrovnik\",\"email\":\"club@coral-beach-club.com\",\"telephone\":\"+385 99 323 9430\",\"legalName\":\"THE Coral ltd.\",\"foundingDate\":\"2015-01-01\",\"vatID\":\"HR86883013144\",\"taxID\":\"86883013144\",\"numberOfEmployees\":{\"@type\":\"QuantitativeValue\",\"minValue\":\"51\",\"maxValue\":\"200\"}}]}<\/script>\n<!-- \/ Yoast SEO Premium plugin. -->","yoast_head_json":{"title":"Lounge EIGHT - GREEN OASIS - Coral Beach Club Dubrovnik","robots":{"index":"index","follow":"follow","max-snippet":"max-snippet:-1","max-image-preview":"max-image-preview:large","max-video-preview":"max-video-preview:-1"},"canonical":"https:\/\/coral-beach-club.com\/de\/produkt\/lounge-eight-grune-oase\/","og_locale":"de_DE","og_type":"article","og_title":"Lounge EIGHT - GREEN OASIS","og_description":"Relax and enjoy the laid-back vibe at Coral Beach, surrounded by lush greenery and swaying palm trees\u2014a tranquil spot with a stunning view. Our beach provides the perfect environment for basking in the sun and relaxing, with our seaside restaurant situated mere steps away, guaranteeing a delightful and seamless experience throughout your stay.  The Green Oasis Lounge 8 can comfortably seat up to 4 people. Please note that the amount you pay upfront for Lounge reservation is simply a minimum spend, which you can use towards food and drinks while you enjoy your time in the private lounge.  For an even better experience, consider booking an extra sunbed to get closer to the sea and enjoy some relaxed sunbathing, in addition to the lounge that is covered.","og_url":"https:\/\/coral-beach-club.com\/de\/produkt\/lounge-eight-grune-oase\/","og_site_name":"Coral Beach Club Dubrovnik","article_publisher":"https:\/\/www.facebook.com\/CoralBeachClubDubrovnik\/","article_modified_time":"2025-11-04T14:33:55+00:00","og_image":[{"width":1707,"height":2560,"url":"https:\/\/coral-beach-club.com\/wp-content\/uploads\/2024\/04\/LOUNGE-8-SLIKAA-1-scaled.jpg","type":"image\/jpeg"}],"twitter_card":"summary_large_image","twitter_misc":{"Gesch\u00e4tzte Lesezeit":"1\u00a0Minute"},"schema":{"@context":"https:\/\/schema.org","@graph":[{"@type":["WebPage","ItemPage"],"@id":"https:\/\/coral-beach-club.com\/product\/lounge-eight-green-oasis\/","url":"https:\/\/coral-beach-club.com\/product\/lounge-eight-green-oasis\/","name":"Lounge EIGHT - GREEN OASIS - Coral Beach Club Dubrovnik","isPartOf":{"@id":"https:\/\/coral-beach-club.com\/#website"},"primaryImageOfPage":{"@id":"https:\/\/coral-beach-club.com\/product\/lounge-eight-green-oasis\/#primaryimage"},"image":{"@id":"https:\/\/coral-beach-club.com\/product\/lounge-eight-green-oasis\/#primaryimage"},"thumbnailUrl":"https:\/\/coral-beach-club.com\/wp-content\/uploads\/2024\/04\/LOUNGE-8-SLIKAA-1-scaled.jpg","datePublished":"2024-04-16T11:29:59+00:00","dateModified":"2025-11-04T14:33:55+00:00","breadcrumb":{"@id":"https:\/\/coral-beach-club.com\/product\/lounge-eight-green-oasis\/#breadcrumb"},"inLanguage":"de","potentialAction":[{"@type":"ReadAction","target":["https:\/\/coral-beach-club.com\/product\/lounge-eight-green-oasis\/"]}]},{"@type":"ImageObject","inLanguage":"de","@id":"https:\/\/coral-beach-club.com\/product\/lounge-eight-green-oasis\/#primaryimage","url":"https:\/\/coral-beach-club.com\/wp-content\/uploads\/2024\/04\/LOUNGE-8-SLIKAA-1-scaled.jpg","contentUrl":"https:\/\/coral-beach-club.com\/wp-content\/uploads\/2024\/04\/LOUNGE-8-SLIKAA-1-scaled.jpg","width":1707,"height":2560,"caption":"LOUNGE 8"},{"@type":"BreadcrumbList","@id":"https:\/\/coral-beach-club.com\/product\/lounge-eight-green-oasis\/#breadcrumb","itemListElement":[{"@type":"ListItem","position":1,"name":"Home","item":"https:\/\/coral-beach-club.com\/"},{"@type":"ListItem","position":2,"name":"Shop","item":"https:\/\/coral-beach-club.com\/shop\/"},{"@type":"ListItem","position":3,"name":"Lounge EIGHT &#8211; GREEN OASIS"}]},{"@type":"WebSite","@id":"https:\/\/coral-beach-club.com\/#website","url":"https:\/\/coral-beach-club.com\/","name":"Coral Beach Club Dubrovnik","description":"--","publisher":{"@id":"https:\/\/coral-beach-club.com\/#organization"},"potentialAction":[{"@type":"SearchAction","target":{"@type":"EntryPoint","urlTemplate":"https:\/\/coral-beach-club.com\/?s={search_term_string}"},"query-input":{"@type":"PropertyValueSpecification","valueRequired":true,"valueName":"search_term_string"}}],"inLanguage":"de"},{"@type":"Organization","@id":"https:\/\/coral-beach-club.com\/#organization","name":"Coral Beach Club Dubrovnik","url":"https:\/\/coral-beach-club.com\/","logo":{"@type":"ImageObject","inLanguage":"de","@id":"https:\/\/coral-beach-club.com\/#\/schema\/logo\/image\/","url":"https:\/\/coral-beach-club.com\/wp-content\/uploads\/2024\/05\/coral_red_logo_header.png","contentUrl":"https:\/\/coral-beach-club.com\/wp-content\/uploads\/2024\/05\/coral_red_logo_header.png","width":200,"height":86,"caption":"Coral Beach Club Dubrovnik"},"image":{"@id":"https:\/\/coral-beach-club.com\/#\/schema\/logo\/image\/"},"sameAs":["https:\/\/www.facebook.com\/CoralBeachClubDubrovnik\/","https:\/\/www.instagram.com\/coralbeachclub_croatia\/","https:\/\/soundcloud.com\/user-235858000","https:\/\/www.tripadvisor.de\/Restaurant_Review-g295371-d8757725-Reviews-Coral_Beach_Club-Dubrovnik_Dubrovnik_Neretva_County_Dalmatia.html"],"description":"Coral Beach Club Dubrovnik","email":"club@coral-beach-club.com","telephone":"+385 99 323 9430","legalName":"THE Coral ltd.","foundingDate":"2015-01-01","vatID":"HR86883013144","taxID":"86883013144","numberOfEmployees":{"@type":"QuantitativeValue","minValue":"51","maxValue":"200"}}]}},"spectra_custom_meta":{"_sku":["201-1-1-1"],"total_sales":["3"],"_tax_status":["taxable"],"_tax_class":[""],"_manage_stock":["yes"],"_backorders":["no"],"_sold_individually":["no"],"_virtual":["no"],"_downloadable":["no"],"_download_limit":["0"],"_download_expiry":["0"],"_thumbnail_id":["1471"],"_stock":["1"],"_stock_status":["instock"],"_wc_average_rating":["0"],"_wc_review_count":["0"],"_product_attributes":["a:1:{s:14:\"time-of-arival\";a:6:{s:4:\"name\";s:14:\"Time of Arival\";s:5:\"value\";s:101:\"09:00 | 09.30 | 10:00 | 10:30 | 11:00 | 11:30 | 12:00 | 12:30 | 13:00 | 13:30 | 14:00 | 14:30 | 15:00\";s:8:\"position\";i:0;s:10:\"is_visible\";i:1;s:12:\"is_variation\";i:1;s:11:\"is_taxonomy\";i:0;}}"],"_product_version":["9.1.4"],"_wpml_word_count":["{\"total\":185,\"to_translate\":null}"],"_wpml_media_featured":["1"],"_wpml_media_duplicate":["1"],"_wpml_location_migration_done":["1"],"_yoast_wpseo_primary_product_cat":[""],"slide_template":[""],"rs_page_bg_color":[""],"_wcml_custom_prices_status":["1"],"_sale_price_dates_to_HRK":[""],"_sale_price_dates_from_HRK":[""],"_sale_price_HRK":[""],"_regular_price_HRK":["750"],"_wcml_schedule_HRK":["0"],"_price_HRK":["750"],"_wcopc":["no"],"_booking_min":[""],"_booking_max":[""],"_number_of_dates":["one"],"_first_available_date":[""],"_bookable":["yes"],"_booking_duration":[""],"_yoast_wpseo_estimated-reading-time-minutes":["1"],"_wc_booking_apply_adjacent_buffer":[""],"_wc_booking_block_cost":[""],"_wc_booking_buffer_period":[""],"_wc_booking_calendar_display_mode":[""],"_wc_booking_cancel_limit_unit":[""],"_wc_booking_cancel_limit":[""],"_wc_booking_check_availability_against":[""],"_wc_booking_cost":[""],"_wc_booking_default_date_availability":[""],"_wc_booking_duration_type":[""],"_wc_booking_duration_unit":[""],"_wc_booking_duration":[""],"_wc_booking_enable_range_picker":[""],"_wc_booking_first_block_time":[""],"_wc_booking_has_person_types":[""],"_wc_booking_has_persons":[""],"_wc_booking_has_resources":[""],"_wc_booking_has_restricted_days":[""],"_wc_booking_max_date_unit":[""],"_wc_booking_max_date":[""],"_wc_booking_max_duration":[""],"_wc_booking_max_persons_group":[""],"_wc_booking_min_date_unit":[""],"_wc_booking_min_date":[""],"_wc_booking_min_duration":[""],"_wc_booking_min_persons_group":[""],"_wc_booking_person_cost_multiplier":[""],"_wc_booking_person_qty_multiplier":[""],"_wc_booking_qty":[""],"_wc_booking_requires_confirmation":[""],"_wc_booking_resources_assignment":[""],"_wc_booking_restricted_days":[""],"_wc_booking_user_can_cancel":[""],"_wc_display_cost":[""],"wc_booking_resource_label":[""],"fb_product_group_id":["5245330832254362"],"_wc_facebook_commerce_enabled":["no"],"_yoast_wpseo_wordproof_timestamp":[""],"_alg_wc_cpp_currency":[""],"_yoast_wpseo_primary_fb_product_set":[""],"fb_product_item_id":[""],"_wc_facebook_sync_enabled":["yes"],"fb_visibility":["yes"],"fb_product_description":[""],"_wc_facebook_product_image_source":[""],"fb_product_image":[""],"fb_product_price":[""],"_wapf_price_label":[""],"_wapf_price_display":[""],"site-sidebar-layout":["default"],"ast-site-content-layout":["default"],"site-content-style":["default"],"site-sidebar-style":["default"],"theme-transparent-header-meta":["default"],"stick-header-meta":["default"],"_edit_lock":["1762266705:1"],"_edit_last":["1"],"_product_image_gallery":["1472,1471"],"_upsell_ids":["a:2:{i:0;i:676;i:1;i:677;}"],"_yoast_indexnow_last_ping":["1762266835"],"woocr_orderby":["none"],"woocr_order":["asc"],"_yoast_wpseo_focuskeywords":["[]"],"_yoast_wpseo_keywordsynonyms":["[\"\"]"],"woocr_ids":["a:2:{i:0;s:4:\"3901\";i:1;s:3:\"604\";}"],"_wceb_manage_stock":["yes"],"_wc_gla_visibility":["sync-and-show"],"_wc_gla_synced_at":["1774148412"],"_wc_gla_sync_status":["synced"],"_wc_gla_google_ids":["a:1:{s:2:\"DZ\";s:21:\"online:en:DZ:gla_1134\";}"],"_wceb_product_shared_availability":["a:0:{}"],"_price":["500"],"astra-migrate-meta-layouts":["set"],"_wc_gla_mc_status":["approved"],"_uag_page_assets":["a:9:{s:3:\"css\";s:0:\"\";s:2:\"js\";s:0:\"\";s:18:\"current_block_list\";a:7:{i:0;s:11:\"core\/search\";i:1;s:10:\"core\/group\";i:2;s:12:\"core\/heading\";i:3;s:17:\"core\/latest-posts\";i:4;s:20:\"core\/latest-comments\";i:5;s:13:\"core\/archives\";i:6;s:15:\"core\/categories\";}s:8:\"uag_flag\";b:0;s:11:\"uag_version\";s:10:\"1776301003\";s:6:\"gfonts\";a:0:{}s:10:\"gfonts_url\";s:0:\"\";s:12:\"gfonts_files\";a:0:{}s:14:\"uag_faq_layout\";b:0;}"]},"uagb_featured_image_src":{"full":["https:\/\/coral-beach-club.com\/wp-content\/uploads\/2024\/04\/LOUNGE-8-SLIKAA-1-scaled.jpg",1707,2560,false],"thumbnail":["https:\/\/coral-beach-club.com\/wp-content\/uploads\/2024\/04\/LOUNGE-8-SLIKAA-1-150x150.jpg",150,150,true],"medium":["https:\/\/coral-beach-club.com\/wp-content\/uploads\/2024\/04\/LOUNGE-8-SLIKAA-1-200x300.jpg",200,300,true],"medium_large":["https:\/\/coral-beach-club.com\/wp-content\/uploads\/2024\/04\/LOUNGE-8-SLIKAA-1-768x1152.jpg",768,1152,true],"large":["https:\/\/coral-beach-club.com\/wp-content\/uploads\/2024\/04\/LOUNGE-8-SLIKAA-1-683x1024.jpg",683,1024,true],"1536x1536":["https:\/\/coral-beach-club.com\/wp-content\/uploads\/2024\/04\/LOUNGE-8-SLIKAA-1-1024x1536.jpg",1024,1536,true],"2048x2048":["https:\/\/coral-beach-club.com\/wp-content\/uploads\/2024\/04\/LOUNGE-8-SLIKAA-1-1365x2048.jpg",1365,2048,true],"trp-custom-language-flag":["https:\/\/coral-beach-club.com\/wp-content\/uploads\/2024\/04\/LOUNGE-8-SLIKAA-1-scaled.jpg",8,12,false],"gform-image-choice-sm":["https:\/\/coral-beach-club.com\/wp-content\/uploads\/2024\/04\/LOUNGE-8-SLIKAA-1-scaled.jpg",200,300,false],"gform-image-choice-md":["https:\/\/coral-beach-club.com\/wp-content\/uploads\/2024\/04\/LOUNGE-8-SLIKAA-1-scaled.jpg",267,400,false],"gform-image-choice-lg":["https:\/\/coral-beach-club.com\/wp-content\/uploads\/2024\/04\/LOUNGE-8-SLIKAA-1-scaled.jpg",400,600,false],"menu-24x24":["https:\/\/coral-beach-club.com\/wp-content\/uploads\/2024\/04\/LOUNGE-8-SLIKAA-1-scaled.jpg",16,24,false],"menu-36x36":["https:\/\/coral-beach-club.com\/wp-content\/uploads\/2024\/04\/LOUNGE-8-SLIKAA-1-scaled.jpg",24,36,false],"menu-48x48":["https:\/\/coral-beach-club.com\/wp-content\/uploads\/2024\/04\/LOUNGE-8-SLIKAA-1-scaled.jpg",32,48,false],"woocommerce_thumbnail":["https:\/\/coral-beach-club.com\/wp-content\/uploads\/2024\/04\/LOUNGE-8-SLIKAA-1-300x300.jpg",300,300,true],"woocommerce_single":["https:\/\/coral-beach-club.com\/wp-content\/uploads\/2024\/04\/LOUNGE-8-SLIKAA-1-600x900.jpg",600,900,true],"woocommerce_gallery_thumbnail":["https:\/\/coral-beach-club.com\/wp-content\/uploads\/2024\/04\/LOUNGE-8-SLIKAA-1-100x100.jpg",100,100,true]},"uagb_author_info":{"display_name":"admin","author_link":"https:\/\/coral-beach-club.com\/de\/author\/"},"uagb_comment_info":0,"uagb_excerpt":"Relax and enjoy the laid-back vibe at Coral Beach, surrounded by lush greenery and swaying palm trees\u2014a tranquil spot with a stunning view. Our beach provides the perfect environment for basking in the sun and relaxing, with our seaside restaurant situated mere steps away, guaranteeing a delightful and seamless experience throughout your stay. The Green&hellip;","_links":{"self":[{"href":"https:\/\/coral-beach-club.com\/de\/wp-json\/wp\/v2\/product\/1133","targetHints":{"allow":["GET"]}}],"collection":[{"href":"https:\/\/coral-beach-club.com\/de\/wp-json\/wp\/v2\/product"}],"about":[{"href":"https:\/\/coral-beach-club.com\/de\/wp-json\/wp\/v2\/types\/product"}],"wp:featuredmedia":[{"embeddable":true,"href":"https:\/\/coral-beach-club.com\/de\/wp-json\/wp\/v2\/media\/1471"}],"wp:attachment":[{"href":"https:\/\/coral-beach-club.com\/de\/wp-json\/wp\/v2\/media?parent=1133"}],"wp:term":[{"taxonomy":"product_brand","embeddable":true,"href":"https:\/\/coral-beach-club.com\/de\/wp-json\/wp\/v2\/product_brand?post=1133"},{"taxonomy":"product_cat","embeddable":true,"href":"https:\/\/coral-beach-club.com\/de\/wp-json\/wp\/v2\/product_cat?post=1133"},{"taxonomy":"product_tag","embeddable":true,"href":"https:\/\/coral-beach-club.com\/de\/wp-json\/wp\/v2\/product_tag?post=1133"}],"curies":[{"name":"wp","href":"https:\/\/api.w.org\/{rel}","templated":true}]}}